{"id":110445,"date":"2025-12-08T20:42:34","date_gmt":"2025-12-08T17:42:34","guid":{"rendered":"https:\/\/baldumarket.lt\/?post_type=product&#038;p=110445"},"modified":"2026-04-12T17:52:19","modified_gmt":"2026-04-12T14:52:19","slug":"cosy-b-1404-fameg","status":"publish","type":"product","link":"https:\/\/baldumarket.lt\/lt\/product\/cosy-b-1404-fameg\/","title":{"rendered":"Jaukus B-1404 Fameg"},"content":{"rendered":"<p><strong>Produkto apra\u0161ymas<\/strong><\/p>\n<p>Jei ie\u0161kote unikalios, modernios k\u0117d\u0117s su porankiais, turime Jums puik\u0173 pasi\u016blym\u0105 \u2013 \u201eCosy B-1404\u201c. Baldas sukurtas naudojant auk\u0161\u010diausios kokyb\u0117s \u017ealiavas, o tai garantuoja ilgalaik\u012f ir nekintam\u0105 jo naudojim\u0105. K\u0117d\u0117 \u017eavi savo profiliuotos faneros atlo\u0161u, kurio dvipusis prailginimas puikiai palaiko pe\u010dius. Komplekto r\u0117mas pagamintas i\u0161 labai patvarios buko medienos. Baldai pagaminti pagal i\u0161skirtinio interjero architekto ir funkcini\u0173 bald\u0173 dizainerio Andrzejaus L\u0119ckosios dizain\u0105. K\u0117d\u0117 si\u016bloma su \u012fvairiais apmu\u0161al\u0173 audiniais ir nat\u016bralia oda. \u012e gaminio \u201eWizard\u201c rinkin\u012f \u012feina med\u017eio spalv\u0173 trafaretai ir audini\u0173 trafaretai. K\u0117d\u0117 taip pat yra \u0105\u017euolo versijos.<\/p>","protected":false},"excerpt":{"rendered":"<p><strong>Produkto parametrai<\/strong><\/p>\n<p>Plotis: 55 cm<br \/>\nGylis: 58 cm<br \/>\nAuk\u0161tis: 83 cm<br \/>\nS\u0117dyn\u0117s auk\u0161tis: 49 cm<br \/>\nBald\u0173 spalva: pasirinkti gaminio vedlyje<br \/>\nKoja: tvirta buko mediena<br \/>\nStilius: Modernus<br \/>\nMed\u017eiaga: med\u017eio masyvas \/ fanera \/ audinys arba nat\u016brali oda<br \/>\nPorankiai: Taip<br \/>\nGarantija: 2 metai<\/p>","protected":false},"featured_media":104419,"comment_status":"open","ping_status":"closed","template":"","meta":[],"product_brand":[],"product_cat":[1930,2256,2451],"product_tag":[],"class_list":{"0":"post-110445","1":"product","2":"type-product","3":"status-publish","4":"has-post-thumbnail","6":"product_cat-chairs","7":"product_cat-fameg","8":"product_cat-fameg-chairs","10":"first","11":"instock","12":"shipping-taxable","13":"product-type-grouped"},"_links":{"self":[{"href":"https:\/\/baldumarket.lt\/lt\/wp-json\/wp\/v2\/product\/110445","targetHints":{"allow":["GET"]}}],"collection":[{"href":"https:\/\/baldumarket.lt\/lt\/wp-json\/wp\/v2\/product"}],"about":[{"href":"https:\/\/baldumarket.lt\/lt\/wp-json\/wp\/v2\/types\/product"}],"replies":[{"embeddable":true,"href":"https:\/\/baldumarket.lt\/lt\/wp-json\/wp\/v2\/comments?post=110445"}],"wp:featuredmedia":[{"embeddable":true,"href":"https:\/\/baldumarket.lt\/lt\/wp-json\/wp\/v2\/media\/104419"}],"wp:attachment":[{"href":"https:\/\/baldumarket.lt\/lt\/wp-json\/wp\/v2\/media?parent=110445"}],"wp:term":[{"taxonomy":"product_brand","embeddable":true,"href":"https:\/\/baldumarket.lt\/lt\/wp-json\/wp\/v2\/product_brand?post=110445"},{"taxonomy":"product_cat","embeddable":true,"href":"https:\/\/baldumarket.lt\/lt\/wp-json\/wp\/v2\/product_cat?post=110445"},{"taxonomy":"product_tag","embeddable":true,"href":"https:\/\/baldumarket.lt\/lt\/wp-json\/wp\/v2\/product_tag?post=110445"}],"curies":[{"name":"wp","href":"https:\/\/api.w.org\/{rel}","templated":true}]}}