{"id":110441,"date":"2025-12-08T20:42:32","date_gmt":"2025-12-08T17:42:32","guid":{"rendered":"https:\/\/baldumarket.lt\/?post_type=product&#038;p=110441"},"modified":"2026-02-03T23:42:04","modified_gmt":"2026-02-03T20:42:04","slug":"cleo-bst-1602-fameg","status":"publish","type":"product","link":"https:\/\/baldumarket.lt\/lt\/product\/cleo-bst-1602-fameg\/","title":{"rendered":"Cleo BST-1602 Fameg"},"content":{"rendered":"<p><strong>Produkto apra\u0161ymas<\/strong><\/p>\n<p>Minimalistin\u0117 buko medienos k\u0117d\u0117 \u201eCleo BST-1602\u201c puikiai tinka bet kuriai moderniai virtuvei ar svetainei. Profiliuota, ergonomi\u0161ka s\u0117dyn\u0117 pagaminta i\u0161 deformacijai atsparios faneros. Baldus suk\u016br\u0117 Andrzej L\u0119ckos, i\u0161skirtinis interjero architektas ir funkcini\u0173 bald\u0173 dizaineris. \u201eHoker\u201c k\u0117d\u0117 si\u016bloma pla\u010diame mading\u0173 spalv\u0173 gamoje, kuri\u0173 ra\u0161tai perkelti \u012f gaminio \u201eWizard\u201c. Taburet\u0117 taip pat si\u016bloma apmu\u0161ta ir ant \u0105\u017euolin\u0117s lentynos.<\/p>","protected":false},"excerpt":{"rendered":"<p><strong>Produkto parametrai<\/strong><\/p>\n<p>Plotis: 47 cm<br \/>\nGylis: 48 cm<br \/>\nAuk\u0161tis: 86 cm<br \/>\nS\u0117dyn\u0117s auk\u0161tis: 76 cm<br \/>\nBald\u0173 spalva: pasirinkti gaminio vedlyje<br \/>\nKoja: tvirta buko mediena<br \/>\nStilius: Modernus<br \/>\nMed\u017eiaga: med\u017eio masyvas \/ fanera<br \/>\nPorankiai: Ne<br \/>\nGarantija: 2 metai<\/p>","protected":false},"featured_media":104284,"comment_status":"open","ping_status":"closed","template":"","meta":[],"product_brand":[],"product_cat":[1930,2256,9119],"product_tag":[],"class_list":{"0":"post-110441","1":"product","2":"type-product","3":"status-publish","4":"has-post-thumbnail","6":"product_cat-chairs","7":"product_cat-fameg","8":"product_cat-fameg-bar-chairs","10":"first","11":"instock","12":"shipping-taxable","13":"product-type-grouped"},"_links":{"self":[{"href":"https:\/\/baldumarket.lt\/lt\/wp-json\/wp\/v2\/product\/110441","targetHints":{"allow":["GET"]}}],"collection":[{"href":"https:\/\/baldumarket.lt\/lt\/wp-json\/wp\/v2\/product"}],"about":[{"href":"https:\/\/baldumarket.lt\/lt\/wp-json\/wp\/v2\/types\/product"}],"replies":[{"embeddable":true,"href":"https:\/\/baldumarket.lt\/lt\/wp-json\/wp\/v2\/comments?post=110441"}],"wp:featuredmedia":[{"embeddable":true,"href":"https:\/\/baldumarket.lt\/lt\/wp-json\/wp\/v2\/media\/104284"}],"wp:attachment":[{"href":"https:\/\/baldumarket.lt\/lt\/wp-json\/wp\/v2\/media?parent=110441"}],"wp:term":[{"taxonomy":"product_brand","embeddable":true,"href":"https:\/\/baldumarket.lt\/lt\/wp-json\/wp\/v2\/product_brand?post=110441"},{"taxonomy":"product_cat","embeddable":true,"href":"https:\/\/baldumarket.lt\/lt\/wp-json\/wp\/v2\/product_cat?post=110441"},{"taxonomy":"product_tag","embeddable":true,"href":"https:\/\/baldumarket.lt\/lt\/wp-json\/wp\/v2\/product_tag?post=110441"}],"curies":[{"name":"wp","href":"https:\/\/api.w.org\/{rel}","templated":true}]}}