{"id":110439,"date":"2025-12-08T20:42:31","date_gmt":"2025-12-08T17:42:31","guid":{"rendered":"https:\/\/baldumarket.lt\/?post_type=product&#038;p=110439"},"modified":"2026-02-03T23:42:04","modified_gmt":"2026-02-03T20:42:04","slug":"cleo-a-1604-fameg","status":"publish","type":"product","link":"https:\/\/baldumarket.lt\/lt\/product\/cleo-a-1604-fameg\/","title":{"rendered":"Cleo A-1604 Fameg"},"content":{"rendered":"<p><strong>Produkto apra\u0161ymas<\/strong><\/p>\n<p>Modernias buko k\u0117des \u201eCleo a-1604 Fameg\u201c suprojektavo \u017eymus architektas Andrzejus L\u0119ckosas, jos pagamintos i\u0161 auk\u0161tos kokyb\u0117s gamybos med\u017eiag\u0173, kurios garantuoja ilgalaik\u012f ir nekintam\u0105 naudojim\u0105. Baldai skirti nam\u0173 virtuv\u0117ms ir valgomiesiems, taip pat restoranams ir sve\u010di\u0173 namams. Apmu\u0161ta k\u0117d\u017ei\u0173 s\u0117dyn\u0117 ir atlo\u0161as pagaminti i\u0161 vientiso profiliuotos faneros lak\u0161to, o tai garantuoja j\u0173 unikalum\u0105 ir patikimum\u0105. Viskas stovi ant medini\u0173 buko kojeli\u0173. I\u0161skirtinis k\u0117d\u017ei\u0173 bruo\u017eas, be modernaus dizaino, yra dvi horizontalios apmu\u0161tos atlo\u0161o si\u016bl\u0117s. Produkte \u201eWizard\u201c panaudoti audini\u0173 ir odos ra\u0161tai bei med\u017eio spalv\u0173 ra\u0161tai. K\u0117d\u0117s taip pat yra buko versijos ir su lygia s\u0117dyne.<\/p>","protected":false},"excerpt":{"rendered":"<p><strong>Produkto parametrai<\/strong><\/p>\n<p>Plotis: 45 cm<br \/>\nGylis: 53 cm<br \/>\nAuk\u0161tis: 89 cm<br \/>\nS\u0117dyn\u0117s auk\u0161tis: 49 cm<br \/>\nBald\u0173 spalva: pasirinkti gaminio vedlyje<br \/>\nKoja: tvirta buko mediena<br \/>\nStilius: Modernus<br \/>\nMed\u017eiaga: med\u017eio masyvas \/ fanera \/ audinys arba nat\u016brali oda<br \/>\nPorankiai: Ne<br \/>\nGarantija: 2 metai<\/p>","protected":false},"featured_media":104218,"comment_status":"open","ping_status":"closed","template":"","meta":[],"product_brand":[],"product_cat":[1930,2256,2451],"product_tag":[],"class_list":{"0":"post-110439","1":"product","2":"type-product","3":"status-publish","4":"has-post-thumbnail","6":"product_cat-chairs","7":"product_cat-fameg","8":"product_cat-fameg-chairs","10":"first","11":"instock","12":"shipping-taxable","13":"product-type-grouped"},"_links":{"self":[{"href":"https:\/\/baldumarket.lt\/lt\/wp-json\/wp\/v2\/product\/110439","targetHints":{"allow":["GET"]}}],"collection":[{"href":"https:\/\/baldumarket.lt\/lt\/wp-json\/wp\/v2\/product"}],"about":[{"href":"https:\/\/baldumarket.lt\/lt\/wp-json\/wp\/v2\/types\/product"}],"replies":[{"embeddable":true,"href":"https:\/\/baldumarket.lt\/lt\/wp-json\/wp\/v2\/comments?post=110439"}],"wp:featuredmedia":[{"embeddable":true,"href":"https:\/\/baldumarket.lt\/lt\/wp-json\/wp\/v2\/media\/104218"}],"wp:attachment":[{"href":"https:\/\/baldumarket.lt\/lt\/wp-json\/wp\/v2\/media?parent=110439"}],"wp:term":[{"taxonomy":"product_brand","embeddable":true,"href":"https:\/\/baldumarket.lt\/lt\/wp-json\/wp\/v2\/product_brand?post=110439"},{"taxonomy":"product_cat","embeddable":true,"href":"https:\/\/baldumarket.lt\/lt\/wp-json\/wp\/v2\/product_cat?post=110439"},{"taxonomy":"product_tag","embeddable":true,"href":"https:\/\/baldumarket.lt\/lt\/wp-json\/wp\/v2\/product_tag?post=110439"}],"curies":[{"name":"wp","href":"https:\/\/api.w.org\/{rel}","templated":true}]}}