{"id":110437,"date":"2025-12-08T20:42:31","date_gmt":"2025-12-08T17:42:31","guid":{"rendered":"https:\/\/baldumarket.lt\/?post_type=product&#038;p=110437"},"modified":"2026-02-03T23:42:05","modified_gmt":"2026-02-03T20:42:05","slug":"cleo-a-1602-fameg","status":"publish","type":"product","link":"https:\/\/baldumarket.lt\/lt\/product\/cleo-a-1602-fameg\/","title":{"rendered":"Cleo A-1602 Fameg"},"content":{"rendered":"<p><strong>Produkto apra\u0161ymas<\/strong><\/p>\n<p>Unikali, minimalistin\u0117 \u201eCleo a-1602\u201c lygios konstrukcijos k\u0117d\u0117 priklauso modernistini\u0173 bald\u0173 \u0161eimai, kuri puikiai tinka tiek nam\u0173 virtuv\u0117ms, valgomiesiems, tiek vie\u0161osioms erdv\u0117ms. Baldo s\u0117dyn\u0117 ir atlo\u0161as pagaminti i\u0161 vientiso profiliuotos, lenktos faneros lak\u0161to, tod\u0117l jis itin patvarus ir nepakei\u010dia formos. Viskas stovi ant medini\u0173, buko medienos kojeli\u0173. K\u0117d\u0117 gaminama i\u0161 \u012fvairi\u0173 spalv\u0173. Spalv\u0173 trafaretai \u012fd\u0117ti \u012f gaminio vedl\u012f. Baldai taip pat galimi \u0105\u017euolo versijos ir su apmu\u0161ta s\u0117dyne.<\/p>","protected":false},"excerpt":{"rendered":"<p><strong>Produkto parametrai<\/strong><\/p>\n<p>Plotis: 44 cm<br \/>\nGylis: 53 cm<br \/>\nAuk\u0161tis: 88 cm<br \/>\nS\u0117dyn\u0117s auk\u0161tis: 46 cm<br \/>\nBald\u0173 spalva: pasirinkti gaminio vedlyje<br \/>\nKoja: tvirta buko mediena<br \/>\nStilius: Modernus<br \/>\nMed\u017eiaga: med\u017eio masyvas \/ fanera<br \/>\nPorankiai: Ne<br \/>\nGarantija: 2 metai<\/p>","protected":false},"featured_media":104152,"comment_status":"open","ping_status":"closed","template":"","meta":[],"product_brand":[],"product_cat":[1930,2256,2451],"product_tag":[],"class_list":{"0":"post-110437","1":"product","2":"type-product","3":"status-publish","4":"has-post-thumbnail","6":"product_cat-chairs","7":"product_cat-fameg","8":"product_cat-fameg-chairs","10":"first","11":"instock","12":"shipping-taxable","13":"product-type-grouped"},"_links":{"self":[{"href":"https:\/\/baldumarket.lt\/lt\/wp-json\/wp\/v2\/product\/110437","targetHints":{"allow":["GET"]}}],"collection":[{"href":"https:\/\/baldumarket.lt\/lt\/wp-json\/wp\/v2\/product"}],"about":[{"href":"https:\/\/baldumarket.lt\/lt\/wp-json\/wp\/v2\/types\/product"}],"replies":[{"embeddable":true,"href":"https:\/\/baldumarket.lt\/lt\/wp-json\/wp\/v2\/comments?post=110437"}],"wp:featuredmedia":[{"embeddable":true,"href":"https:\/\/baldumarket.lt\/lt\/wp-json\/wp\/v2\/media\/104152"}],"wp:attachment":[{"href":"https:\/\/baldumarket.lt\/lt\/wp-json\/wp\/v2\/media?parent=110437"}],"wp:term":[{"taxonomy":"product_brand","embeddable":true,"href":"https:\/\/baldumarket.lt\/lt\/wp-json\/wp\/v2\/product_brand?post=110437"},{"taxonomy":"product_cat","embeddable":true,"href":"https:\/\/baldumarket.lt\/lt\/wp-json\/wp\/v2\/product_cat?post=110437"},{"taxonomy":"product_tag","embeddable":true,"href":"https:\/\/baldumarket.lt\/lt\/wp-json\/wp\/v2\/product_tag?post=110437"}],"curies":[{"name":"wp","href":"https:\/\/api.w.org\/{rel}","templated":true}]}}