{"id":110436,"date":"2025-12-08T20:42:31","date_gmt":"2025-12-08T17:42:31","guid":{"rendered":"https:\/\/baldumarket.lt\/?post_type=product&#038;p=110436"},"modified":"2026-02-03T23:42:05","modified_gmt":"2026-02-03T20:42:05","slug":"cleo-a-1601-fameg","status":"publish","type":"product","link":"https:\/\/baldumarket.lt\/lt\/product\/cleo-a-1601-fameg\/","title":{"rendered":"Cleo A-1601 Fameg"},"content":{"rendered":"<p><strong>Produkto apra\u0161ymas<\/strong><\/p>\n<p>Modernistin\u0117 k\u0117d\u0117 \u201eCleo A-1601\u201c, kuri\u0105 suk\u016br\u0117 \u017eymus architektas Andrzejus L\u0119ckas, pagaminta i\u0161 auk\u0161tos kokyb\u0117s gamybos med\u017eiag\u0173, kurios garantuoja ilgalaik\u012f ir nuolatin\u012f naudojim\u0105. Baldai skirti nam\u0173 virtuv\u0117ms, valgomiesiems, taip pat restoranams ar sve\u010di\u0173 namams. S\u0117dyn\u0117s ir atlo\u0161o pagrindas \u2013 labai patvari profiliuota fanera, aptraukta padu. Visas baldas stovi ant medini\u0173, eleganti\u0161k\u0173 kojeli\u0173. Baldas turi apmu\u0161t\u0105 s\u0117dyn\u0119, kurios apmu\u0161alus galima pasirinkti i\u0161 audini\u0173 ir nat\u016bralios odos, \u012ftraukt\u0173 \u012f gaminio \u201eWizard\u201c rinkin\u012f.<\/p>","protected":false},"excerpt":{"rendered":"<p><strong>Produkto parametrai<\/strong><\/p>\n<p>Plotis: 44 cm<br \/>\nGylis: 53 cm<br \/>\nAuk\u0161tis: 88 cm<br \/>\nS\u0117dyn\u0117s auk\u0161tis: 48 cm<br \/>\nBald\u0173 spalva: pasirinkti gaminio vedlyje<br \/>\nKoja: tvirta buko mediena<br \/>\nStilius: Modernus<br \/>\nMed\u017eiaga: med\u017eio masyvas \/ fanera \/ audinys arba nat\u016brali oda<br \/>\nPorankiai: Ne<br \/>\nGarantija: 2 metai<\/p>","protected":false},"featured_media":104120,"comment_status":"open","ping_status":"closed","template":"","meta":[],"product_brand":[],"product_cat":[1930,2256,2451],"product_tag":[],"class_list":{"0":"post-110436","1":"product","2":"type-product","3":"status-publish","4":"has-post-thumbnail","6":"product_cat-chairs","7":"product_cat-fameg","8":"product_cat-fameg-chairs","10":"first","11":"instock","12":"shipping-taxable","13":"product-type-grouped"},"_links":{"self":[{"href":"https:\/\/baldumarket.lt\/lt\/wp-json\/wp\/v2\/product\/110436","targetHints":{"allow":["GET"]}}],"collection":[{"href":"https:\/\/baldumarket.lt\/lt\/wp-json\/wp\/v2\/product"}],"about":[{"href":"https:\/\/baldumarket.lt\/lt\/wp-json\/wp\/v2\/types\/product"}],"replies":[{"embeddable":true,"href":"https:\/\/baldumarket.lt\/lt\/wp-json\/wp\/v2\/comments?post=110436"}],"wp:featuredmedia":[{"embeddable":true,"href":"https:\/\/baldumarket.lt\/lt\/wp-json\/wp\/v2\/media\/104120"}],"wp:attachment":[{"href":"https:\/\/baldumarket.lt\/lt\/wp-json\/wp\/v2\/media?parent=110436"}],"wp:term":[{"taxonomy":"product_brand","embeddable":true,"href":"https:\/\/baldumarket.lt\/lt\/wp-json\/wp\/v2\/product_brand?post=110436"},{"taxonomy":"product_cat","embeddable":true,"href":"https:\/\/baldumarket.lt\/lt\/wp-json\/wp\/v2\/product_cat?post=110436"},{"taxonomy":"product_tag","embeddable":true,"href":"https:\/\/baldumarket.lt\/lt\/wp-json\/wp\/v2\/product_tag?post=110436"}],"curies":[{"name":"wp","href":"https:\/\/api.w.org\/{rel}","templated":true}]}}