{"id":110435,"date":"2025-12-08T20:42:30","date_gmt":"2025-12-08T17:42:30","guid":{"rendered":"https:\/\/baldumarket.lt\/?post_type=product&#038;p=110435"},"modified":"2026-04-12T15:27:01","modified_gmt":"2026-04-12T12:27:01","slug":"chili-a-1302-fameg","status":"publish","type":"product","link":"https:\/\/baldumarket.lt\/lt\/product\/chili-a-1302-fameg\/","title":{"rendered":"\u010cili A-1302 Fameg"},"content":{"rendered":"<p><strong>Produkto apra\u0161ymas<\/strong><\/p>\n<p>Paprasta, minimalistin\u0117 k\u0117d\u0117 \u201eChili A-1302\u201c puikiai tinka tiek moderniai virtuvei, tiek valgomajam, tiek kavin\u0117ms, restoranams ir barams. Baldas turi medin\u012f, profiliuot\u0105 atlo\u0161\u0105, pagamint\u0105 i\u0161 patvarios faneros. Komplekto r\u0117mas pagamintas i\u0161 buko medienos, tod\u0117l jis labai patvarus ir ilgaam\u017eis. K\u0117d\u0117 pagaminta i\u0161 plataus mading\u0173 audini\u0173 ir nat\u016bralios odos asortimento, taip pat sodrios spalv\u0173 palet\u0117s. Spalv\u0173 trafaretai ir apdailos med\u017eiag\u0173 trafaretai buvo \u012fd\u0117ti \u012f gaminio vedl\u012f.<\/p>","protected":false},"excerpt":{"rendered":"<p><strong>Produkto parametrai<\/strong><\/p>\n<p>Plotis: 47 cm<br \/>\nGylis: 54 cm<br \/>\nAuk\u0161tis: 86 cm<br \/>\nS\u0117dyn\u0117s auk\u0161tis: 48 cm<br \/>\nBald\u0173 spalva: pasirinkti gaminio vedlyje<br \/>\nKoja: tvirta buko mediena<br \/>\nStilius: Modernus<br \/>\nMed\u017eiaga: med\u017eio masyvas \/ audinys arba oda<br \/>\nPorankiai: Ne<br \/>\nGarantija: 2 metai<\/p>","protected":false},"featured_media":104087,"comment_status":"open","ping_status":"closed","template":"","meta":[],"product_brand":[],"product_cat":[1930,2256,2451],"product_tag":[],"class_list":{"0":"post-110435","1":"product","2":"type-product","3":"status-publish","4":"has-post-thumbnail","6":"product_cat-chairs","7":"product_cat-fameg","8":"product_cat-fameg-chairs","10":"first","11":"instock","12":"shipping-taxable","13":"product-type-grouped"},"_links":{"self":[{"href":"https:\/\/baldumarket.lt\/lt\/wp-json\/wp\/v2\/product\/110435","targetHints":{"allow":["GET"]}}],"collection":[{"href":"https:\/\/baldumarket.lt\/lt\/wp-json\/wp\/v2\/product"}],"about":[{"href":"https:\/\/baldumarket.lt\/lt\/wp-json\/wp\/v2\/types\/product"}],"replies":[{"embeddable":true,"href":"https:\/\/baldumarket.lt\/lt\/wp-json\/wp\/v2\/comments?post=110435"}],"wp:featuredmedia":[{"embeddable":true,"href":"https:\/\/baldumarket.lt\/lt\/wp-json\/wp\/v2\/media\/104087"}],"wp:attachment":[{"href":"https:\/\/baldumarket.lt\/lt\/wp-json\/wp\/v2\/media?parent=110435"}],"wp:term":[{"taxonomy":"product_brand","embeddable":true,"href":"https:\/\/baldumarket.lt\/lt\/wp-json\/wp\/v2\/product_brand?post=110435"},{"taxonomy":"product_cat","embeddable":true,"href":"https:\/\/baldumarket.lt\/lt\/wp-json\/wp\/v2\/product_cat?post=110435"},{"taxonomy":"product_tag","embeddable":true,"href":"https:\/\/baldumarket.lt\/lt\/wp-json\/wp\/v2\/product_tag?post=110435"}],"curies":[{"name":"wp","href":"https:\/\/api.w.org\/{rel}","templated":true}]}}