{"id":110430,"date":"2025-12-08T20:42:29","date_gmt":"2025-12-08T17:42:29","guid":{"rendered":"https:\/\/baldumarket.lt\/?post_type=product&#038;p=110430"},"modified":"2026-02-03T23:42:06","modified_gmt":"2026-02-03T20:42:06","slug":"bst-9739-80-fameg","status":"publish","type":"product","link":"https:\/\/baldumarket.lt\/lt\/product\/bst-9739-80-fameg\/","title":{"rendered":"BST-9739\/80 Fameg"},"content":{"rendered":"<p><strong>Produkto apra\u0161ymas<\/strong><\/p>\n<p>Auk\u0161to buko \u201eHocker\u201c BST-9739\/80 puikiai papildo beveik bet kok\u012f klasikinio stiliaus interjer\u0105. Pagaminti i\u0161 auk\u0161tos kokyb\u0117s med\u017eiag\u0173, baldai yra ne tik patraukl\u016bs, bet ir labai patvar\u016bs. Apvali, mink\u0161ta s\u0117dyn\u0117 pabr\u0117\u017eia universal\u0173 komplekto charakter\u012f. Baldai si\u016blomi \u012fvairi\u0173 mading\u0173 spalv\u0173, kuri\u0173 ra\u0161tai kartu su odos ir audinio ra\u0161tais yra patalpinti gaminio vedlyje.<\/p>","protected":false},"excerpt":{"rendered":"<p><strong>Produkto parametrai<\/strong><\/p>\n<p>Plotis: 37 cm<br \/>\nGylis: 37 cm<br \/>\nAuk\u0161tis: 83 cm<br \/>\nS\u0117dyn\u0117s auk\u0161tis: 83 cm<br \/>\nBald\u0173 spalva: pasirinkti gaminio vedlyje<br \/>\nKoja: tvirta buko mediena<br \/>\nStilius: Klasikinis<br \/>\nMed\u017eiaga: med\u017eio masyvas \/ audinys arba oda<br \/>\nPorankiai: Ne<br \/>\nGarantija: 2 metai<\/p>","protected":false},"featured_media":103931,"comment_status":"open","ping_status":"closed","template":"","meta":[],"product_brand":[],"product_cat":[1930,2256,9119],"product_tag":[],"class_list":{"0":"post-110430","1":"product","2":"type-product","3":"status-publish","4":"has-post-thumbnail","6":"product_cat-chairs","7":"product_cat-fameg","8":"product_cat-fameg-bar-chairs","10":"first","11":"instock","12":"shipping-taxable","13":"product-type-grouped"},"_links":{"self":[{"href":"https:\/\/baldumarket.lt\/lt\/wp-json\/wp\/v2\/product\/110430","targetHints":{"allow":["GET"]}}],"collection":[{"href":"https:\/\/baldumarket.lt\/lt\/wp-json\/wp\/v2\/product"}],"about":[{"href":"https:\/\/baldumarket.lt\/lt\/wp-json\/wp\/v2\/types\/product"}],"replies":[{"embeddable":true,"href":"https:\/\/baldumarket.lt\/lt\/wp-json\/wp\/v2\/comments?post=110430"}],"wp:featuredmedia":[{"embeddable":true,"href":"https:\/\/baldumarket.lt\/lt\/wp-json\/wp\/v2\/media\/103931"}],"wp:attachment":[{"href":"https:\/\/baldumarket.lt\/lt\/wp-json\/wp\/v2\/media?parent=110430"}],"wp:term":[{"taxonomy":"product_brand","embeddable":true,"href":"https:\/\/baldumarket.lt\/lt\/wp-json\/wp\/v2\/product_brand?post=110430"},{"taxonomy":"product_cat","embeddable":true,"href":"https:\/\/baldumarket.lt\/lt\/wp-json\/wp\/v2\/product_cat?post=110430"},{"taxonomy":"product_tag","embeddable":true,"href":"https:\/\/baldumarket.lt\/lt\/wp-json\/wp\/v2\/product_tag?post=110430"}],"curies":[{"name":"wp","href":"https:\/\/api.w.org\/{rel}","templated":true}]}}