{"id":110428,"date":"2025-12-08T20:42:28","date_gmt":"2025-12-08T17:42:28","guid":{"rendered":"https:\/\/baldumarket.lt\/?post_type=product&#038;p=110428"},"modified":"2026-02-03T23:42:06","modified_gmt":"2026-02-03T20:42:06","slug":"bst-8810-2-fameg","status":"publish","type":"product","link":"https:\/\/baldumarket.lt\/lt\/product\/bst-8810-2-fameg\/","title":{"rendered":"BST-8810\/2 Fameg"},"content":{"rendered":"<p>\u201eFameg\u201c BST-8810\/2 sofas \u2013 tai medinis baldas, i\u0161siskiriantis gra\u017eiu klasikiniu dizainu. \u0160is baldas neabejotinai atnaujins interjer\u0105 ir suteiks jam blizgesio. Sofas yra ne tik fantasti\u0161kos, originalios i\u0161vaizdos, bet ir funkcionalus bei patogus. Baldas pagamintas i\u0161 auk\u0161\u010diausios kokyb\u0117s buko medienos, kuri pasi\u017eymi patvarumu ir stabilumu. BST-8810\/2 sof\u0105 galima da\u017eyti \u012fvairiais b\u016bdais \u2013 nuo subtili\u0173 nat\u016brali\u0173 spalv\u0173 iki intensyvi\u0173 emalio atspalvi\u0173. Baldas taip pat gali b\u016bti su apmu\u0161ta s\u0117dyne, tod\u0117l patogumas naudojimo metu bus daug didesnis.<\/p>\n<p>&nbsp;<\/p>","protected":false},"excerpt":{"rendered":"<p><strong>I\u0161sami produkto informacija:<\/strong><\/p>\n<p>plotis: 46 cm<br \/>\nauk\u0161tis: 106 cm<br \/>\ngylis: 51,5 cm<br \/>\nKoj\u0173 auk\u0161tis: 78 cm<br \/>\nNuotrauka yra tik iliustracin\u0117. Kaina nurodyta u\u017e baldus su bazine komplektacija.<\/p>","protected":false},"featured_media":103867,"comment_status":"open","ping_status":"closed","template":"","meta":[],"product_brand":[],"product_cat":[1930,2256,9119],"product_tag":[],"class_list":{"0":"post-110428","1":"product","2":"type-product","3":"status-publish","4":"has-post-thumbnail","6":"product_cat-chairs","7":"product_cat-fameg","8":"product_cat-fameg-bar-chairs","10":"first","11":"instock","12":"shipping-taxable","13":"product-type-grouped"},"_links":{"self":[{"href":"https:\/\/baldumarket.lt\/lt\/wp-json\/wp\/v2\/product\/110428","targetHints":{"allow":["GET"]}}],"collection":[{"href":"https:\/\/baldumarket.lt\/lt\/wp-json\/wp\/v2\/product"}],"about":[{"href":"https:\/\/baldumarket.lt\/lt\/wp-json\/wp\/v2\/types\/product"}],"replies":[{"embeddable":true,"href":"https:\/\/baldumarket.lt\/lt\/wp-json\/wp\/v2\/comments?post=110428"}],"wp:featuredmedia":[{"embeddable":true,"href":"https:\/\/baldumarket.lt\/lt\/wp-json\/wp\/v2\/media\/103867"}],"wp:attachment":[{"href":"https:\/\/baldumarket.lt\/lt\/wp-json\/wp\/v2\/media?parent=110428"}],"wp:term":[{"taxonomy":"product_brand","embeddable":true,"href":"https:\/\/baldumarket.lt\/lt\/wp-json\/wp\/v2\/product_brand?post=110428"},{"taxonomy":"product_cat","embeddable":true,"href":"https:\/\/baldumarket.lt\/lt\/wp-json\/wp\/v2\/product_cat?post=110428"},{"taxonomy":"product_tag","embeddable":true,"href":"https:\/\/baldumarket.lt\/lt\/wp-json\/wp\/v2\/product_tag?post=110428"}],"curies":[{"name":"wp","href":"https:\/\/api.w.org\/{rel}","templated":true}]}}