{"id":110426,"date":"2025-12-08T20:42:06","date_gmt":"2025-12-08T17:42:06","guid":{"rendered":"https:\/\/baldumarket.lt\/?post_type=product&#038;p=110426"},"modified":"2026-02-03T23:42:06","modified_gmt":"2026-02-03T20:42:06","slug":"bst-811-2-fameg","status":"publish","type":"product","link":"https:\/\/baldumarket.lt\/lt\/product\/bst-811-2-fameg\/","title":{"rendered":"BST-811\/2 Fameg"},"content":{"rendered":"<p><strong>Produkto apra\u0161ymas<\/strong><\/p>\n<p>\u201eHigh Hocker BST-811\/2\u201c buvo sukurtas naudojant rankomis profiliuotus buko strypus, kurie, veikiami vandens gar\u0173 ir auk\u0161tos temperat\u016bros, yra formuojami rankiniu b\u016bdu. Baldai tiesiogiai spinduliuoja presti\u017ein\u0119 elegancij\u0105. Erdvi s\u0117dyn\u0117 pagaminta i\u0161 patvarios kietmed\u017eio faneros, o ergonomi\u0161kas atlo\u0161as u\u017epildytas rotango palmi\u0173 pyn\u0117mis. Hokeriai yra ne tik nepaprastai gra\u017e\u016bs, bet ir itin patvar\u016bs. Apatin\u0117je komplekto dalyje esantis kojas stabilizuojantis lankas, kuris taip pat tarnauja kaip pakoja, u\u017ebaigia visum\u0105. Baldai gaminami i\u0161 pla\u010dios mading\u0173 spalv\u0173 gamos, kuri\u0173 ra\u0161tai patalpinti gaminio vedlyje.<\/p>","protected":false},"excerpt":{"rendered":"<p><strong>Produkto parametrai<\/strong><\/p>\n<p>Plotis: 46 cm<br \/>\nGylis: 55 cm<br \/>\n\u016agis: 109 cm<br \/>\nS\u0117dyn\u0117s auk\u0161tis: 75 cm<br \/>\nBald\u0173 spalva: pasirinkti gaminio vedlyje<br \/>\nKoja: tvirta buko mediena<br \/>\nStilius: Klasikinis<br \/>\nMed\u017eiaga: med\u017eio masyvas \/ rotangas \/ fanera<br \/>\nPorankiai: Ne<br \/>\nGarantija: 2 metai<\/p>","protected":false},"featured_media":103803,"comment_status":"open","ping_status":"closed","template":"","meta":[],"product_brand":[],"product_cat":[1930,2256,9119],"product_tag":[],"class_list":{"0":"post-110426","1":"product","2":"type-product","3":"status-publish","4":"has-post-thumbnail","6":"product_cat-chairs","7":"product_cat-fameg","8":"product_cat-fameg-bar-chairs","10":"first","11":"instock","12":"shipping-taxable","13":"product-type-grouped"},"_links":{"self":[{"href":"https:\/\/baldumarket.lt\/lt\/wp-json\/wp\/v2\/product\/110426","targetHints":{"allow":["GET"]}}],"collection":[{"href":"https:\/\/baldumarket.lt\/lt\/wp-json\/wp\/v2\/product"}],"about":[{"href":"https:\/\/baldumarket.lt\/lt\/wp-json\/wp\/v2\/types\/product"}],"replies":[{"embeddable":true,"href":"https:\/\/baldumarket.lt\/lt\/wp-json\/wp\/v2\/comments?post=110426"}],"wp:featuredmedia":[{"embeddable":true,"href":"https:\/\/baldumarket.lt\/lt\/wp-json\/wp\/v2\/media\/103803"}],"wp:attachment":[{"href":"https:\/\/baldumarket.lt\/lt\/wp-json\/wp\/v2\/media?parent=110426"}],"wp:term":[{"taxonomy":"product_brand","embeddable":true,"href":"https:\/\/baldumarket.lt\/lt\/wp-json\/wp\/v2\/product_brand?post=110426"},{"taxonomy":"product_cat","embeddable":true,"href":"https:\/\/baldumarket.lt\/lt\/wp-json\/wp\/v2\/product_cat?post=110426"},{"taxonomy":"product_tag","embeddable":true,"href":"https:\/\/baldumarket.lt\/lt\/wp-json\/wp\/v2\/product_tag?post=110426"}],"curies":[{"name":"wp","href":"https:\/\/api.w.org\/{rel}","templated":true}]}}