{"id":110424,"date":"2025-12-08T20:42:05","date_gmt":"2025-12-08T17:42:05","guid":{"rendered":"https:\/\/baldumarket.lt\/?post_type=product&#038;p=110424"},"modified":"2026-02-03T23:42:07","modified_gmt":"2026-02-03T20:42:07","slug":"bst-811-fameg","status":"publish","type":"product","link":"https:\/\/baldumarket.lt\/lt\/product\/bst-811-fameg\/","title":{"rendered":"BST-811 Fameg"},"content":{"rendered":"<p><strong>Produkto apra\u0161ymas<\/strong><\/p>\n<p>\u201eHigh Hocker BST-811\u201c su mink\u0161ta, apmu\u0161ta s\u0117dyne ir atlo\u0161u taps tikra bet kurio kambario, kuriame jis stov\u0117s, puo\u0161mena, suteikdama jam unikal\u0173, presti\u017ein\u012f charakter\u012f. Atlo\u0161o i\u0161orin\u0117 pus\u0117, kaip ir baldo vidus, buvo apdailinta dekoratyviniu audiniu. Restorano k\u0117d\u0117 buvo sukurta naudojant rankomis profiliuotus buko strypus, kurie, veikiami gar\u0173 ir auk\u0161tos temperat\u016bros, yra formuojami rankiniu b\u016bdu. Hokeriai yra ne tik itin gra\u017e\u016bs ir patog\u016bs, bet ir labai patvar\u016bs. Apatin\u0117je komplekto dalyje yra koj\u0173 jungtys, kurios, be dekoratyvin\u0117s funkcijos, sutvirtina konstrukcij\u0105 ir suteikia patogi\u0105 atram\u0105 p\u0117doms. Baldai gaminami i\u0161 plataus mading\u0173 spalv\u0173 spektro, kuri\u0173 ra\u0161tai kartu su audini\u0173 ir nat\u016brali\u0173 od\u0173 ra\u0161tais buvo patalpinti gaminyje \u201eWizard\u201c.<\/p>","protected":false},"excerpt":{"rendered":"<p><strong>Produkto parametrai<\/strong><\/p>\n<p>Plotis: 46 cm<br \/>\nGylis: 55 cm<br \/>\n\u016agis: 109 cm<br \/>\nS\u0117dyn\u0117s auk\u0161tis: 78 cm<br \/>\nBald\u0173 spalva: pasirinkti gaminio vedlyje<br \/>\nKoja: tvirta buko mediena<br \/>\nStilius: Modernus<br \/>\nMed\u017eiaga: med\u017eio masyvas \/ audinys arba oda<br \/>\nPorankiai: Ne<br \/>\nGarantija: 2 metai<\/p>","protected":false},"featured_media":103733,"comment_status":"open","ping_status":"closed","template":"","meta":[],"product_brand":[],"product_cat":[2256,9119],"product_tag":[],"class_list":{"0":"post-110424","1":"product","2":"type-product","3":"status-publish","4":"has-post-thumbnail","6":"product_cat-fameg","7":"product_cat-fameg-bar-chairs","9":"first","10":"instock","11":"shipping-taxable","12":"product-type-grouped"},"_links":{"self":[{"href":"https:\/\/baldumarket.lt\/lt\/wp-json\/wp\/v2\/product\/110424","targetHints":{"allow":["GET"]}}],"collection":[{"href":"https:\/\/baldumarket.lt\/lt\/wp-json\/wp\/v2\/product"}],"about":[{"href":"https:\/\/baldumarket.lt\/lt\/wp-json\/wp\/v2\/types\/product"}],"replies":[{"embeddable":true,"href":"https:\/\/baldumarket.lt\/lt\/wp-json\/wp\/v2\/comments?post=110424"}],"wp:featuredmedia":[{"embeddable":true,"href":"https:\/\/baldumarket.lt\/lt\/wp-json\/wp\/v2\/media\/103733"}],"wp:attachment":[{"href":"https:\/\/baldumarket.lt\/lt\/wp-json\/wp\/v2\/media?parent=110424"}],"wp:term":[{"taxonomy":"product_brand","embeddable":true,"href":"https:\/\/baldumarket.lt\/lt\/wp-json\/wp\/v2\/product_brand?post=110424"},{"taxonomy":"product_cat","embeddable":true,"href":"https:\/\/baldumarket.lt\/lt\/wp-json\/wp\/v2\/product_cat?post=110424"},{"taxonomy":"product_tag","embeddable":true,"href":"https:\/\/baldumarket.lt\/lt\/wp-json\/wp\/v2\/product_tag?post=110424"}],"curies":[{"name":"wp","href":"https:\/\/api.w.org\/{rel}","templated":true}]}}