{"id":110423,"date":"2025-12-08T20:42:05","date_gmt":"2025-12-08T17:42:05","guid":{"rendered":"https:\/\/baldumarket.lt\/?post_type=product&#038;p=110423"},"modified":"2026-02-03T23:42:07","modified_gmt":"2026-02-03T20:42:07","slug":"bst-788-fan-fameg","status":"publish","type":"product","link":"https:\/\/baldumarket.lt\/lt\/product\/bst-788-fan-fameg\/","title":{"rendered":"BST-788 FAN Fameg"},"content":{"rendered":"<p><strong>Produkto apra\u0161ymas<\/strong><\/p>\n<p>\u201eHocker BST-788 FAN\u201c su mink\u0161ta, apmu\u0161ta s\u0117dyne taps tikra bet kurio kambario, kuriame jis bus, puo\u0161mena, suteikdama jam unikal\u0173, klasikin\u012f charakter\u012f. Erdvaus atlo\u0161o vidus dekoruotas v\u0117duokl\u0117s formos u\u017epildu, kuris dera prie komplekto stiliaus. Restorano k\u0117d\u0117 sukurta naudojant rankomis profiliuotus buko strypus, kurie, veikiami gar\u0173 ir auk\u0161tos temperat\u016bros, yra formuojami rankiniu b\u016bdu. \u201eHocker\u201c k\u0117d\u0117s yra ne tik itin gra\u017eios ir patogios, bet ir itin patvarios. Apatin\u0117je komplekto dalyje yra dvi poros koj\u0173 jung\u010di\u0173, kurios, be dekoratyvin\u0117s funkcijos, sutvirtina konstrukcij\u0105. Visum\u0105 papildo patogi pakoja. Baldai gaminami i\u0161 plataus mading\u0173 spalv\u0173 spektro, kuri\u0173 ra\u0161tai kartu su audini\u0173 ir nat\u016brali\u0173 od\u0173 ra\u0161tais buvo patalpinti gaminyje \u201eWizard\u201c.<\/p>","protected":false},"excerpt":{"rendered":"<p><strong>Produkto parametrai<\/strong><\/p>\n<p>Plotis: 46 cm<br \/>\nGylis: 49 cm<br \/>\n\u016agis: 106 cm<br \/>\nS\u0117dyn\u0117s auk\u0161tis: 78 cm<br \/>\nBald\u0173 spalva: pasirinkti gaminio vedlyje<br \/>\nKoja: tvirta buko mediena<br \/>\nStilius: Klasikinis<br \/>\nMed\u017eiaga: med\u017eio masyvas \/ audinys arba oda<br \/>\nPorankiai: Ne<br \/>\nGarantija: 2 metai<\/p>","protected":false},"featured_media":103700,"comment_status":"open","ping_status":"closed","template":"","meta":[],"product_brand":[],"product_cat":[1930,2256,9119],"product_tag":[],"class_list":{"0":"post-110423","1":"product","2":"type-product","3":"status-publish","4":"has-post-thumbnail","6":"product_cat-chairs","7":"product_cat-fameg","8":"product_cat-fameg-bar-chairs","10":"first","11":"instock","12":"shipping-taxable","13":"product-type-grouped"},"_links":{"self":[{"href":"https:\/\/baldumarket.lt\/lt\/wp-json\/wp\/v2\/product\/110423","targetHints":{"allow":["GET"]}}],"collection":[{"href":"https:\/\/baldumarket.lt\/lt\/wp-json\/wp\/v2\/product"}],"about":[{"href":"https:\/\/baldumarket.lt\/lt\/wp-json\/wp\/v2\/types\/product"}],"replies":[{"embeddable":true,"href":"https:\/\/baldumarket.lt\/lt\/wp-json\/wp\/v2\/comments?post=110423"}],"wp:featuredmedia":[{"embeddable":true,"href":"https:\/\/baldumarket.lt\/lt\/wp-json\/wp\/v2\/media\/103700"}],"wp:attachment":[{"href":"https:\/\/baldumarket.lt\/lt\/wp-json\/wp\/v2\/media?parent=110423"}],"wp:term":[{"taxonomy":"product_brand","embeddable":true,"href":"https:\/\/baldumarket.lt\/lt\/wp-json\/wp\/v2\/product_brand?post=110423"},{"taxonomy":"product_cat","embeddable":true,"href":"https:\/\/baldumarket.lt\/lt\/wp-json\/wp\/v2\/product_cat?post=110423"},{"taxonomy":"product_tag","embeddable":true,"href":"https:\/\/baldumarket.lt\/lt\/wp-json\/wp\/v2\/product_tag?post=110423"}],"curies":[{"name":"wp","href":"https:\/\/api.w.org\/{rel}","templated":true}]}}