{"id":110422,"date":"2025-12-08T20:42:04","date_gmt":"2025-12-08T17:42:04","guid":{"rendered":"https:\/\/baldumarket.lt\/?post_type=product&#038;p=110422"},"modified":"2026-02-03T23:42:07","modified_gmt":"2026-02-03T20:42:07","slug":"bst-5910-fameg","status":"publish","type":"product","link":"https:\/\/baldumarket.lt\/lt\/product\/bst-5910-fameg\/","title":{"rendered":"BST-5910 Fameg"},"content":{"rendered":"<p><strong>Produkto apra\u0161ymas<\/strong><\/p>\n<p>BST-5910 \u2013 tai puikus, auk\u0161tas \u201clazdel\u0117s formos\u201d hokeris, primenantis 1970-\u0173j\u0173 stili\u0173, sukurtas naudojant rankomis profiliuotus buko strypus, kurie, veikiami gar\u0173 ir auk\u0161tos temperat\u016bros, yra formuojami rankomis. Baldas tiesiogiai primena \u201eWindsor\u201c k\u0117des ir spinduliuoja presti\u017ein\u0119 elegancij\u0105. Hokeris yra ne tik nepaprastai gra\u017eus, bet ir itin patvarus bei funkcionalus. B\u016bdingas, laiptuotas stalvir\u0161is suteikia patogi\u0105 atram\u0105 nugarai, o apmu\u0161ta s\u0117dyn\u0117 u\u017etikrina tinkam\u0105 naudotojo komfort\u0105. Baldas gaminamas i\u0161 plataus mading\u0173 spalv\u0173 pasirinkimo, kuri\u0173 ra\u0161tai pateikiami gaminio vedlyje.<\/p>","protected":false},"excerpt":{"rendered":"<p><strong>Produkto parametrai<\/strong><\/p>\n<p>Plotis: 41 cm<br \/>\nGylis: 43 cm<br \/>\n\u016agis: 104 cm<br \/>\nS\u0117dyn\u0117s auk\u0161tis: 78 cm<br \/>\nBald\u0173 spalva: pasirinkti gaminio vedlyje<br \/>\nKoja: tvirta buko mediena<br \/>\nStilius: Klasikinis<br \/>\nMed\u017eiaga: med\u017eio masyvas \/ audinys arba oda<br \/>\nPorankiai: Ne<br \/>\nGarantija: 2 metai<\/p>","protected":false},"featured_media":103668,"comment_status":"open","ping_status":"closed","template":"","meta":[],"product_brand":[],"product_cat":[2256,9119],"product_tag":[],"class_list":{"0":"post-110422","1":"product","2":"type-product","3":"status-publish","4":"has-post-thumbnail","6":"product_cat-fameg","7":"product_cat-fameg-bar-chairs","9":"first","10":"instock","11":"shipping-taxable","12":"product-type-grouped"},"_links":{"self":[{"href":"https:\/\/baldumarket.lt\/lt\/wp-json\/wp\/v2\/product\/110422","targetHints":{"allow":["GET"]}}],"collection":[{"href":"https:\/\/baldumarket.lt\/lt\/wp-json\/wp\/v2\/product"}],"about":[{"href":"https:\/\/baldumarket.lt\/lt\/wp-json\/wp\/v2\/types\/product"}],"replies":[{"embeddable":true,"href":"https:\/\/baldumarket.lt\/lt\/wp-json\/wp\/v2\/comments?post=110422"}],"wp:featuredmedia":[{"embeddable":true,"href":"https:\/\/baldumarket.lt\/lt\/wp-json\/wp\/v2\/media\/103668"}],"wp:attachment":[{"href":"https:\/\/baldumarket.lt\/lt\/wp-json\/wp\/v2\/media?parent=110422"}],"wp:term":[{"taxonomy":"product_brand","embeddable":true,"href":"https:\/\/baldumarket.lt\/lt\/wp-json\/wp\/v2\/product_brand?post=110422"},{"taxonomy":"product_cat","embeddable":true,"href":"https:\/\/baldumarket.lt\/lt\/wp-json\/wp\/v2\/product_cat?post=110422"},{"taxonomy":"product_tag","embeddable":true,"href":"https:\/\/baldumarket.lt\/lt\/wp-json\/wp\/v2\/product_tag?post=110422"}],"curies":[{"name":"wp","href":"https:\/\/api.w.org\/{rel}","templated":true}]}}