{"id":110421,"date":"2025-12-08T20:42:04","date_gmt":"2025-12-08T17:42:04","guid":{"rendered":"https:\/\/baldumarket.lt\/?post_type=product&#038;p=110421"},"modified":"2026-02-03T23:42:07","modified_gmt":"2026-02-03T20:42:07","slug":"bst-302-75-fameg","status":"publish","type":"product","link":"https:\/\/baldumarket.lt\/lt\/product\/bst-302-75-fameg\/","title":{"rendered":"BST-302\/75 Fameg"},"content":{"rendered":"<p><strong>Produkto apra\u0161ymas<\/strong><\/p>\n<p>Minimalistin\u0117s formos buko spalvos \u201eHocker BST-302\/75\u201c puikiai dera prie bet kokio interjero. Pagaminti i\u0161 auk\u0161tos kokyb\u0117s med\u017eiag\u0173, baldai yra ne tik patraukl\u016bs, bet ir labai patvar\u016bs. Apvali faneros s\u0117dyn\u0117 pabr\u0117\u017eia universal\u0173 komplekto charakter\u012f. D\u0117l dviej\u0173 horizontali\u0173 gegni\u0173, sumontuot\u0173 dviejuose auk\u0161\u010diuose, kojas galima patogiai pastatyti net ir \u017eemesnio \u016bgio \u017emon\u0117ms. Baldai si\u016blomi \u012fvairi\u0173 mading\u0173 spalv\u0173, kuri\u0173 trafaretai patalpinti gaminio vedlyje.<\/p>","protected":false},"excerpt":{"rendered":"<p><strong>Produkto parametrai<\/strong><\/p>\n<p>Plotis: 45 cm<br \/>\nGylis: 45 cm<br \/>\nAuk\u0161tis: 75 cm<br \/>\nS\u0117dyn\u0117s auk\u0161tis: 75 cm<br \/>\nBald\u0173 spalva: pasirinkti gaminio vedlyje<br \/>\nKoja: tvirta buko mediena<br \/>\nStilius: Klasikinis<br \/>\nMed\u017eiaga: med\u017eio masyvas \/ fanera<br \/>\nPorankiai: Ne<br \/>\nGarantija: 2 metai<\/p>","protected":false},"featured_media":103635,"comment_status":"open","ping_status":"closed","template":"","meta":[],"product_brand":[],"product_cat":[1930,2256,9119],"product_tag":[],"class_list":{"0":"post-110421","1":"product","2":"type-product","3":"status-publish","4":"has-post-thumbnail","6":"product_cat-chairs","7":"product_cat-fameg","8":"product_cat-fameg-bar-chairs","10":"first","11":"instock","12":"shipping-taxable","13":"product-type-grouped"},"_links":{"self":[{"href":"https:\/\/baldumarket.lt\/lt\/wp-json\/wp\/v2\/product\/110421","targetHints":{"allow":["GET"]}}],"collection":[{"href":"https:\/\/baldumarket.lt\/lt\/wp-json\/wp\/v2\/product"}],"about":[{"href":"https:\/\/baldumarket.lt\/lt\/wp-json\/wp\/v2\/types\/product"}],"replies":[{"embeddable":true,"href":"https:\/\/baldumarket.lt\/lt\/wp-json\/wp\/v2\/comments?post=110421"}],"wp:featuredmedia":[{"embeddable":true,"href":"https:\/\/baldumarket.lt\/lt\/wp-json\/wp\/v2\/media\/103635"}],"wp:attachment":[{"href":"https:\/\/baldumarket.lt\/lt\/wp-json\/wp\/v2\/media?parent=110421"}],"wp:term":[{"taxonomy":"product_brand","embeddable":true,"href":"https:\/\/baldumarket.lt\/lt\/wp-json\/wp\/v2\/product_brand?post=110421"},{"taxonomy":"product_cat","embeddable":true,"href":"https:\/\/baldumarket.lt\/lt\/wp-json\/wp\/v2\/product_cat?post=110421"},{"taxonomy":"product_tag","embeddable":true,"href":"https:\/\/baldumarket.lt\/lt\/wp-json\/wp\/v2\/product_tag?post=110421"}],"curies":[{"name":"wp","href":"https:\/\/api.w.org\/{rel}","templated":true}]}}