{"id":110420,"date":"2025-12-08T20:42:04","date_gmt":"2025-12-08T17:42:04","guid":{"rendered":"https:\/\/baldumarket.lt\/?post_type=product&#038;p=110420"},"modified":"2026-02-03T23:42:07","modified_gmt":"2026-02-03T20:42:07","slug":"bst-225-fameg","status":"publish","type":"product","link":"https:\/\/baldumarket.lt\/lt\/product\/bst-225-fameg\/","title":{"rendered":"BST-225 Fameg"},"content":{"rendered":"<p><strong>Produkto apra\u0161ymas<\/strong><\/p>\n<p>\u201eHigh Hocker BST-225\u201c buvo sukurtas naudojant rankiniu b\u016bdu profiliuotus buko strypus, kurie, veikiami gar\u0173 ir auk\u0161tos temperat\u016bros, yra formuojami rankiniu b\u016bdu. Baldai tiesiogiai spinduliuoja presti\u017ein\u0119 elegancij\u0105. Hokeriai yra ne tik itin gra\u017e\u016bs ir patog\u016bs, bet ir itin patvar\u016bs. Apatin\u0117je komplekto dalyje yra apvalus apvadas, kuris atlieka dvigub\u0105 vaidmen\u012f: stabilizuoja vis\u0105 konstrukcij\u0105 ir suteikia puiki\u0105 atram\u0105 naudotojo p\u0117doms. Baldai gaminami i\u0161 pla\u010dios mading\u0173 spalv\u0173 gamos, kuri\u0173 ra\u0161tai patalpinti gaminio vedlyje.<\/p>","protected":false},"excerpt":{"rendered":"<p><strong>Produkto parametrai<\/strong><\/p>\n<p>Plotis: 43 cm<br \/>\nGylis: 49 cm<br \/>\n\u016agis: 107 cm<br \/>\nS\u0117dyn\u0117s auk\u0161tis: 75 cm<br \/>\nBald\u0173 spalva: pasirinkti gaminio vedlyje<br \/>\nKoja: tvirta buko mediena<br \/>\nStilius: Klasikinis<br \/>\nMed\u017eiaga: med\u017eio masyvas \/ fanera<br \/>\nPorankiai: Ne<br \/>\nGarantija: 2 metai<\/p>","protected":false},"featured_media":103603,"comment_status":"open","ping_status":"closed","template":"","meta":[],"product_brand":[],"product_cat":[1930,2256,9119],"product_tag":[],"class_list":{"0":"post-110420","1":"product","2":"type-product","3":"status-publish","4":"has-post-thumbnail","6":"product_cat-chairs","7":"product_cat-fameg","8":"product_cat-fameg-bar-chairs","10":"first","11":"instock","12":"shipping-taxable","13":"product-type-grouped"},"_links":{"self":[{"href":"https:\/\/baldumarket.lt\/lt\/wp-json\/wp\/v2\/product\/110420","targetHints":{"allow":["GET"]}}],"collection":[{"href":"https:\/\/baldumarket.lt\/lt\/wp-json\/wp\/v2\/product"}],"about":[{"href":"https:\/\/baldumarket.lt\/lt\/wp-json\/wp\/v2\/types\/product"}],"replies":[{"embeddable":true,"href":"https:\/\/baldumarket.lt\/lt\/wp-json\/wp\/v2\/comments?post=110420"}],"wp:featuredmedia":[{"embeddable":true,"href":"https:\/\/baldumarket.lt\/lt\/wp-json\/wp\/v2\/media\/103603"}],"wp:attachment":[{"href":"https:\/\/baldumarket.lt\/lt\/wp-json\/wp\/v2\/media?parent=110420"}],"wp:term":[{"taxonomy":"product_brand","embeddable":true,"href":"https:\/\/baldumarket.lt\/lt\/wp-json\/wp\/v2\/product_brand?post=110420"},{"taxonomy":"product_cat","embeddable":true,"href":"https:\/\/baldumarket.lt\/lt\/wp-json\/wp\/v2\/product_cat?post=110420"},{"taxonomy":"product_tag","embeddable":true,"href":"https:\/\/baldumarket.lt\/lt\/wp-json\/wp\/v2\/product_tag?post=110420"}],"curies":[{"name":"wp","href":"https:\/\/api.w.org\/{rel}","templated":true}]}}