{"id":110418,"date":"2025-12-08T20:42:03","date_gmt":"2025-12-08T17:42:03","guid":{"rendered":"https:\/\/baldumarket.lt\/?post_type=product&#038;p=110418"},"modified":"2026-02-03T23:42:07","modified_gmt":"2026-02-03T20:42:07","slug":"bst-165-fameg","status":"publish","type":"product","link":"https:\/\/baldumarket.lt\/lt\/product\/bst-165-fameg\/","title":{"rendered":"BST-165 Fameg"},"content":{"rendered":"<p><strong>Produkto apra\u0161ymas<\/strong><\/p>\n<p>Presti\u017ein\u0117 BST 165 ledo ritulio lazda taps tikra bet kurio kambario, kuriame ji stov\u0117s, puo\u0161mena, pabr\u0117\u0161ianti unikal\u0173, klasikin\u012f jos charakter\u012f. Restorano k\u0117d\u0117 buvo sukurta naudojant rankomis profiliuotus buko strypus, kurie, veikiami gar\u0173 ir auk\u0161tos temperat\u016bros, yra formuojami rankomis. Baldai yra ne tik itin gra\u017e\u016bs ir patog\u016bs, bet ir labai patvar\u016bs bei ilgaam\u017eiai. Apatin\u0117je komplekto dalyje yra apvalus apvadas, kuris atlieka dvigub\u0105 vaidmen\u012f: stabilizuoja vis\u0105 konstrukcij\u0105 ir suteikia puiki\u0105 atram\u0105 naudotojo p\u0117doms. Baldai gaminami i\u0161 pla\u010dios mading\u0173 spalv\u0173 gamos, kuri\u0173 ra\u0161tai dedami \u012f gaminio vedl\u012f.<\/p>","protected":false},"excerpt":{"rendered":"<p><strong>Produkto parametrai<\/strong><\/p>\n<p>Plotis: 55 cm<br \/>\nGylis: 51 cm<br \/>\n\u016agis: 106 cm<br \/>\nS\u0117dyn\u0117s auk\u0161tis: 75 cm<br \/>\nBald\u0173 spalva: pasirinkti gaminio vedlyje<br \/>\nKoja: tvirta buko mediena<br \/>\nStilius: Klasikinis<br \/>\nMed\u017eiaga: med\u017eio masyvas \/ fanera<br \/>\nPorankiai: Taip<br \/>\nGarantija: 2 metai<\/p>","protected":false},"featured_media":103535,"comment_status":"open","ping_status":"closed","template":"","meta":[],"product_brand":[],"product_cat":[1930,2256,9119],"product_tag":[],"class_list":{"0":"post-110418","1":"product","2":"type-product","3":"status-publish","4":"has-post-thumbnail","6":"product_cat-chairs","7":"product_cat-fameg","8":"product_cat-fameg-bar-chairs","10":"first","11":"instock","12":"shipping-taxable","13":"product-type-grouped"},"_links":{"self":[{"href":"https:\/\/baldumarket.lt\/lt\/wp-json\/wp\/v2\/product\/110418","targetHints":{"allow":["GET"]}}],"collection":[{"href":"https:\/\/baldumarket.lt\/lt\/wp-json\/wp\/v2\/product"}],"about":[{"href":"https:\/\/baldumarket.lt\/lt\/wp-json\/wp\/v2\/types\/product"}],"replies":[{"embeddable":true,"href":"https:\/\/baldumarket.lt\/lt\/wp-json\/wp\/v2\/comments?post=110418"}],"wp:featuredmedia":[{"embeddable":true,"href":"https:\/\/baldumarket.lt\/lt\/wp-json\/wp\/v2\/media\/103535"}],"wp:attachment":[{"href":"https:\/\/baldumarket.lt\/lt\/wp-json\/wp\/v2\/media?parent=110418"}],"wp:term":[{"taxonomy":"product_brand","embeddable":true,"href":"https:\/\/baldumarket.lt\/lt\/wp-json\/wp\/v2\/product_brand?post=110418"},{"taxonomy":"product_cat","embeddable":true,"href":"https:\/\/baldumarket.lt\/lt\/wp-json\/wp\/v2\/product_cat?post=110418"},{"taxonomy":"product_tag","embeddable":true,"href":"https:\/\/baldumarket.lt\/lt\/wp-json\/wp\/v2\/product_tag?post=110418"}],"curies":[{"name":"wp","href":"https:\/\/api.w.org\/{rel}","templated":true}]}}