{"id":110416,"date":"2025-12-08T20:42:02","date_gmt":"2025-12-08T17:42:02","guid":{"rendered":"https:\/\/baldumarket.lt\/?post_type=product&#038;p=110416"},"modified":"2026-02-03T23:42:08","modified_gmt":"2026-02-03T20:42:08","slug":"bst-1260-fameg","status":"publish","type":"product","link":"https:\/\/baldumarket.lt\/lt\/product\/bst-1260-fameg\/","title":{"rendered":"BST-1260 Fameg"},"content":{"rendered":"<p><strong>Produkto apra\u0161ymas<\/strong><\/p>\n<p>Nuostabus, auk\u0161tas BST-1260 baldas buvo sukurtas naudojant rankomis profiliuotus buko strypus, kurie, veikiami gar\u0173 ir auk\u0161tos temperat\u016bros, yra formuojami rankiniu b\u016bdu. Baldai tiesiogiai spinduliuoja presti\u017ein\u0119 elegancij\u0105. Hokeriai yra ne tik itin gra\u017e\u016bs ir patog\u016bs, bet ir itin patvar\u016bs bei funkcional\u016bs. Profiliuota, medin\u0117 nugar\u0117l\u0117 suteikia patogi\u0105 atram\u0105 baldams, o apatin\u0117je komplekto dalyje yra koj\u0173 jungtys, stabilizuojan\u010dios vis\u0105 konstrukcij\u0105. Patogi pakoja u\u017ebaigia visum\u0105. Baldai gaminami i\u0161 pla\u010dios mading\u0173 spalv\u0173 gamos, kuri\u0173 ra\u0161tai patalpinti gaminio vedlyje.<\/p>","protected":false},"excerpt":{"rendered":"<p><strong>Produkto parametrai<\/strong><\/p>\n<p>Plotis: 46 cm<br \/>\nGylis: 50 cm<br \/>\n\u016agis: 106 cm<br \/>\nS\u0117dyn\u0117s auk\u0161tis: 75 cm<br \/>\nBald\u0173 spalva: pasirinkti gaminio vedlyje<br \/>\nKoja: tvirta buko mediena<br \/>\nStilius: Modernus<br \/>\nMed\u017eiaga: med\u017eio masyvas \/ fanera<br \/>\nPorankiai: Ne<br \/>\nGarantija: 2 metai<\/p>","protected":false},"featured_media":103471,"comment_status":"open","ping_status":"closed","template":"","meta":[],"product_brand":[],"product_cat":[1930,2256,9119],"product_tag":[],"class_list":{"0":"post-110416","1":"product","2":"type-product","3":"status-publish","4":"has-post-thumbnail","6":"product_cat-chairs","7":"product_cat-fameg","8":"product_cat-fameg-bar-chairs","10":"first","11":"instock","12":"shipping-taxable","13":"product-type-grouped"},"_links":{"self":[{"href":"https:\/\/baldumarket.lt\/lt\/wp-json\/wp\/v2\/product\/110416","targetHints":{"allow":["GET"]}}],"collection":[{"href":"https:\/\/baldumarket.lt\/lt\/wp-json\/wp\/v2\/product"}],"about":[{"href":"https:\/\/baldumarket.lt\/lt\/wp-json\/wp\/v2\/types\/product"}],"replies":[{"embeddable":true,"href":"https:\/\/baldumarket.lt\/lt\/wp-json\/wp\/v2\/comments?post=110416"}],"wp:featuredmedia":[{"embeddable":true,"href":"https:\/\/baldumarket.lt\/lt\/wp-json\/wp\/v2\/media\/103471"}],"wp:attachment":[{"href":"https:\/\/baldumarket.lt\/lt\/wp-json\/wp\/v2\/media?parent=110416"}],"wp:term":[{"taxonomy":"product_brand","embeddable":true,"href":"https:\/\/baldumarket.lt\/lt\/wp-json\/wp\/v2\/product_brand?post=110416"},{"taxonomy":"product_cat","embeddable":true,"href":"https:\/\/baldumarket.lt\/lt\/wp-json\/wp\/v2\/product_cat?post=110416"},{"taxonomy":"product_tag","embeddable":true,"href":"https:\/\/baldumarket.lt\/lt\/wp-json\/wp\/v2\/product_tag?post=110416"}],"curies":[{"name":"wp","href":"https:\/\/api.w.org\/{rel}","templated":true}]}}