{"id":110413,"date":"2025-12-08T20:42:01","date_gmt":"2025-12-08T17:42:01","guid":{"rendered":"https:\/\/baldumarket.lt\/?post_type=product&#038;p=110413"},"modified":"2026-02-03T23:42:08","modified_gmt":"2026-02-03T20:42:08","slug":"bistro-2-bst-9907-fameg","status":"publish","type":"product","link":"https:\/\/baldumarket.lt\/lt\/product\/bistro-2-bst-9907-fameg\/","title":{"rendered":"Bistro.2 BST-9907 Fameg"},"content":{"rendered":"<p><strong>Produkto apra\u0161ymas<\/strong><\/p>\n<p>\u201eHoker Bisto.2 BST-9907\/2\u201c \u2013 tai patogi, klasikinio stiliaus ir charakterio baro k\u0117d\u0117, kurios horizontalios medin\u0117s skersin\u0117s \u012fstatytos \u012f profiliuot\u0105 pagrind\u0105. Baldas pagamintas i\u0161 patvarios kietmed\u017eio faneros ir patvarios buko medienos. D\u0117l auk\u0161tos kokyb\u0117s gamybos med\u017eiag\u0173 jis daugel\u012f met\u0173 d\u017eiugins nepakitusia i\u0161vaizda. Baro k\u0117d\u0117 si\u016bloma \u012fvairi\u0173 mading\u0173 spalv\u0173, kuri\u0173 trafaretai \u012fd\u0117ti \u012f gaminio vedl\u012f.<\/p>","protected":false},"excerpt":{"rendered":"<p><strong>Produkto parametrai<\/strong><\/p>\n<p>Plotis: 46 cm<br \/>\nGylis: 54 cm<br \/>\nAuk\u0161tis: 110 cm<br \/>\nS\u0117dyn\u0117s auk\u0161tis: 76 cm<br \/>\nBald\u0173 spalva: pasirinkti gaminio vedlyje<br \/>\nKoja: tvirta buko mediena<br \/>\nStilius: Skandinavi\u0161kas<br \/>\nMed\u017eiaga: med\u017eio masyvas \/ fanera<br \/>\nPorankiai: Ne<br \/>\nGarantija: 2 metai<\/p>","protected":false},"featured_media":103370,"comment_status":"open","ping_status":"closed","template":"","meta":[],"product_brand":[],"product_cat":[1930,2256,9119],"product_tag":[],"class_list":{"0":"post-110413","1":"product","2":"type-product","3":"status-publish","4":"has-post-thumbnail","6":"product_cat-chairs","7":"product_cat-fameg","8":"product_cat-fameg-bar-chairs","10":"first","11":"instock","12":"shipping-taxable","13":"product-type-grouped"},"_links":{"self":[{"href":"https:\/\/baldumarket.lt\/lt\/wp-json\/wp\/v2\/product\/110413","targetHints":{"allow":["GET"]}}],"collection":[{"href":"https:\/\/baldumarket.lt\/lt\/wp-json\/wp\/v2\/product"}],"about":[{"href":"https:\/\/baldumarket.lt\/lt\/wp-json\/wp\/v2\/types\/product"}],"replies":[{"embeddable":true,"href":"https:\/\/baldumarket.lt\/lt\/wp-json\/wp\/v2\/comments?post=110413"}],"wp:featuredmedia":[{"embeddable":true,"href":"https:\/\/baldumarket.lt\/lt\/wp-json\/wp\/v2\/media\/103370"}],"wp:attachment":[{"href":"https:\/\/baldumarket.lt\/lt\/wp-json\/wp\/v2\/media?parent=110413"}],"wp:term":[{"taxonomy":"product_brand","embeddable":true,"href":"https:\/\/baldumarket.lt\/lt\/wp-json\/wp\/v2\/product_brand?post=110413"},{"taxonomy":"product_cat","embeddable":true,"href":"https:\/\/baldumarket.lt\/lt\/wp-json\/wp\/v2\/product_cat?post=110413"},{"taxonomy":"product_tag","embeddable":true,"href":"https:\/\/baldumarket.lt\/lt\/wp-json\/wp\/v2\/product_tag?post=110413"}],"curies":[{"name":"wp","href":"https:\/\/api.w.org\/{rel}","templated":true}]}}