{"id":110412,"date":"2025-12-08T20:42:01","date_gmt":"2025-12-08T17:42:01","guid":{"rendered":"https:\/\/baldumarket.lt\/?post_type=product&#038;p=110412"},"modified":"2026-02-03T23:42:08","modified_gmt":"2026-02-03T20:42:08","slug":"bistro-2-a-9907-fameg","status":"publish","type":"product","link":"https:\/\/baldumarket.lt\/lt\/product\/bistro-2-a-9907-fameg\/","title":{"rendered":"Bistro.2 A-9907 Fameg"},"content":{"rendered":"<p><strong>Produkto apra\u0161ymas<\/strong><\/p>\n<p>Buko bistro k\u0117d\u0117 \u201eBeech Bistro chair.2 A-9907\u201c turi horizontali\u0173 medini\u0173 lenteli\u0173 atlo\u0161\u0105, suteikiant\u012f klasikin\u012f modernaus dizaino element\u0105. Baldas sukurtas \u012frengti bet kokio tipo kambar\u012f. Jis puikiai tiks tiek nam\u0173 virtuv\u0117se, tiek svetain\u0117se, tiek klasikiniuose baruose ar moderniuose restoranuose. K\u0117d\u0117 pagaminta i\u0161 plataus mading\u0173 audini\u0173 ir nat\u016bralios odos asortimento, taip pat sodrios spalv\u0173 palet\u0117s. Spalv\u0173 trafaretai ir apdailos med\u017eiag\u0173 trafaretai \u012fd\u0117ti \u012f gaminio vedl\u012f.<\/p>","protected":false},"excerpt":{"rendered":"<p><strong>Produkto parametrai<\/strong><\/p>\n<p>Plotis: 45 cm<br \/>\nGylis: 52 cm<br \/>\nAuk\u0161tis: 86 cm<br \/>\nS\u0117dyn\u0117s auk\u0161tis: 48 cm<br \/>\nBald\u0173 spalva: pasirinkti gaminio vedlyje<br \/>\nKoja: tvirta buko mediena<br \/>\nStilius: Klasikinis<br \/>\nMed\u017eiaga: med\u017eio masyvas \/ audinys arba oda<br \/>\nPorankiai: Ne<br \/>\nGarantija: 2 metai<\/p>","protected":false},"featured_media":103337,"comment_status":"open","ping_status":"closed","template":"","meta":[],"product_brand":[],"product_cat":[1930,2256,2451],"product_tag":[],"class_list":{"0":"post-110412","1":"product","2":"type-product","3":"status-publish","4":"has-post-thumbnail","6":"product_cat-chairs","7":"product_cat-fameg","8":"product_cat-fameg-chairs","10":"first","11":"instock","12":"shipping-taxable","13":"product-type-grouped"},"_links":{"self":[{"href":"https:\/\/baldumarket.lt\/lt\/wp-json\/wp\/v2\/product\/110412","targetHints":{"allow":["GET"]}}],"collection":[{"href":"https:\/\/baldumarket.lt\/lt\/wp-json\/wp\/v2\/product"}],"about":[{"href":"https:\/\/baldumarket.lt\/lt\/wp-json\/wp\/v2\/types\/product"}],"replies":[{"embeddable":true,"href":"https:\/\/baldumarket.lt\/lt\/wp-json\/wp\/v2\/comments?post=110412"}],"wp:featuredmedia":[{"embeddable":true,"href":"https:\/\/baldumarket.lt\/lt\/wp-json\/wp\/v2\/media\/103337"}],"wp:attachment":[{"href":"https:\/\/baldumarket.lt\/lt\/wp-json\/wp\/v2\/media?parent=110412"}],"wp:term":[{"taxonomy":"product_brand","embeddable":true,"href":"https:\/\/baldumarket.lt\/lt\/wp-json\/wp\/v2\/product_brand?post=110412"},{"taxonomy":"product_cat","embeddable":true,"href":"https:\/\/baldumarket.lt\/lt\/wp-json\/wp\/v2\/product_cat?post=110412"},{"taxonomy":"product_tag","embeddable":true,"href":"https:\/\/baldumarket.lt\/lt\/wp-json\/wp\/v2\/product_tag?post=110412"}],"curies":[{"name":"wp","href":"https:\/\/api.w.org\/{rel}","templated":true}]}}