{"id":110410,"date":"2025-12-08T20:42:00","date_gmt":"2025-12-08T17:42:00","guid":{"rendered":"https:\/\/baldumarket.lt\/?post_type=product&#038;p=110410"},"modified":"2026-02-03T23:42:09","modified_gmt":"2026-02-03T20:42:09","slug":"bistro-1-a-9907-2-fameg","status":"publish","type":"product","link":"https:\/\/baldumarket.lt\/lt\/product\/bistro-1-a-9907-2-fameg\/","title":{"rendered":"Bistro.1 A-9907\/2 Fameg"},"content":{"rendered":"<p><strong>Produkto apra\u0161ymas<\/strong><\/p>\n<p>Klasikin\u0117 buko bistro k\u0117d\u0117. 1 A-9907\/2 su ry\u0161kiais Provanso ir Skandinavijos akcentais, beveik nepakitusi nuo 1895 m. Baldams b\u016bdingos plok\u0161\u010dios, medin\u0117s pagrindo juostel\u0117s, prie r\u0117mo pritvirtintos metalin\u0117mis detal\u0117mis. K\u0117d\u0117 pagaminta i\u0161 auk\u0161tos kokyb\u0117s gamybos med\u017eiag\u0173, kurios garantuoja ilgalaik\u012f ir nekintam\u0105 naudojim\u0105. D\u0117l savo universalumo ji puikiai papildys bet kok\u012f nam\u0173 interjer\u0105. Ji taip pat puikiai tiks jaukioje kavin\u0117je ar kaimi\u0161kame bare, pabr\u0117\u017edama vietos stili\u0173 ir charakter\u012f. K\u0117d\u0117 pagaminta i\u0161 plataus mading\u0173 audini\u0173 ir nat\u016brali\u0173 od\u0173 asortimento, taip pat sodrios spalv\u0173 palet\u0117s. Spalv\u0173 trafaretai ir apdailos med\u017eiag\u0173 trafaretai \u012fd\u0117ti \u012f gaminio vedl\u012f.<\/p>","protected":false},"excerpt":{"rendered":"<p><strong>Produkto parametrai<\/strong><\/p>\n<p>Plotis: 45 cm<br \/>\nGylis: 52 cm<br \/>\nAuk\u0161tis: 86 cm<br \/>\nS\u0117dyn\u0117s auk\u0161tis: 48 cm<br \/>\nBald\u0173 spalva: pasirinkti gaminio vedlyje<br \/>\nKoja: tvirta buko mediena<br \/>\nStilius: Skandinavi\u0161kas<br \/>\nMed\u017eiaga: med\u017eio masyvas \/ audinys arba oda<br \/>\nPorankiai: Ne<br \/>\nGarantija: 2 metai<\/p>","protected":false},"featured_media":103271,"comment_status":"open","ping_status":"closed","template":"","meta":[],"product_brand":[],"product_cat":[1930,2256,2451],"product_tag":[],"class_list":{"0":"post-110410","1":"product","2":"type-product","3":"status-publish","4":"has-post-thumbnail","6":"product_cat-chairs","7":"product_cat-fameg","8":"product_cat-fameg-chairs","10":"first","11":"instock","12":"shipping-taxable","13":"product-type-grouped"},"_links":{"self":[{"href":"https:\/\/baldumarket.lt\/lt\/wp-json\/wp\/v2\/product\/110410","targetHints":{"allow":["GET"]}}],"collection":[{"href":"https:\/\/baldumarket.lt\/lt\/wp-json\/wp\/v2\/product"}],"about":[{"href":"https:\/\/baldumarket.lt\/lt\/wp-json\/wp\/v2\/types\/product"}],"replies":[{"embeddable":true,"href":"https:\/\/baldumarket.lt\/lt\/wp-json\/wp\/v2\/comments?post=110410"}],"wp:featuredmedia":[{"embeddable":true,"href":"https:\/\/baldumarket.lt\/lt\/wp-json\/wp\/v2\/media\/103271"}],"wp:attachment":[{"href":"https:\/\/baldumarket.lt\/lt\/wp-json\/wp\/v2\/media?parent=110410"}],"wp:term":[{"taxonomy":"product_brand","embeddable":true,"href":"https:\/\/baldumarket.lt\/lt\/wp-json\/wp\/v2\/product_brand?post=110410"},{"taxonomy":"product_cat","embeddable":true,"href":"https:\/\/baldumarket.lt\/lt\/wp-json\/wp\/v2\/product_cat?post=110410"},{"taxonomy":"product_tag","embeddable":true,"href":"https:\/\/baldumarket.lt\/lt\/wp-json\/wp\/v2\/product_tag?post=110410"}],"curies":[{"name":"wp","href":"https:\/\/api.w.org\/{rel}","templated":true}]}}