{"id":110407,"date":"2025-12-08T20:41:39","date_gmt":"2025-12-08T17:41:39","guid":{"rendered":"https:\/\/baldumarket.lt\/?post_type=product&#038;p=110407"},"modified":"2026-04-13T00:38:47","modified_gmt":"2026-04-12T21:38:47","slug":"basic-stk-1913-2-fameg","status":"publish","type":"product","link":"https:\/\/baldumarket.lt\/lt\/product\/basic-stk-1913-2-fameg\/","title":{"rendered":"Bazinis STK-1913\/2 Fameg"},"content":{"rendered":"<p>Metalinis pagrindas + buko\/\u0105\u017euolo mediena_kavos spalva<br \/>\nDid\u017eiausias stalvir\u0161io dydis: 800 \u00d7 800<\/p>","protected":false},"excerpt":{"rendered":"<p>Metalinis pagrindas + buko\/\u0105\u017euolo mediena_kavos spalvos. Maksimalus stalvir\u0161io dydis: 800 \u00d7 800.<\/p>","protected":false},"featured_media":103183,"comment_status":"open","ping_status":"closed","template":"","meta":[],"product_brand":[],"product_cat":[1043,2256],"product_tag":[],"class_list":{"0":"post-110407","1":"product","2":"type-product","3":"status-publish","4":"has-post-thumbnail","6":"product_cat-extras","7":"product_cat-fameg","9":"first","10":"instock","11":"shipping-taxable","12":"product-type-grouped"},"_links":{"self":[{"href":"https:\/\/baldumarket.lt\/lt\/wp-json\/wp\/v2\/product\/110407","targetHints":{"allow":["GET"]}}],"collection":[{"href":"https:\/\/baldumarket.lt\/lt\/wp-json\/wp\/v2\/product"}],"about":[{"href":"https:\/\/baldumarket.lt\/lt\/wp-json\/wp\/v2\/types\/product"}],"replies":[{"embeddable":true,"href":"https:\/\/baldumarket.lt\/lt\/wp-json\/wp\/v2\/comments?post=110407"}],"wp:featuredmedia":[{"embeddable":true,"href":"https:\/\/baldumarket.lt\/lt\/wp-json\/wp\/v2\/media\/103183"}],"wp:attachment":[{"href":"https:\/\/baldumarket.lt\/lt\/wp-json\/wp\/v2\/media?parent=110407"}],"wp:term":[{"taxonomy":"product_brand","embeddable":true,"href":"https:\/\/baldumarket.lt\/lt\/wp-json\/wp\/v2\/product_brand?post=110407"},{"taxonomy":"product_cat","embeddable":true,"href":"https:\/\/baldumarket.lt\/lt\/wp-json\/wp\/v2\/product_cat?post=110407"},{"taxonomy":"product_tag","embeddable":true,"href":"https:\/\/baldumarket.lt\/lt\/wp-json\/wp\/v2\/product_tag?post=110407"}],"curies":[{"name":"wp","href":"https:\/\/api.w.org\/{rel}","templated":true}]}}