{"id":110404,"date":"2025-12-08T20:41:38","date_gmt":"2025-12-08T17:41:38","guid":{"rendered":"https:\/\/baldumarket.lt\/?post_type=product&#038;p=110404"},"modified":"2026-04-13T00:38:47","modified_gmt":"2026-04-12T21:38:47","slug":"basic-stk-1912-1-fameg","status":"publish","type":"product","link":"https:\/\/baldumarket.lt\/lt\/product\/basic-stk-1912-1-fameg\/","title":{"rendered":"Basic STK-1912\/1 Fameg"},"content":{"rendered":"<p>Metalinis kavos pagrindas<br \/>\nDid\u017eiausias stalvir\u0161io dydis: 800 mm<br \/>\nKry\u017eiaus pagrindas pagamintas i\u0161 plastiko<\/p>","protected":false},"excerpt":{"rendered":"<p>Metalinis pagrindas_kavos Did\u017eiausias stalo dydis: 800 mm Pagrindo kry\u017eius pagamintas i\u0161 plastiko<\/p>","protected":false},"featured_media":103091,"comment_status":"open","ping_status":"closed","template":"","meta":[],"product_brand":[],"product_cat":[1043,2256],"product_tag":[],"class_list":{"0":"post-110404","1":"product","2":"type-product","3":"status-publish","4":"has-post-thumbnail","6":"product_cat-extras","7":"product_cat-fameg","9":"first","10":"instock","11":"shipping-taxable","12":"product-type-grouped"},"_links":{"self":[{"href":"https:\/\/baldumarket.lt\/lt\/wp-json\/wp\/v2\/product\/110404","targetHints":{"allow":["GET"]}}],"collection":[{"href":"https:\/\/baldumarket.lt\/lt\/wp-json\/wp\/v2\/product"}],"about":[{"href":"https:\/\/baldumarket.lt\/lt\/wp-json\/wp\/v2\/types\/product"}],"replies":[{"embeddable":true,"href":"https:\/\/baldumarket.lt\/lt\/wp-json\/wp\/v2\/comments?post=110404"}],"wp:featuredmedia":[{"embeddable":true,"href":"https:\/\/baldumarket.lt\/lt\/wp-json\/wp\/v2\/media\/103091"}],"wp:attachment":[{"href":"https:\/\/baldumarket.lt\/lt\/wp-json\/wp\/v2\/media?parent=110404"}],"wp:term":[{"taxonomy":"product_brand","embeddable":true,"href":"https:\/\/baldumarket.lt\/lt\/wp-json\/wp\/v2\/product_brand?post=110404"},{"taxonomy":"product_cat","embeddable":true,"href":"https:\/\/baldumarket.lt\/lt\/wp-json\/wp\/v2\/product_cat?post=110404"},{"taxonomy":"product_tag","embeddable":true,"href":"https:\/\/baldumarket.lt\/lt\/wp-json\/wp\/v2\/product_tag?post=110404"}],"curies":[{"name":"wp","href":"https:\/\/api.w.org\/{rel}","templated":true}]}}