{"id":110383,"date":"2025-12-08T20:41:10","date_gmt":"2025-12-08T17:41:10","guid":{"rendered":"https:\/\/baldumarket.lt\/?post_type=product&#038;p=110383"},"modified":"2026-04-13T00:38:47","modified_gmt":"2026-04-12T21:38:47","slug":"basic-st-1911-2-fameg","status":"publish","type":"product","link":"https:\/\/baldumarket.lt\/lt\/product\/basic-st-1911-2-fameg\/","title":{"rendered":"Basic ST-1911\/2 Fameg"},"content":{"rendered":"<p>Metalinis pagrindas + buko \/ \u0105\u017euolo mediena<br \/>\nDid\u017eiausias stalvir\u0161io dydis: 800 mm<br \/>\nKry\u017eiaus pagrindas pagamintas i\u0161 plastiko<\/p>","protected":false},"excerpt":{"rendered":"<p>Metalinis pagrindas + buko \/ \u0105\u017euolo mediena. Did\u017eiausias stalvir\u0161io dydis: 800 mm. Kry\u017eminis pagrindas pagamintas i\u0161 plastiko.<\/p>","protected":false},"featured_media":102461,"comment_status":"open","ping_status":"closed","template":"","meta":[],"product_brand":[],"product_cat":[1043,2256],"product_tag":[],"class_list":{"0":"post-110383","1":"product","2":"type-product","3":"status-publish","4":"has-post-thumbnail","6":"product_cat-extras","7":"product_cat-fameg","9":"first","10":"instock","11":"shipping-taxable","12":"product-type-grouped"},"_links":{"self":[{"href":"https:\/\/baldumarket.lt\/lt\/wp-json\/wp\/v2\/product\/110383","targetHints":{"allow":["GET"]}}],"collection":[{"href":"https:\/\/baldumarket.lt\/lt\/wp-json\/wp\/v2\/product"}],"about":[{"href":"https:\/\/baldumarket.lt\/lt\/wp-json\/wp\/v2\/types\/product"}],"replies":[{"embeddable":true,"href":"https:\/\/baldumarket.lt\/lt\/wp-json\/wp\/v2\/comments?post=110383"}],"wp:featuredmedia":[{"embeddable":true,"href":"https:\/\/baldumarket.lt\/lt\/wp-json\/wp\/v2\/media\/102461"}],"wp:attachment":[{"href":"https:\/\/baldumarket.lt\/lt\/wp-json\/wp\/v2\/media?parent=110383"}],"wp:term":[{"taxonomy":"product_brand","embeddable":true,"href":"https:\/\/baldumarket.lt\/lt\/wp-json\/wp\/v2\/product_brand?post=110383"},{"taxonomy":"product_cat","embeddable":true,"href":"https:\/\/baldumarket.lt\/lt\/wp-json\/wp\/v2\/product_cat?post=110383"},{"taxonomy":"product_tag","embeddable":true,"href":"https:\/\/baldumarket.lt\/lt\/wp-json\/wp\/v2\/product_tag?post=110383"}],"curies":[{"name":"wp","href":"https:\/\/api.w.org\/{rel}","templated":true}]}}