{"id":110380,"date":"2025-12-08T20:41:09","date_gmt":"2025-12-08T17:41:09","guid":{"rendered":"https:\/\/baldumarket.lt\/?post_type=product&#038;p=110380"},"modified":"2026-02-03T23:42:13","modified_gmt":"2026-02-03T20:42:13","slug":"b-9-4-fameg","status":"publish","type":"product","link":"https:\/\/baldumarket.lt\/lt\/product\/b-9-4-fameg\/","title":{"rendered":"B-9\/4 Fameg"},"content":{"rendered":"<p><strong>Produkto apra\u0161ymas<\/strong><\/p>\n<p>I\u0161lenkta k\u0117d\u0117 su porankiais B-9\/4, faneros s\u0117dyne ir rotango atlo\u0161u buvo sukurta i\u0161 atrinktos buko medienos, kuri, termi\u0161kai apdorojant, \u012fgavo tinkamo naudoti baldo form\u0105. K\u0117d\u0117 ne tik labai patogi ir efektyvi, bet ir d\u0117l taikomosios rankinio profiliavimo technologijos priskiriama prie labai patvari\u0173, netgi ilgaam\u017ei\u0173 bald\u0173. Ji puikiai atrodys tiek moderniuose, tiek klasikiniuose namuose, tiek restorane ar originaliuose sve\u010di\u0173 namuose. K\u0117d\u0117 \u017eavi savo lengva, nesenstan\u010dia forma. Produkto \u201eWizard\u201c panaudoti med\u017eio spalv\u0173 trafaretai ir nat\u016bralios odos bei apmu\u0161al\u0173 audini\u0173 trafaretai.<\/p>","protected":false},"excerpt":{"rendered":"<p><strong>Produkto parametrai<\/strong><\/p>\n<p>Plotis: 60 cm<br \/>\nGylis: 60 cm<br \/>\nAuk\u0161tis: 83 cm<br \/>\nS\u0117dyn\u0117s auk\u0161tis: 46 cm<br \/>\nBald\u0173 spalva: pasirinkti gaminio vedlyje<br \/>\nKoja: tvirta buko mediena<br \/>\nStilius: Klasikinis<br \/>\nMed\u017eiaga: med\u017eio masyvas \/ rotangas \/ fanera<br \/>\nPorankiai: Taip<br \/>\nGarantija: 2 metai<\/p>","protected":false},"featured_media":102360,"comment_status":"open","ping_status":"closed","template":"","meta":[],"product_brand":[],"product_cat":[1930,2256],"product_tag":[],"class_list":{"0":"post-110380","1":"product","2":"type-product","3":"status-publish","4":"has-post-thumbnail","6":"product_cat-chairs","7":"product_cat-fameg","9":"first","10":"instock","11":"shipping-taxable","12":"product-type-grouped"},"_links":{"self":[{"href":"https:\/\/baldumarket.lt\/lt\/wp-json\/wp\/v2\/product\/110380","targetHints":{"allow":["GET"]}}],"collection":[{"href":"https:\/\/baldumarket.lt\/lt\/wp-json\/wp\/v2\/product"}],"about":[{"href":"https:\/\/baldumarket.lt\/lt\/wp-json\/wp\/v2\/types\/product"}],"replies":[{"embeddable":true,"href":"https:\/\/baldumarket.lt\/lt\/wp-json\/wp\/v2\/comments?post=110380"}],"wp:featuredmedia":[{"embeddable":true,"href":"https:\/\/baldumarket.lt\/lt\/wp-json\/wp\/v2\/media\/102360"}],"wp:attachment":[{"href":"https:\/\/baldumarket.lt\/lt\/wp-json\/wp\/v2\/media?parent=110380"}],"wp:term":[{"taxonomy":"product_brand","embeddable":true,"href":"https:\/\/baldumarket.lt\/lt\/wp-json\/wp\/v2\/product_brand?post=110380"},{"taxonomy":"product_cat","embeddable":true,"href":"https:\/\/baldumarket.lt\/lt\/wp-json\/wp\/v2\/product_cat?post=110380"},{"taxonomy":"product_tag","embeddable":true,"href":"https:\/\/baldumarket.lt\/lt\/wp-json\/wp\/v2\/product_tag?post=110380"}],"curies":[{"name":"wp","href":"https:\/\/api.w.org\/{rel}","templated":true}]}}