{"id":110376,"date":"2025-12-08T20:41:07","date_gmt":"2025-12-08T17:41:07","guid":{"rendered":"https:\/\/baldumarket.lt\/?post_type=product&#038;p=110376"},"modified":"2026-02-03T23:42:14","modified_gmt":"2026-02-03T20:42:14","slug":"b-811-2-fameg","status":"publish","type":"product","link":"https:\/\/baldumarket.lt\/lt\/product\/b-811-2-fameg\/","title":{"rendered":"B-811\/2 Fameg"},"content":{"rendered":"<p>Produkto apra\u0161ymas<\/p>\n<p>Unikali k\u0117d\u0117, fotelis su porankiais B-811\/2 buvo sukurtas i\u0161 auk\u0161tos kokyb\u0117s atrinktos buko medienos, kuri terminio apdorojimo b\u016bdu \u012fgavo naudingo, unikalaus baldo form\u0105. Ji turi rotango atlo\u0161\u0105 ir s\u0117dyn\u0119, pagamint\u0105 i\u0161 patvarios faneros. K\u0117d\u0117 yra ne tik labai patogi ir efektyvi, bet ir d\u0117l taikomosios technologijos, kai buko strypai yra profiliuojami rankiniu b\u016bdu, ji priskiriama prie labai patvari\u0173, netgi ilgaam\u017ei\u0173 bald\u0173. Ji puikiai atrodys tiek klasikiniuose namuose, tiek moderniame vie\u0161butyje ar restorane. K\u0117d\u0117 \u017eavi savo lengva, nesenstan\u010dia forma. Produkto vedlyje \u012fd\u0117ti spalv\u0173 trafaretai.<\/p>","protected":false},"excerpt":{"rendered":"<p><strong>Produkto parametrai<\/strong><\/p>\n<p>Plotis: 51 cm<br \/>\nGylis: 52 cm<br \/>\nAuk\u0161tis: 80 cm<br \/>\nS\u0117dyn\u0117s auk\u0161tis: 46 cm<br \/>\nBald\u0173 spalva: pasirinkti gaminio vedlyje<br \/>\nKoja: tvirta buko mediena<br \/>\nStilius: Modernus<br \/>\nMed\u017eiaga: med\u017eio masyvas \/ rotangas \/ fanera<br \/>\nPorankiai: Taip<br \/>\nGarantija: 2 metai<\/p>","protected":false},"featured_media":102226,"comment_status":"open","ping_status":"closed","template":"","meta":[],"product_brand":[],"product_cat":[1930,2256,2452],"product_tag":[],"class_list":{"0":"post-110376","1":"product","2":"type-product","3":"status-publish","4":"has-post-thumbnail","6":"product_cat-chairs","7":"product_cat-fameg","8":"product_cat-fameg-armchairs","10":"first","11":"instock","12":"shipping-taxable","13":"product-type-grouped"},"_links":{"self":[{"href":"https:\/\/baldumarket.lt\/lt\/wp-json\/wp\/v2\/product\/110376","targetHints":{"allow":["GET"]}}],"collection":[{"href":"https:\/\/baldumarket.lt\/lt\/wp-json\/wp\/v2\/product"}],"about":[{"href":"https:\/\/baldumarket.lt\/lt\/wp-json\/wp\/v2\/types\/product"}],"replies":[{"embeddable":true,"href":"https:\/\/baldumarket.lt\/lt\/wp-json\/wp\/v2\/comments?post=110376"}],"wp:featuredmedia":[{"embeddable":true,"href":"https:\/\/baldumarket.lt\/lt\/wp-json\/wp\/v2\/media\/102226"}],"wp:attachment":[{"href":"https:\/\/baldumarket.lt\/lt\/wp-json\/wp\/v2\/media?parent=110376"}],"wp:term":[{"taxonomy":"product_brand","embeddable":true,"href":"https:\/\/baldumarket.lt\/lt\/wp-json\/wp\/v2\/product_brand?post=110376"},{"taxonomy":"product_cat","embeddable":true,"href":"https:\/\/baldumarket.lt\/lt\/wp-json\/wp\/v2\/product_cat?post=110376"},{"taxonomy":"product_tag","embeddable":true,"href":"https:\/\/baldumarket.lt\/lt\/wp-json\/wp\/v2\/product_tag?post=110376"}],"curies":[{"name":"wp","href":"https:\/\/api.w.org\/{rel}","templated":true}]}}