{"id":110374,"date":"2025-12-08T20:40:46","date_gmt":"2025-12-08T17:40:46","guid":{"rendered":"https:\/\/baldumarket.lt\/?post_type=product&#038;p=110374"},"modified":"2026-02-03T23:42:14","modified_gmt":"2026-02-03T20:42:14","slug":"b-811-fameg","status":"publish","type":"product","link":"https:\/\/baldumarket.lt\/lt\/product\/b-811-fameg\/","title":{"rendered":"B-811 Fameg"},"content":{"rendered":"<p><strong>Produkto apra\u0161ymas<\/strong><\/p>\n<p>Eleganti\u0161ka k\u0117d\u0117 su porankiais \u201eFameg B-811\u201c sukurta i\u0161 lenkt\u0173, profiliuot\u0173 buko stryp\u0173, kurie, veikiami auk\u0161tos temperat\u016bros ir vandens gar\u0173, buvo modeliuojami rankiniu b\u016bdu. D\u0117l unikalios gamybos procese naudojamos technologijos k\u0117d\u0117 susideda i\u0161 nedidelio skai\u010diaus tarpusavyje sujungt\u0173 element\u0173, o tai lemia jos i\u0161skirtin\u012f patvarum\u0105 ir netgi ilgaam\u017ei\u0161kum\u0105. K\u0117d\u0117 apr\u016bpinta profiliuota, rotango atlo\u0161u, kuris puikiai palaiko juosmens stubur\u0105 ir patogiai palaiko vir\u0161utin\u0119 nugaros dal\u012f. Apatin\u0117je k\u0117d\u0117s dalyje yra pinta s\u0117dyn\u0117, o \u0161iek tiek po ja \u2013 koj\u0173 debes\u0117lis, kuris stabilizuoja ir stiprina baldo konstrukcij\u0105. K\u0117d\u0117 pagaminta pla\u010dioje spalv\u0173 palet\u0117je. Spalv\u0173 trafaretas buvo patalpintas gaminio vedlyje.<\/p>","protected":false},"excerpt":{"rendered":"<p><strong>Produkto parametrai<\/strong><\/p>\n<p>Plotis: 51 cm<br \/>\nGylis: 52 cm<br \/>\nAuk\u0161tis: 80 cm<br \/>\nS\u0117dyn\u0117s auk\u0161tis: 46 cm<br \/>\nBald\u0173 spalva: pasirinkti gaminio vedlyje<br \/>\nKoja: tvirta buko mediena<br \/>\nStilius: Modernus<br \/>\nMed\u017eiaga: med\u017eio masyvas \/ rotangas<br \/>\nPorankiai: Taip<br \/>\nGarantija: 2 metai<\/p>","protected":false},"featured_media":102154,"comment_status":"open","ping_status":"closed","template":"","meta":[],"product_brand":[],"product_cat":[1930,2256,2452],"product_tag":[],"class_list":{"0":"post-110374","1":"product","2":"type-product","3":"status-publish","4":"has-post-thumbnail","6":"product_cat-chairs","7":"product_cat-fameg","8":"product_cat-fameg-armchairs","10":"first","11":"instock","12":"shipping-taxable","13":"product-type-grouped"},"_links":{"self":[{"href":"https:\/\/baldumarket.lt\/lt\/wp-json\/wp\/v2\/product\/110374","targetHints":{"allow":["GET"]}}],"collection":[{"href":"https:\/\/baldumarket.lt\/lt\/wp-json\/wp\/v2\/product"}],"about":[{"href":"https:\/\/baldumarket.lt\/lt\/wp-json\/wp\/v2\/types\/product"}],"replies":[{"embeddable":true,"href":"https:\/\/baldumarket.lt\/lt\/wp-json\/wp\/v2\/comments?post=110374"}],"wp:featuredmedia":[{"embeddable":true,"href":"https:\/\/baldumarket.lt\/lt\/wp-json\/wp\/v2\/media\/102154"}],"wp:attachment":[{"href":"https:\/\/baldumarket.lt\/lt\/wp-json\/wp\/v2\/media?parent=110374"}],"wp:term":[{"taxonomy":"product_brand","embeddable":true,"href":"https:\/\/baldumarket.lt\/lt\/wp-json\/wp\/v2\/product_brand?post=110374"},{"taxonomy":"product_cat","embeddable":true,"href":"https:\/\/baldumarket.lt\/lt\/wp-json\/wp\/v2\/product_cat?post=110374"},{"taxonomy":"product_tag","embeddable":true,"href":"https:\/\/baldumarket.lt\/lt\/wp-json\/wp\/v2\/product_tag?post=110374"}],"curies":[{"name":"wp","href":"https:\/\/api.w.org\/{rel}","templated":true}]}}