{"id":110370,"date":"2025-12-08T20:40:45","date_gmt":"2025-12-08T17:40:45","guid":{"rendered":"https:\/\/baldumarket.lt\/?post_type=product&#038;p=110370"},"modified":"2026-02-03T23:42:15","modified_gmt":"2026-02-03T20:42:15","slug":"b-1110-fameg","status":"publish","type":"product","link":"https:\/\/baldumarket.lt\/lt\/product\/b-1110-fameg\/","title":{"rendered":"B-1110 Fameg"},"content":{"rendered":"<p><strong>Produkto apra\u0161ymas<\/strong><\/p>\n<p>Jei ie\u0161kote klasikin\u0117s k\u0117d\u0117s su porankiais, pagamintos tradiciniu, kaimi\u0161ku stiliumi, turime jums puik\u0173 pasi\u016blym\u0105 \u2013 tai k\u0117d\u0117 B-1110. Baldas pagamintas i\u0161 auk\u0161tos kokyb\u0117s gamybos med\u017eiag\u0173, tod\u0117l yra patvarus ir nepakei\u010diamos formos. K\u0117d\u0117 turi faneros s\u0117dyn\u0119 ir profiliuot\u0105 atlo\u0161\u0105, kuris puikiai palaiko nugar\u0105. Baldas taip pat puikiai tiks kaip restorano k\u0117d\u0117. Produkto vedlyje \u012fd\u0117ti med\u017eio spalvos trafaretai.<\/p>","protected":false},"excerpt":{"rendered":"<p><strong>Produkto parametrai<\/strong><\/p>\n<p>Plotis: 55 cm<br \/>\nGylis: 46 cm<br \/>\nAuk\u0161tis: 75 cm<br \/>\nS\u0117dyn\u0117s auk\u0161tis: 46 cm<br \/>\nBald\u0173 spalva: pasirinkti gaminio vedlyje<br \/>\nKoja: tvirta buko mediena<br \/>\nStilius: Klasikinis<br \/>\nMed\u017eiaga: med\u017eio masyvas \/ fanera<br \/>\nPorankiai: Taip<br \/>\nGarantija: 2 metai<\/p>","protected":false},"featured_media":102021,"comment_status":"open","ping_status":"closed","template":"","meta":[],"product_brand":[],"product_cat":[1930,2256,2452],"product_tag":[],"class_list":{"0":"post-110370","1":"product","2":"type-product","3":"status-publish","4":"has-post-thumbnail","6":"product_cat-chairs","7":"product_cat-fameg","8":"product_cat-fameg-armchairs","10":"first","11":"instock","12":"shipping-taxable","13":"product-type-grouped"},"_links":{"self":[{"href":"https:\/\/baldumarket.lt\/lt\/wp-json\/wp\/v2\/product\/110370","targetHints":{"allow":["GET"]}}],"collection":[{"href":"https:\/\/baldumarket.lt\/lt\/wp-json\/wp\/v2\/product"}],"about":[{"href":"https:\/\/baldumarket.lt\/lt\/wp-json\/wp\/v2\/types\/product"}],"replies":[{"embeddable":true,"href":"https:\/\/baldumarket.lt\/lt\/wp-json\/wp\/v2\/comments?post=110370"}],"wp:featuredmedia":[{"embeddable":true,"href":"https:\/\/baldumarket.lt\/lt\/wp-json\/wp\/v2\/media\/102021"}],"wp:attachment":[{"href":"https:\/\/baldumarket.lt\/lt\/wp-json\/wp\/v2\/media?parent=110370"}],"wp:term":[{"taxonomy":"product_brand","embeddable":true,"href":"https:\/\/baldumarket.lt\/lt\/wp-json\/wp\/v2\/product_brand?post=110370"},{"taxonomy":"product_cat","embeddable":true,"href":"https:\/\/baldumarket.lt\/lt\/wp-json\/wp\/v2\/product_cat?post=110370"},{"taxonomy":"product_tag","embeddable":true,"href":"https:\/\/baldumarket.lt\/lt\/wp-json\/wp\/v2\/product_tag?post=110370"}],"curies":[{"name":"wp","href":"https:\/\/api.w.org\/{rel}","templated":true}]}}