{"id":110369,"date":"2025-12-08T20:40:45","date_gmt":"2025-12-08T17:40:45","guid":{"rendered":"https:\/\/baldumarket.lt\/?post_type=product&#038;p=110369"},"modified":"2026-02-03T23:42:15","modified_gmt":"2026-02-03T20:42:15","slug":"b-10-fameg","status":"publish","type":"product","link":"https:\/\/baldumarket.lt\/lt\/product\/b-10-fameg\/","title":{"rendered":"B-10 Fameg"},"content":{"rendered":"<p><strong>Produkto apra\u0161ymas<\/strong><\/p>\n<p>\u017davinga, mink\u0161ta B-10 tipo k\u0117d\u0117 su porankiais pagaminta i\u0161 auk\u0161tos kokyb\u0117s atrinktos buko medienos, kuri terminio apdorojimo b\u016bdu \u012fgavo tinkamo naudoti baldo form\u0105. K\u0117d\u0117 ne tik labai patogi ir efektyvi, bet ir d\u0117l taikomosios rankinio profiliavimo technologijos priskiriama prie labai patvari\u0173, netgi ilgaam\u017ei\u0173 bald\u0173. Ji puikiai tiks tiek moderniuose, tiek klasikiniuose namuose, tiek restorane ar originaliuose sve\u010di\u0173 namuose. K\u0117d\u0117 \u017eavi savo lengva, nesenstan\u010dia forma. Produkto \u201eWizard\u201c k\u016brinyje dera audini\u0173, odos ir med\u017eio spalv\u0173 ra\u0161tai.<\/p>","protected":false},"excerpt":{"rendered":"<p><strong>Produkto parametrai<\/strong><\/p>\n<p>Plotis: 53 cm<br \/>\nGylis: 61 cm<br \/>\nAuk\u0161tis: 88 cm<br \/>\nS\u0117dyn\u0117s auk\u0161tis: 49 cm<br \/>\nBald\u0173 spalva: pasirinkti gaminio vedlyje<br \/>\nKoja: tvirta buko mediena<br \/>\nStilius: Klasikinis<br \/>\nMed\u017eiaga: med\u017eio masyvas \/ audinys arba oda<br \/>\nPorankiai: Taip<br \/>\nGarantija: 2 metai<\/p>","protected":false},"featured_media":101988,"comment_status":"open","ping_status":"closed","template":"","meta":[],"product_brand":[],"product_cat":[1930,2256,2452],"product_tag":[],"class_list":{"0":"post-110369","1":"product","2":"type-product","3":"status-publish","4":"has-post-thumbnail","6":"product_cat-chairs","7":"product_cat-fameg","8":"product_cat-fameg-armchairs","10":"first","11":"instock","12":"shipping-taxable","13":"product-type-grouped"},"_links":{"self":[{"href":"https:\/\/baldumarket.lt\/lt\/wp-json\/wp\/v2\/product\/110369","targetHints":{"allow":["GET"]}}],"collection":[{"href":"https:\/\/baldumarket.lt\/lt\/wp-json\/wp\/v2\/product"}],"about":[{"href":"https:\/\/baldumarket.lt\/lt\/wp-json\/wp\/v2\/types\/product"}],"replies":[{"embeddable":true,"href":"https:\/\/baldumarket.lt\/lt\/wp-json\/wp\/v2\/comments?post=110369"}],"wp:featuredmedia":[{"embeddable":true,"href":"https:\/\/baldumarket.lt\/lt\/wp-json\/wp\/v2\/media\/101988"}],"wp:attachment":[{"href":"https:\/\/baldumarket.lt\/lt\/wp-json\/wp\/v2\/media?parent=110369"}],"wp:term":[{"taxonomy":"product_brand","embeddable":true,"href":"https:\/\/baldumarket.lt\/lt\/wp-json\/wp\/v2\/product_brand?post=110369"},{"taxonomy":"product_cat","embeddable":true,"href":"https:\/\/baldumarket.lt\/lt\/wp-json\/wp\/v2\/product_cat?post=110369"},{"taxonomy":"product_tag","embeddable":true,"href":"https:\/\/baldumarket.lt\/lt\/wp-json\/wp\/v2\/product_tag?post=110369"}],"curies":[{"name":"wp","href":"https:\/\/api.w.org\/{rel}","templated":true}]}}