{"id":110367,"date":"2025-12-08T20:40:44","date_gmt":"2025-12-08T17:40:44","guid":{"rendered":"https:\/\/baldumarket.lt\/?post_type=product&#038;p=110367"},"modified":"2026-02-03T23:42:15","modified_gmt":"2026-02-03T20:42:15","slug":"avola-a-1411-fameg","status":"publish","type":"product","link":"https:\/\/baldumarket.lt\/lt\/product\/avola-a-1411-fameg\/","title":{"rendered":"Avola A-1411 Fameg"},"content":{"rendered":"<p><strong>Produkto apra\u0161ymas<\/strong><\/p>\n<p>Buko k\u0117d\u0117 \u201eAvola A-1411\u201c pasi\u017eymi pla\u010diu, kau\u0161o formos atlo\u0161u, pagamintu i\u0161 profiliuotos faneros, ir esteti\u0161ka, patogia s\u0117dyne, pastatyta ant medini\u0173 kojeli\u0173. Baldai puikiai papildys tiek klasikin\u012f, tiek labai modern\u0173 valgom\u0105j\u012f ir svetain\u0119. K\u0117d\u0117 sukurta i\u0161 auk\u0161tos kokyb\u0117s \u017ealiav\u0173, kurios garantuoja ilgalaik\u012f ir nekintam\u0105 naudojim\u0105. Projekto autorius \u2013 Andrzej L\u0119ckos, \u017eymus lenk\u0173 interjero dizaineris ir architektas. K\u0117d\u0117 pagaminta i\u0161 plataus mading\u0173 apmu\u0161al\u0173 audini\u0173 ir nat\u016bralios odos asortimento, kuri\u0173 ra\u0161tai kartu su medienos spalv\u0173 ra\u0161tais i\u0161vardyti gaminio vedlyje. Baldai taip pat yra \u0105\u017euolo versijos.<\/p>","protected":false},"excerpt":{"rendered":"<p><strong>Produkto parametrai<\/strong><\/p>\n<p>Plotis: 48 cm<br \/>\nGylis: 54 cm<br \/>\nAuk\u0161tis: 85 cm<br \/>\nS\u0117dyn\u0117s auk\u0161tis: 49 cm<br \/>\nBald\u0173 spalva: pasirinkti gaminio vedlyje<br \/>\nKoja: tvirta buko mediena<br \/>\nStilius: Modernus<br \/>\nMed\u017eiaga: med\u017eio masyvas \/ audinys arba oda<br \/>\nPorankiai: Ne<br \/>\nGarantija: 2 metai<\/p>","protected":false},"featured_media":101920,"comment_status":"open","ping_status":"closed","template":"","meta":[],"product_brand":[],"product_cat":[1930,2256,2451],"product_tag":[],"class_list":{"0":"post-110367","1":"product","2":"type-product","3":"status-publish","4":"has-post-thumbnail","6":"product_cat-chairs","7":"product_cat-fameg","8":"product_cat-fameg-chairs","10":"first","11":"instock","12":"shipping-taxable","13":"product-type-grouped"},"_links":{"self":[{"href":"https:\/\/baldumarket.lt\/lt\/wp-json\/wp\/v2\/product\/110367","targetHints":{"allow":["GET"]}}],"collection":[{"href":"https:\/\/baldumarket.lt\/lt\/wp-json\/wp\/v2\/product"}],"about":[{"href":"https:\/\/baldumarket.lt\/lt\/wp-json\/wp\/v2\/types\/product"}],"replies":[{"embeddable":true,"href":"https:\/\/baldumarket.lt\/lt\/wp-json\/wp\/v2\/comments?post=110367"}],"wp:featuredmedia":[{"embeddable":true,"href":"https:\/\/baldumarket.lt\/lt\/wp-json\/wp\/v2\/media\/101920"}],"wp:attachment":[{"href":"https:\/\/baldumarket.lt\/lt\/wp-json\/wp\/v2\/media?parent=110367"}],"wp:term":[{"taxonomy":"product_brand","embeddable":true,"href":"https:\/\/baldumarket.lt\/lt\/wp-json\/wp\/v2\/product_brand?post=110367"},{"taxonomy":"product_cat","embeddable":true,"href":"https:\/\/baldumarket.lt\/lt\/wp-json\/wp\/v2\/product_cat?post=110367"},{"taxonomy":"product_tag","embeddable":true,"href":"https:\/\/baldumarket.lt\/lt\/wp-json\/wp\/v2\/product_tag?post=110367"}],"curies":[{"name":"wp","href":"https:\/\/api.w.org\/{rel}","templated":true}]}}