{"id":110363,"date":"2025-12-08T20:40:43","date_gmt":"2025-12-08T17:40:43","guid":{"rendered":"https:\/\/baldumarket.lt\/?post_type=product&#038;p=110363"},"modified":"2026-02-03T23:42:16","modified_gmt":"2026-02-03T20:42:16","slug":"arcos-bst-1403-fameg","status":"publish","type":"product","link":"https:\/\/baldumarket.lt\/lt\/product\/arcos-bst-1403-fameg\/","title":{"rendered":"Arcos BST-1403 Fameg"},"content":{"rendered":"<p><strong>Produkto apra\u0161ymas<\/strong><\/p>\n<p>Modernus \u201eArcos BST-1403\u201c baro kr\u0117slas puikiai tinka bet kuriai moderniai virtuvei ar svetainei. Kr\u0117slui b\u016bdinga kubistin\u0117 forma, apmu\u0161ta s\u0117dyn\u0117 ir auk\u0161ta gamybos med\u017eiag\u0173 kokyb\u0117. Baldus suk\u016br\u0117 Andrzej L\u0119ckos \u2013 i\u0161skirtinis interjero architektas ir funkcini\u0173 bald\u0173 dizaineris. \u201eHoker\u201c si\u016blomas pla\u010diame mading\u0173 spalv\u0173 ir apmu\u0161al\u0173 audini\u0173 asortimente, kuri\u0173 ra\u0161tai patalpinti gaminio vedlyje.<\/p>","protected":false},"excerpt":{"rendered":"<p><strong>Produkto parametrai<\/strong><\/p>\n<p>Plotis: 48 cm<br \/>\nGylis: 51 cm<br \/>\n\u016agis: 111 cm<br \/>\nS\u0117dyn\u0117s auk\u0161tis: 77 cm<br \/>\nBald\u0173 spalva: pasirinkti gaminio vedlyje<br \/>\nKoja: tvirta buko mediena<br \/>\nStilius: Modernus<br \/>\nMed\u017eiaga: med\u017eio masyvas \/ audinys arba oda<br \/>\nPorankiai: Ne<br \/>\nGarantija: 2 metai<\/p>","protected":false},"featured_media":101788,"comment_status":"open","ping_status":"closed","template":"","meta":[],"product_brand":[],"product_cat":[2256,9119],"product_tag":[],"class_list":{"0":"post-110363","1":"product","2":"type-product","3":"status-publish","4":"has-post-thumbnail","6":"product_cat-fameg","7":"product_cat-fameg-bar-chairs","9":"first","10":"instock","11":"shipping-taxable","12":"product-type-grouped"},"_links":{"self":[{"href":"https:\/\/baldumarket.lt\/lt\/wp-json\/wp\/v2\/product\/110363","targetHints":{"allow":["GET"]}}],"collection":[{"href":"https:\/\/baldumarket.lt\/lt\/wp-json\/wp\/v2\/product"}],"about":[{"href":"https:\/\/baldumarket.lt\/lt\/wp-json\/wp\/v2\/types\/product"}],"replies":[{"embeddable":true,"href":"https:\/\/baldumarket.lt\/lt\/wp-json\/wp\/v2\/comments?post=110363"}],"wp:featuredmedia":[{"embeddable":true,"href":"https:\/\/baldumarket.lt\/lt\/wp-json\/wp\/v2\/media\/101788"}],"wp:attachment":[{"href":"https:\/\/baldumarket.lt\/lt\/wp-json\/wp\/v2\/media?parent=110363"}],"wp:term":[{"taxonomy":"product_brand","embeddable":true,"href":"https:\/\/baldumarket.lt\/lt\/wp-json\/wp\/v2\/product_brand?post=110363"},{"taxonomy":"product_cat","embeddable":true,"href":"https:\/\/baldumarket.lt\/lt\/wp-json\/wp\/v2\/product_cat?post=110363"},{"taxonomy":"product_tag","embeddable":true,"href":"https:\/\/baldumarket.lt\/lt\/wp-json\/wp\/v2\/product_tag?post=110363"}],"curies":[{"name":"wp","href":"https:\/\/api.w.org\/{rel}","templated":true}]}}