{"id":110362,"date":"2025-12-08T20:40:42","date_gmt":"2025-12-08T17:40:42","guid":{"rendered":"https:\/\/baldumarket.lt\/?post_type=product&#038;p=110362"},"modified":"2026-02-03T23:42:16","modified_gmt":"2026-02-03T20:42:16","slug":"arcos-b-1403-fameg","status":"publish","type":"product","link":"https:\/\/baldumarket.lt\/lt\/product\/arcos-b-1403-fameg\/","title":{"rendered":"Arcos B-1403 Fameg"},"content":{"rendered":"<p><strong>Produkto apra\u0161ymas<\/strong><\/p>\n<p>Jei ie\u0161kote unikalios ar net unikalios buko medienos k\u0117d\u0117s su porankiais, pasi\u017eymin\u010dios moderniu, kubistiniu dizainu, turime Jums puik\u0173 pasi\u016blym\u0105 \u2013 \u201eArcos B-1403\u201c! Baldai sukurti naudojant auk\u0161\u010diausios kokyb\u0117s \u017ealiavas, o tai garantuoja ilgalaik\u012f ir nekintam\u0105 j\u0173 naudojim\u0105. Baldai pagaminti pagal i\u0161skirtinio interjero architekto ir funkcini\u0173 bald\u0173 dizainerio Andrzejaus L\u0119ckosios dizain\u0105. K\u0117d\u0117 si\u016bloma su \u012fvairiais apmu\u0161al\u0173 audiniais ir nat\u016bralia oda. \u012e gaminio \u201eWizard\u201c rinkin\u012f \u012feina med\u017eio spalv\u0173 ir audini\u0173 trafaretai. K\u0117d\u0117 taip pat yra \u0105\u017euolo medienos versijos.<\/p>","protected":false},"excerpt":{"rendered":"<p><strong>Produkto parametrai<\/strong><\/p>\n<p>Plotis: 52 cm<br \/>\nGylis: 52 cm<br \/>\nAuk\u0161tis: 88 cm<br \/>\nS\u0117dyn\u0117s auk\u0161tis: 47 cm<br \/>\nBald\u0173 spalva: pasirinkti gaminio vedlyje<br \/>\nKoja: tvirta buko mediena<br \/>\nStilius: Modernus<br \/>\nMed\u017eiaga: med\u017eio masyvas \/ audinys arba oda<br \/>\nPorankiai: Taip<br \/>\nGarantija: 2 metai<\/p>","protected":false},"featured_media":101752,"comment_status":"open","ping_status":"closed","template":"","meta":[],"product_brand":[],"product_cat":[1930,2256,2451],"product_tag":[],"class_list":{"0":"post-110362","1":"product","2":"type-product","3":"status-publish","4":"has-post-thumbnail","6":"product_cat-chairs","7":"product_cat-fameg","8":"product_cat-fameg-chairs","10":"first","11":"instock","12":"shipping-taxable","13":"product-type-grouped"},"_links":{"self":[{"href":"https:\/\/baldumarket.lt\/lt\/wp-json\/wp\/v2\/product\/110362","targetHints":{"allow":["GET"]}}],"collection":[{"href":"https:\/\/baldumarket.lt\/lt\/wp-json\/wp\/v2\/product"}],"about":[{"href":"https:\/\/baldumarket.lt\/lt\/wp-json\/wp\/v2\/types\/product"}],"replies":[{"embeddable":true,"href":"https:\/\/baldumarket.lt\/lt\/wp-json\/wp\/v2\/comments?post=110362"}],"wp:featuredmedia":[{"embeddable":true,"href":"https:\/\/baldumarket.lt\/lt\/wp-json\/wp\/v2\/media\/101752"}],"wp:attachment":[{"href":"https:\/\/baldumarket.lt\/lt\/wp-json\/wp\/v2\/media?parent=110362"}],"wp:term":[{"taxonomy":"product_brand","embeddable":true,"href":"https:\/\/baldumarket.lt\/lt\/wp-json\/wp\/v2\/product_brand?post=110362"},{"taxonomy":"product_cat","embeddable":true,"href":"https:\/\/baldumarket.lt\/lt\/wp-json\/wp\/v2\/product_cat?post=110362"},{"taxonomy":"product_tag","embeddable":true,"href":"https:\/\/baldumarket.lt\/lt\/wp-json\/wp\/v2\/product_tag?post=110362"}],"curies":[{"name":"wp","href":"https:\/\/api.w.org\/{rel}","templated":true}]}}