{"id":110361,"date":"2025-12-08T20:40:42","date_gmt":"2025-12-08T17:40:42","guid":{"rendered":"https:\/\/baldumarket.lt\/?post_type=product&#038;p=110361"},"modified":"2026-02-03T23:42:16","modified_gmt":"2026-02-03T20:42:16","slug":"arcos-a-1403-fameg","status":"publish","type":"product","link":"https:\/\/baldumarket.lt\/lt\/product\/arcos-a-1403-fameg\/","title":{"rendered":"Arcos A-1403 Fameg"},"content":{"rendered":"<p><strong>Produkto apra\u0161ymas<\/strong><\/p>\n<p>Eleganti\u0161ka ir neabejotinai moderni k\u0117d\u0117 \u201eFameg Arcos A-1403\u201c priklauso pla\u010diai bald\u0173 linijai, kuri\u0105 sudaro k\u0117d\u0117s, foteliai, stalo \u012frankiai, stalai ir kavos staliukai. \u0160ie baldai skirti visiems, kuriems r\u016bpi i\u0161skirtinis, modernus dizainas. Kubistin\u0117 baldo forma pabr\u0117\u017eia nat\u016bral\u0173 med\u017eio konstrukcijos gro\u017e\u012f. K\u0117d\u0117 sukurta i\u0161 auk\u0161tos kokyb\u0117s \u017ealiav\u0173, kurios garantuoja ilgalaik\u012f ir nekintam\u0105 naudojim\u0105. Projekto autorius \u2013 \u017eymus lenk\u0173 interjero dizaineris ir architektas Andrzej L\u0119ckos. Baldas turi apmu\u0161t\u0105 s\u0117dyn\u0119 ir profiliuot\u0105, medin\u012f atlo\u0161\u0105, pabr\u0117\u017eiant\u012f jo charakter\u012f. K\u0117d\u0117 pagaminta i\u0161 plataus mading\u0173 apmu\u0161al\u0173 audini\u0173 ir nat\u016bralios odos asortimento, kuri\u0173 ra\u0161tai kartu su medienos spalv\u0173 ra\u0161tais i\u0161vardyti gaminio vedlyje. Baldai taip pat yra \u0105\u017euolo versijos.<\/p>","protected":false},"excerpt":{"rendered":"<p><strong>Produkto parametrai<\/strong><\/p>\n<p>Plotis: 53 cm<br \/>\nGylis: 52 cm<br \/>\nAuk\u0161tis: 88 cm<br \/>\nS\u0117dyn\u0117s auk\u0161tis: 47 cm<br \/>\nBald\u0173 spalva: pasirinkti gaminio vedlyje<br \/>\nKoja: tvirta buko mediena<br \/>\nStilius: Modernus<br \/>\nMed\u017eiaga: med\u017eio masyvas \/ audinys arba oda<br \/>\nPorankiai: Ne<br \/>\nGarantija: 2 metai<\/p>","protected":false},"featured_media":101721,"comment_status":"open","ping_status":"closed","template":"","meta":[],"product_brand":[],"product_cat":[1930,2256,2451],"product_tag":[],"class_list":{"0":"post-110361","1":"product","2":"type-product","3":"status-publish","4":"has-post-thumbnail","6":"product_cat-chairs","7":"product_cat-fameg","8":"product_cat-fameg-chairs","10":"first","11":"instock","12":"shipping-taxable","13":"product-type-grouped"},"_links":{"self":[{"href":"https:\/\/baldumarket.lt\/lt\/wp-json\/wp\/v2\/product\/110361","targetHints":{"allow":["GET"]}}],"collection":[{"href":"https:\/\/baldumarket.lt\/lt\/wp-json\/wp\/v2\/product"}],"about":[{"href":"https:\/\/baldumarket.lt\/lt\/wp-json\/wp\/v2\/types\/product"}],"replies":[{"embeddable":true,"href":"https:\/\/baldumarket.lt\/lt\/wp-json\/wp\/v2\/comments?post=110361"}],"wp:featuredmedia":[{"embeddable":true,"href":"https:\/\/baldumarket.lt\/lt\/wp-json\/wp\/v2\/media\/101721"}],"wp:attachment":[{"href":"https:\/\/baldumarket.lt\/lt\/wp-json\/wp\/v2\/media?parent=110361"}],"wp:term":[{"taxonomy":"product_brand","embeddable":true,"href":"https:\/\/baldumarket.lt\/lt\/wp-json\/wp\/v2\/product_brand?post=110361"},{"taxonomy":"product_cat","embeddable":true,"href":"https:\/\/baldumarket.lt\/lt\/wp-json\/wp\/v2\/product_cat?post=110361"},{"taxonomy":"product_tag","embeddable":true,"href":"https:\/\/baldumarket.lt\/lt\/wp-json\/wp\/v2\/product_tag?post=110361"}],"curies":[{"name":"wp","href":"https:\/\/api.w.org\/{rel}","templated":true}]}}