{"id":110360,"date":"2025-12-08T20:40:42","date_gmt":"2025-12-08T17:40:42","guid":{"rendered":"https:\/\/baldumarket.lt\/?post_type=product&#038;p=110360"},"modified":"2026-02-03T23:42:16","modified_gmt":"2026-02-03T20:42:16","slug":"arch-b-1801-fameg","status":"publish","type":"product","link":"https:\/\/baldumarket.lt\/lt\/product\/arch-b-1801-fameg\/","title":{"rendered":"Arch B-1801 Fameg"},"content":{"rendered":"<p><strong>Produkto apra\u0161ymas<\/strong><\/p>\n<p>Jei ie\u0161kote unikalios sportin\u0117s k\u0117d\u0117s su \u017eemu atlo\u0161u, turime jums puik\u0173 pasi\u016blym\u0105 \u2013 \u201eArche B-1801\u201c. D\u0117l unikalaus dizaino \u0161is baldas patenkins net ir reikliausi\u0173 vartotoj\u0173 l\u016bkes\u010dius. \u0160i nesenstanti k\u0117d\u0117 traukia ak\u012f rafinuotomis detal\u0117mis, kurios liudija apie jos presti\u017e\u0105, originalum\u0105 ir auk\u0161t\u0105 gamybos med\u017eiag\u0173 kokyb\u0119. Mink\u0161tas atlo\u0161o vidus ir patogi s\u0117dyn\u0117 si\u016blomi i\u0161 \u012fvairi\u0173 audini\u0173 ir odos. Medinis, buko medienos r\u0117mas kartu su i\u0161orine atlo\u0161o dalimi yra nuda\u017eyti \u012fvairiomis madingomis spalvomis. \u201eWizard\u201c gaminyje yra audini\u0173 ir odos trafaret\u0173, taip pat med\u017eio spalv\u0173 trafaret\u0173. K\u0117d\u0117 taip pat yra \u0105\u017euolo versijos.<\/p>","protected":false},"excerpt":{"rendered":"<p><strong>Produkto parametrai<\/strong><\/p>\n<p>Plotis: 56 cm<br \/>\nGylis: 58 cm<br \/>\nAuk\u0161tis: 81 cm<br \/>\nS\u0117dyn\u0117s auk\u0161tis: 48 cm<br \/>\nBald\u0173 spalva: pasirinkti gaminio vedlyje<br \/>\nKoja: tvirta buko mediena<br \/>\nStilius: Modernus<br \/>\nMed\u017eiaga: med\u017eio masyvas \/ audinys arba oda<br \/>\nPorankiai: Taip<br \/>\nGarantija: 2 metai<\/p>","protected":false},"featured_media":101688,"comment_status":"open","ping_status":"closed","template":"","meta":[],"product_brand":[],"product_cat":[1930,2256,2452,2451],"product_tag":[],"class_list":{"0":"post-110360","1":"product","2":"type-product","3":"status-publish","4":"has-post-thumbnail","6":"product_cat-chairs","7":"product_cat-fameg","8":"product_cat-fameg-armchairs","9":"product_cat-fameg-chairs","11":"first","12":"instock","13":"shipping-taxable","14":"product-type-grouped"},"_links":{"self":[{"href":"https:\/\/baldumarket.lt\/lt\/wp-json\/wp\/v2\/product\/110360","targetHints":{"allow":["GET"]}}],"collection":[{"href":"https:\/\/baldumarket.lt\/lt\/wp-json\/wp\/v2\/product"}],"about":[{"href":"https:\/\/baldumarket.lt\/lt\/wp-json\/wp\/v2\/types\/product"}],"replies":[{"embeddable":true,"href":"https:\/\/baldumarket.lt\/lt\/wp-json\/wp\/v2\/comments?post=110360"}],"wp:featuredmedia":[{"embeddable":true,"href":"https:\/\/baldumarket.lt\/lt\/wp-json\/wp\/v2\/media\/101688"}],"wp:attachment":[{"href":"https:\/\/baldumarket.lt\/lt\/wp-json\/wp\/v2\/media?parent=110360"}],"wp:term":[{"taxonomy":"product_brand","embeddable":true,"href":"https:\/\/baldumarket.lt\/lt\/wp-json\/wp\/v2\/product_brand?post=110360"},{"taxonomy":"product_cat","embeddable":true,"href":"https:\/\/baldumarket.lt\/lt\/wp-json\/wp\/v2\/product_cat?post=110360"},{"taxonomy":"product_tag","embeddable":true,"href":"https:\/\/baldumarket.lt\/lt\/wp-json\/wp\/v2\/product_tag?post=110360"}],"curies":[{"name":"wp","href":"https:\/\/api.w.org\/{rel}","templated":true}]}}