{"id":110359,"date":"2025-12-08T20:40:41","date_gmt":"2025-12-08T17:40:41","guid":{"rendered":"https:\/\/baldumarket.lt\/?post_type=product&#038;p=110359"},"modified":"2026-02-03T23:42:16","modified_gmt":"2026-02-03T20:42:16","slug":"arch-a-1801-fameg","status":"publish","type":"product","link":"https:\/\/baldumarket.lt\/lt\/product\/arch-a-1801-fameg\/","title":{"rendered":"Arka A-1801 Fameg"},"content":{"rendered":"<p><strong>Produkto apra\u0161ymas<\/strong><\/p>\n<p>Presti\u017ein\u0117 buko medienos k\u0117d\u0117 su pusapvaliu, i\u0161 vidaus apmu\u0161tu atlo\u0161u \u201eArch A-1801\u201c pagaminta i\u0161 rinktin\u0117s buko medienos ir faneruotos faneros, kuri garantuoja labai didel\u012f patvarum\u0105 ir formos nekintamum\u0105. Baldas skirtas visiems, kurie vertina auk\u0161t\u0105 gamybos kokyb\u0119, funkcionalum\u0105 ir original\u0173 dizain\u0105. K\u0117d\u0117 taps tikra bet kokio modernaus ir klasikinio interjero puo\u0161mena, suteikian\u010dia jam elegancijos ir subtilumo. Baldas gavo mink\u0161t\u0105, patogi\u0105, apmu\u0161t\u0105 s\u0117dyn\u0119 ir atlo\u0161\u0105, pagamintus i\u0161 \u012fvairi\u0173 mading\u0173 apmu\u0161al\u0173 audini\u0173 ir nat\u016bralios odos, kuri\u0173 ra\u0161tai kartu su spalv\u0173 ra\u0161tais buvo pritaikyti gaminyje \u201eWizard\u201c. K\u0117d\u0117 taip pat yra \u0105\u017euolo versijos.<\/p>","protected":false},"excerpt":{"rendered":"<p><strong>Produkto parametrai<\/strong><\/p>\n<p>Plotis: 49 cm<br \/>\nGylis: 56 cm<br \/>\nAuk\u0161tis: 81 cm<br \/>\nS\u0117dyn\u0117s auk\u0161tis: 48 cm<br \/>\nBald\u0173 spalva: pasirinkti gaminio vedlyje<br \/>\nKoja: tvirta buko mediena<br \/>\nStilius: Modernus<br \/>\nApdaila: med\u017eio masyvas \/ fanera \/ audinys arba eko oda<br \/>\nPorankiai: Ne<br \/>\nGarantija: 2 metai<\/p>","protected":false},"featured_media":101657,"comment_status":"open","ping_status":"closed","template":"","meta":[],"product_brand":[],"product_cat":[1930,2256,2451],"product_tag":[],"class_list":{"0":"post-110359","1":"product","2":"type-product","3":"status-publish","4":"has-post-thumbnail","6":"product_cat-chairs","7":"product_cat-fameg","8":"product_cat-fameg-chairs","10":"first","11":"instock","12":"shipping-taxable","13":"product-type-grouped"},"_links":{"self":[{"href":"https:\/\/baldumarket.lt\/lt\/wp-json\/wp\/v2\/product\/110359","targetHints":{"allow":["GET"]}}],"collection":[{"href":"https:\/\/baldumarket.lt\/lt\/wp-json\/wp\/v2\/product"}],"about":[{"href":"https:\/\/baldumarket.lt\/lt\/wp-json\/wp\/v2\/types\/product"}],"replies":[{"embeddable":true,"href":"https:\/\/baldumarket.lt\/lt\/wp-json\/wp\/v2\/comments?post=110359"}],"wp:featuredmedia":[{"embeddable":true,"href":"https:\/\/baldumarket.lt\/lt\/wp-json\/wp\/v2\/media\/101657"}],"wp:attachment":[{"href":"https:\/\/baldumarket.lt\/lt\/wp-json\/wp\/v2\/media?parent=110359"}],"wp:term":[{"taxonomy":"product_brand","embeddable":true,"href":"https:\/\/baldumarket.lt\/lt\/wp-json\/wp\/v2\/product_brand?post=110359"},{"taxonomy":"product_cat","embeddable":true,"href":"https:\/\/baldumarket.lt\/lt\/wp-json\/wp\/v2\/product_cat?post=110359"},{"taxonomy":"product_tag","embeddable":true,"href":"https:\/\/baldumarket.lt\/lt\/wp-json\/wp\/v2\/product_tag?post=110359"}],"curies":[{"name":"wp","href":"https:\/\/api.w.org\/{rel}","templated":true}]}}