{"id":110358,"date":"2025-12-08T20:40:41","date_gmt":"2025-12-08T17:40:41","guid":{"rendered":"https:\/\/baldumarket.lt\/?post_type=product&#038;p=110358"},"modified":"2026-02-03T23:42:16","modified_gmt":"2026-02-03T20:42:16","slug":"apollo-b-1228-fameg","status":"publish","type":"product","link":"https:\/\/baldumarket.lt\/lt\/product\/apollo-b-1228-fameg\/","title":{"rendered":"Apollo B-1228 Fameg"},"content":{"rendered":"<p><strong>Produkto apra\u0161ymas<\/strong><\/p>\n<p>Jei ie\u0161kote unikalios, dizainerio sukurtos k\u0117d\u0117s su \u017eemu atlo\u0161u, turime jums puik\u0173 pasi\u016blym\u0105 \u2013 \u201eApollo B-1228\u201c. D\u0117l savo ma\u017eo auk\u0161\u010dio baldai puikiai tiks ma\u017euose kambariuose. \u0160i nesenstanti k\u0117d\u0117 traukia ak\u012f platforma, mediniu r\u0117mu, kur\u012f galima da\u017eyti \u012fvairiomis patraukliomis spalvomis. K\u0117des suk\u016br\u0117 Stanis\u0142aw Charaziak, gerai \u017einomas lenk\u0173 dizaineris, bendradarbiaujantis su did\u017eiausiomis bald\u0173 gamyklomis. Spalvoti trafaretai, taip pat audini\u0173 ir odos trafaretai yra \u012ftraukti \u012f gaminio \u201eWizard\u201c rinkin\u012f.<\/p>","protected":false},"excerpt":{"rendered":"<p><strong>Produkto parametrai<\/strong><\/p>\n<p>Plotis: 59 cm<br \/>\nGylis: 59 cm<br \/>\nAuk\u0161tis: 87 cm<br \/>\nS\u0117dyn\u0117s auk\u0161tis: 48 cm<br \/>\nBald\u0173 spalva: pasirinkti gaminio vedlyje<br \/>\nKoja: tvirta buko mediena<br \/>\nStilius: Modernus<br \/>\nMed\u017eiaga: med\u017eio masyvas \/ audinys arba oda<br \/>\nPorankiai: Taip<br \/>\nGarantija: 2 metai<\/p>","protected":false},"featured_media":101623,"comment_status":"open","ping_status":"closed","template":"","meta":[],"product_brand":[],"product_cat":[1930,2256],"product_tag":[],"class_list":{"0":"post-110358","1":"product","2":"type-product","3":"status-publish","4":"has-post-thumbnail","6":"product_cat-chairs","7":"product_cat-fameg","9":"first","10":"instock","11":"shipping-taxable","12":"product-type-grouped"},"_links":{"self":[{"href":"https:\/\/baldumarket.lt\/lt\/wp-json\/wp\/v2\/product\/110358","targetHints":{"allow":["GET"]}}],"collection":[{"href":"https:\/\/baldumarket.lt\/lt\/wp-json\/wp\/v2\/product"}],"about":[{"href":"https:\/\/baldumarket.lt\/lt\/wp-json\/wp\/v2\/types\/product"}],"replies":[{"embeddable":true,"href":"https:\/\/baldumarket.lt\/lt\/wp-json\/wp\/v2\/comments?post=110358"}],"wp:featuredmedia":[{"embeddable":true,"href":"https:\/\/baldumarket.lt\/lt\/wp-json\/wp\/v2\/media\/101623"}],"wp:attachment":[{"href":"https:\/\/baldumarket.lt\/lt\/wp-json\/wp\/v2\/media?parent=110358"}],"wp:term":[{"taxonomy":"product_brand","embeddable":true,"href":"https:\/\/baldumarket.lt\/lt\/wp-json\/wp\/v2\/product_brand?post=110358"},{"taxonomy":"product_cat","embeddable":true,"href":"https:\/\/baldumarket.lt\/lt\/wp-json\/wp\/v2\/product_cat?post=110358"},{"taxonomy":"product_tag","embeddable":true,"href":"https:\/\/baldumarket.lt\/lt\/wp-json\/wp\/v2\/product_tag?post=110358"}],"curies":[{"name":"wp","href":"https:\/\/api.w.org\/{rel}","templated":true}]}}