{"id":110357,"date":"2025-12-08T20:40:41","date_gmt":"2025-12-08T17:40:41","guid":{"rendered":"https:\/\/baldumarket.lt\/?post_type=product&#038;p=110357"},"modified":"2026-02-03T23:42:16","modified_gmt":"2026-02-03T20:42:16","slug":"apollo-a-1228-fameg","status":"publish","type":"product","link":"https:\/\/baldumarket.lt\/lt\/product\/apollo-a-1228-fameg\/","title":{"rendered":"Apollo A-1228 Fameg"},"content":{"rendered":"<p><strong>Produkto apra\u0161ymas<\/strong><\/p>\n<p>Eleganti\u0161ka buko medienos k\u0117d\u0117 su apmu\u0161tu atlo\u0161u ir s\u0117dyne \u201eApollo A-1228\u201c pagaminta i\u0161 rinktin\u0117s buko medienos ir profiliuotos faneros, kuri garantuoja patvarum\u0105 ir formos pastovum\u0105 daugel\u012f met\u0173. \u0160ie baldai skirti visiems, kurie vertina auk\u0161t\u0105 gamybos kokyb\u0119, funkcionalum\u0105 ir original\u0173 dizain\u0105. K\u0117d\u0117 taps tikra bet kokio modernaus ir klasikinio interjero puo\u0161mena, suteikian\u010dia jam elegancijos ir subtilumo. Baldai turi mink\u0161t\u0105, patogi\u0105 platformin\u0119 s\u0117dyn\u0119 ir didel\u0119 atlo\u0161\u0105, yra pagaminti i\u0161 plataus mading\u0173 apmu\u0161al\u0173 audini\u0173 ir nat\u016bralios odos asortimento. Med\u017eiag\u0173 trafaretai kartu su lentyn\u0173 spalv\u0173 trafaretais yra \u012ftraukti \u012f gaminio vedl\u012f.<\/p>","protected":false},"excerpt":{"rendered":"<p><strong>Produkto parametrai<\/strong><\/p>\n<p>Plotis: 42 cm<br \/>\nGylis: 59 cm<br \/>\nAuk\u0161tis: 87 cm<br \/>\nS\u0117dyn\u0117s auk\u0161tis: 48 cm<br \/>\nBald\u0173 spalva: pasirinkti gaminio vedlyje<br \/>\nKoja: tvirta buko mediena<br \/>\nStilius: Modernus<br \/>\nApdaila: med\u017eio masyvas \/ fanera \/ audinys arba eko oda<br \/>\nPorankiai: Ne<br \/>\nGarantija: 2 metai<\/p>","protected":false},"featured_media":101591,"comment_status":"open","ping_status":"closed","template":"","meta":[],"product_brand":[],"product_cat":[1930,2256,2451],"product_tag":[],"class_list":{"0":"post-110357","1":"product","2":"type-product","3":"status-publish","4":"has-post-thumbnail","6":"product_cat-chairs","7":"product_cat-fameg","8":"product_cat-fameg-chairs","10":"first","11":"instock","12":"shipping-taxable","13":"product-type-grouped"},"_links":{"self":[{"href":"https:\/\/baldumarket.lt\/lt\/wp-json\/wp\/v2\/product\/110357","targetHints":{"allow":["GET"]}}],"collection":[{"href":"https:\/\/baldumarket.lt\/lt\/wp-json\/wp\/v2\/product"}],"about":[{"href":"https:\/\/baldumarket.lt\/lt\/wp-json\/wp\/v2\/types\/product"}],"replies":[{"embeddable":true,"href":"https:\/\/baldumarket.lt\/lt\/wp-json\/wp\/v2\/comments?post=110357"}],"wp:featuredmedia":[{"embeddable":true,"href":"https:\/\/baldumarket.lt\/lt\/wp-json\/wp\/v2\/media\/101591"}],"wp:attachment":[{"href":"https:\/\/baldumarket.lt\/lt\/wp-json\/wp\/v2\/media?parent=110357"}],"wp:term":[{"taxonomy":"product_brand","embeddable":true,"href":"https:\/\/baldumarket.lt\/lt\/wp-json\/wp\/v2\/product_brand?post=110357"},{"taxonomy":"product_cat","embeddable":true,"href":"https:\/\/baldumarket.lt\/lt\/wp-json\/wp\/v2\/product_cat?post=110357"},{"taxonomy":"product_tag","embeddable":true,"href":"https:\/\/baldumarket.lt\/lt\/wp-json\/wp\/v2\/product_tag?post=110357"}],"curies":[{"name":"wp","href":"https:\/\/api.w.org\/{rel}","templated":true}]}}