{"id":110356,"date":"2025-12-08T20:40:20","date_gmt":"2025-12-08T17:40:20","guid":{"rendered":"https:\/\/baldumarket.lt\/?post_type=product&#038;p=110356"},"modified":"2026-02-03T23:42:16","modified_gmt":"2026-02-03T20:42:16","slug":"amada-bst-1413-fameg","status":"publish","type":"product","link":"https:\/\/baldumarket.lt\/lt\/product\/amada-bst-1413-fameg\/","title":{"rendered":"Amada BST-1413 Fameg"},"content":{"rendered":"<p><strong>Produkto apra\u0161ymas<\/strong><\/p>\n<p>\u012esp\u016bdinga ir patogi \u201eAmanda BST-1413\u201c baro k\u0117d\u0117 su apmu\u0161ta s\u0117dyne ir atlo\u0161u puikiai tiks bet kuriai moderniai ir klasikinio stiliaus virtuvei ar svetainei. K\u0117d\u0117 pasi\u017eymi kibiro forma, apmu\u0161ta i\u0161 vidaus, o apatin\u0117je dalyje yra i\u0161lenkta juosmens atramos i\u0161pjova, suteikianti visumai jausmingo lengvumo. Baldus suk\u016br\u0117 Andrzej L\u0119ckos \u2013 i\u0161skirtinis interjero architektas ir funkcini\u0173 bald\u0173 dizaineris. \u201eHoker\u201c si\u016blomas pla\u010diame mading\u0173 spalv\u0173 ir apmu\u0161al\u0173 audini\u0173 asortimente, kuri\u0173 ra\u0161tai patalpinti gaminio \u201eWizard\u201c funkcijoje.<\/p>","protected":false},"excerpt":{"rendered":"<p><strong>Produkto parametrai<\/strong><\/p>\n<p>Plotis: 44 cm<br \/>\nGylis: 51 cm<br \/>\n\u016agis: 107 cm<br \/>\nS\u0117dyn\u0117s auk\u0161tis: 78 cm<br \/>\nBald\u0173 spalva: pasirinkti gaminio vedlyje<br \/>\nKoja: tvirta buko mediena<br \/>\nStilius: Modernus<br \/>\nMed\u017eiaga: med\u017eio masyvas \/ audinys arba oda<br \/>\nPorankiai: Ne<br \/>\nGarantija: 2 metai<\/p>","protected":false},"featured_media":101558,"comment_status":"open","ping_status":"closed","template":"","meta":[],"product_brand":[],"product_cat":[1930,2256,9119],"product_tag":[],"class_list":{"0":"post-110356","1":"product","2":"type-product","3":"status-publish","4":"has-post-thumbnail","6":"product_cat-chairs","7":"product_cat-fameg","8":"product_cat-fameg-bar-chairs","10":"first","11":"instock","12":"shipping-taxable","13":"product-type-grouped"},"_links":{"self":[{"href":"https:\/\/baldumarket.lt\/lt\/wp-json\/wp\/v2\/product\/110356","targetHints":{"allow":["GET"]}}],"collection":[{"href":"https:\/\/baldumarket.lt\/lt\/wp-json\/wp\/v2\/product"}],"about":[{"href":"https:\/\/baldumarket.lt\/lt\/wp-json\/wp\/v2\/types\/product"}],"replies":[{"embeddable":true,"href":"https:\/\/baldumarket.lt\/lt\/wp-json\/wp\/v2\/comments?post=110356"}],"wp:featuredmedia":[{"embeddable":true,"href":"https:\/\/baldumarket.lt\/lt\/wp-json\/wp\/v2\/media\/101558"}],"wp:attachment":[{"href":"https:\/\/baldumarket.lt\/lt\/wp-json\/wp\/v2\/media?parent=110356"}],"wp:term":[{"taxonomy":"product_brand","embeddable":true,"href":"https:\/\/baldumarket.lt\/lt\/wp-json\/wp\/v2\/product_brand?post=110356"},{"taxonomy":"product_cat","embeddable":true,"href":"https:\/\/baldumarket.lt\/lt\/wp-json\/wp\/v2\/product_cat?post=110356"},{"taxonomy":"product_tag","embeddable":true,"href":"https:\/\/baldumarket.lt\/lt\/wp-json\/wp\/v2\/product_tag?post=110356"}],"curies":[{"name":"wp","href":"https:\/\/api.w.org\/{rel}","templated":true}]}}