{"id":110354,"date":"2025-12-08T20:40:19","date_gmt":"2025-12-08T17:40:19","guid":{"rendered":"https:\/\/baldumarket.lt\/?post_type=product&#038;p=110354"},"modified":"2026-02-03T23:42:17","modified_gmt":"2026-02-03T20:42:17","slug":"alora-bst-1412-fameg","status":"publish","type":"product","link":"https:\/\/baldumarket.lt\/lt\/product\/alora-bst-1412-fameg\/","title":{"rendered":"Alora BST-1412 Fameg"},"content":{"rendered":"<p><strong>Produkto apra\u0161ymas<\/strong><\/p>\n<p>\u012esp\u016bdingas ir patogus auk\u0161tas \u201eHocker Alora BST-1412\u201c su apmu\u0161ta s\u0117dyne ir atlo\u0161u puikiai tinka bet kuriai moderniai ir klasikinio stiliaus virtuvei ar svetainei. I\u0161pjauta atlo\u0161o dalis juosmens dalyje suteikia visai k\u0117dei lengvumo. Baldus suk\u016br\u0117 Andrzej L\u0119ckos, i\u0161skirtinis interjero architektas ir funkcini\u0173 bald\u0173 dizaineris. \u201eHoker\u201c baldus galima \u012fsigyti \u012fvairi\u0173 mading\u0173 spalv\u0173 ir apmu\u0161al\u0173 audini\u0173, kuri\u0173 ra\u0161tai patalpinti gaminio vedlyje.<\/p>","protected":false},"excerpt":{"rendered":"<p><strong>Produkto parametrai<\/strong><\/p>\n<p>Plotis: 45 cm<br \/>\nGylis: 51 cm<br \/>\n\u016agis: 106 cm<br \/>\nS\u0117dyn\u0117s auk\u0161tis: 79 cm<br \/>\nBald\u0173 spalva: pasirinkti gaminio vedlyje<br \/>\nKoja: tvirta buko mediena<br \/>\nStilius: Modernus<br \/>\nMed\u017eiaga: med\u017eio masyvas \/ audinys arba oda<br \/>\nPorankiai: Ne<br \/>\nGarantija: 2 metai<\/p>","protected":false},"featured_media":101493,"comment_status":"open","ping_status":"closed","template":"","meta":[],"product_brand":[],"product_cat":[1930,2256,9119],"product_tag":[],"class_list":{"0":"post-110354","1":"product","2":"type-product","3":"status-publish","4":"has-post-thumbnail","6":"product_cat-chairs","7":"product_cat-fameg","8":"product_cat-fameg-bar-chairs","10":"first","11":"instock","12":"shipping-taxable","13":"product-type-grouped"},"_links":{"self":[{"href":"https:\/\/baldumarket.lt\/lt\/wp-json\/wp\/v2\/product\/110354","targetHints":{"allow":["GET"]}}],"collection":[{"href":"https:\/\/baldumarket.lt\/lt\/wp-json\/wp\/v2\/product"}],"about":[{"href":"https:\/\/baldumarket.lt\/lt\/wp-json\/wp\/v2\/types\/product"}],"replies":[{"embeddable":true,"href":"https:\/\/baldumarket.lt\/lt\/wp-json\/wp\/v2\/comments?post=110354"}],"wp:featuredmedia":[{"embeddable":true,"href":"https:\/\/baldumarket.lt\/lt\/wp-json\/wp\/v2\/media\/101493"}],"wp:attachment":[{"href":"https:\/\/baldumarket.lt\/lt\/wp-json\/wp\/v2\/media?parent=110354"}],"wp:term":[{"taxonomy":"product_brand","embeddable":true,"href":"https:\/\/baldumarket.lt\/lt\/wp-json\/wp\/v2\/product_brand?post=110354"},{"taxonomy":"product_cat","embeddable":true,"href":"https:\/\/baldumarket.lt\/lt\/wp-json\/wp\/v2\/product_cat?post=110354"},{"taxonomy":"product_tag","embeddable":true,"href":"https:\/\/baldumarket.lt\/lt\/wp-json\/wp\/v2\/product_tag?post=110354"}],"curies":[{"name":"wp","href":"https:\/\/api.w.org\/{rel}","templated":true}]}}