{"id":110352,"date":"2025-12-08T20:40:19","date_gmt":"2025-12-08T17:40:19","guid":{"rendered":"https:\/\/baldumarket.lt\/?post_type=product&#038;p=110352"},"modified":"2026-02-03T23:42:17","modified_gmt":"2026-02-03T20:42:17","slug":"akka-bst-0336-fameg","status":"publish","type":"product","link":"https:\/\/baldumarket.lt\/lt\/product\/akka-bst-0336-fameg\/","title":{"rendered":"Akka BST-0336 Fameg"},"content":{"rendered":"<p><strong>Produkto apra\u0161ymas<\/strong><\/p>\n<p>\u201eHocker BST-9739\/80 Akka\u201c puikiai dera bet kurioje modernioje virtuv\u0117je ir svetain\u0117je. Baldus suk\u016br\u0117 Stanis\u0142aw Charaziak, daugelio tarptautini\u0173 apdovanojim\u0173 ir i\u0161skirtinum\u0173 laureatas, kuris specializuojasi gyvenam\u0173j\u0173 bald\u0173 projektavime did\u017eiausiems pasaulio gamintojams. \u201eHoker\u201c buvo sukurtas i\u0161 auk\u0161tos kokyb\u0117s gamybos med\u017eiag\u0173, tod\u0117l jis yra labai patvarus ir nekintamos formos. Minimalistinis dizainas pabr\u0117\u0161 lofto stiliaus, minimalistinio ir labai modernaus kambario charakter\u012f. \u201eHoker\u201c yra \u012fvairi\u0173 mading\u0173 spalv\u0173, kuri\u0173 ra\u0161tai pateikiami gaminio vedlyje.<\/p>\n<p>&nbsp;<\/p>","protected":false},"excerpt":{"rendered":"<p><strong>Produkto parametrai<\/strong><\/p>\n<p>Plotis: 49 cm<br \/>\nGylis: 54 cm<br \/>\n\u016agis: 109 cm<br \/>\nS\u0117dyn\u0117s auk\u0161tis: 74 cm<br \/>\nBald\u0173 spalva: pasirinkti gaminio vedlyje<br \/>\nKoja: tvirta buko mediena<br \/>\nStilius: Modernus<br \/>\nMed\u017eiaga: med\u017eio masyvas \/ fanera<br \/>\nPorankiai: Ne<br \/>\nGarantija: 2 metai<\/p>","protected":false},"featured_media":101428,"comment_status":"open","ping_status":"closed","template":"","meta":[],"product_brand":[],"product_cat":[1930,2256,9119],"product_tag":[],"class_list":{"0":"post-110352","1":"product","2":"type-product","3":"status-publish","4":"has-post-thumbnail","6":"product_cat-chairs","7":"product_cat-fameg","8":"product_cat-fameg-bar-chairs","10":"first","11":"instock","12":"shipping-taxable","13":"product-type-grouped"},"_links":{"self":[{"href":"https:\/\/baldumarket.lt\/lt\/wp-json\/wp\/v2\/product\/110352","targetHints":{"allow":["GET"]}}],"collection":[{"href":"https:\/\/baldumarket.lt\/lt\/wp-json\/wp\/v2\/product"}],"about":[{"href":"https:\/\/baldumarket.lt\/lt\/wp-json\/wp\/v2\/types\/product"}],"replies":[{"embeddable":true,"href":"https:\/\/baldumarket.lt\/lt\/wp-json\/wp\/v2\/comments?post=110352"}],"wp:featuredmedia":[{"embeddable":true,"href":"https:\/\/baldumarket.lt\/lt\/wp-json\/wp\/v2\/media\/101428"}],"wp:attachment":[{"href":"https:\/\/baldumarket.lt\/lt\/wp-json\/wp\/v2\/media?parent=110352"}],"wp:term":[{"taxonomy":"product_brand","embeddable":true,"href":"https:\/\/baldumarket.lt\/lt\/wp-json\/wp\/v2\/product_brand?post=110352"},{"taxonomy":"product_cat","embeddable":true,"href":"https:\/\/baldumarket.lt\/lt\/wp-json\/wp\/v2\/product_cat?post=110352"},{"taxonomy":"product_tag","embeddable":true,"href":"https:\/\/baldumarket.lt\/lt\/wp-json\/wp\/v2\/product_tag?post=110352"}],"curies":[{"name":"wp","href":"https:\/\/api.w.org\/{rel}","templated":true}]}}