{"id":110349,"date":"2025-12-08T20:40:18","date_gmt":"2025-12-08T17:40:18","guid":{"rendered":"https:\/\/baldumarket.lt\/?post_type=product&#038;p=110349"},"modified":"2026-02-03T23:42:17","modified_gmt":"2026-02-03T20:42:17","slug":"a-8810-2-fameg","status":"publish","type":"product","link":"https:\/\/baldumarket.lt\/lt\/product\/a-8810-2-fameg\/","title":{"rendered":"A-8810\/2 Fameg"},"content":{"rendered":"<p>Klasikinis A-8810 k\u0117d\u0117s modelis pagamintas i\u0161 tradicin\u0117s rankomis lenktos buko medienos. Atlo\u0161as pagamintas i\u0161 plok\u0161\u010di\u0173 medini\u0173 lenteli\u0173. Originalus modelis buvo sukurtas 1895 m.<\/p>","protected":false},"excerpt":{"rendered":"<p>Klasikinis A-8810 k\u0117d\u0117s modelis pagamintas i\u0161 tradicin\u0117s rankomis lenktos buko medienos. Atlo\u0161as pagamintas i\u0161 plok\u0161\u010di\u0173 medini\u0173 lenteli\u0173. Originalus modelis buvo sukurtas 1895 m.<\/p>","protected":false},"featured_media":101331,"comment_status":"open","ping_status":"closed","template":"","meta":[],"product_brand":[],"product_cat":[1930,2256],"product_tag":[],"class_list":{"0":"post-110349","1":"product","2":"type-product","3":"status-publish","4":"has-post-thumbnail","6":"product_cat-chairs","7":"product_cat-fameg","9":"first","10":"instock","11":"shipping-taxable","12":"product-type-grouped"},"_links":{"self":[{"href":"https:\/\/baldumarket.lt\/lt\/wp-json\/wp\/v2\/product\/110349","targetHints":{"allow":["GET"]}}],"collection":[{"href":"https:\/\/baldumarket.lt\/lt\/wp-json\/wp\/v2\/product"}],"about":[{"href":"https:\/\/baldumarket.lt\/lt\/wp-json\/wp\/v2\/types\/product"}],"replies":[{"embeddable":true,"href":"https:\/\/baldumarket.lt\/lt\/wp-json\/wp\/v2\/comments?post=110349"}],"wp:featuredmedia":[{"embeddable":true,"href":"https:\/\/baldumarket.lt\/lt\/wp-json\/wp\/v2\/media\/101331"}],"wp:attachment":[{"href":"https:\/\/baldumarket.lt\/lt\/wp-json\/wp\/v2\/media?parent=110349"}],"wp:term":[{"taxonomy":"product_brand","embeddable":true,"href":"https:\/\/baldumarket.lt\/lt\/wp-json\/wp\/v2\/product_brand?post=110349"},{"taxonomy":"product_cat","embeddable":true,"href":"https:\/\/baldumarket.lt\/lt\/wp-json\/wp\/v2\/product_cat?post=110349"},{"taxonomy":"product_tag","embeddable":true,"href":"https:\/\/baldumarket.lt\/lt\/wp-json\/wp\/v2\/product_tag?post=110349"}],"curies":[{"name":"wp","href":"https:\/\/api.w.org\/{rel}","templated":true}]}}