{"id":110346,"date":"2025-12-08T20:40:17","date_gmt":"2025-12-08T17:40:17","guid":{"rendered":"https:\/\/baldumarket.lt\/?post_type=product&#038;p=110346"},"modified":"2026-02-03T23:42:18","modified_gmt":"2026-02-03T20:42:18","slug":"a-8145-14-fameg","status":"publish","type":"product","link":"https:\/\/baldumarket.lt\/lt\/product\/a-8145-14-fameg\/","title":{"rendered":"A-8145\/14 Fameg"},"content":{"rendered":"<p><strong>Produkto apra\u0161ymas<\/strong><\/p>\n<p>I\u0161lenkta mink\u0161ta k\u0117d\u0117 A-8145\/14 pagaminta i\u0161 rinktin\u0117s buko medienos, kuri terminio apdorojimo b\u016bdu \u012fgavo unikali\u0105 form\u0105. K\u0117d\u0117 ne tik labai patogi ir efektyvi, bet ir d\u0117l taikomosios rankinio profiliavimo technologijos priskiriama prie labai patvari\u0173, netgi ilgaam\u017ei\u0173 bald\u0173. Ji puikiai atrodys tiek moderniuose, tiek klasikiniuose namuose, tiek restorane ar originaliuose sve\u010di\u0173 namuose. K\u0117d\u0117 \u017eavi savo lengva, nesenstan\u010dia forma ir rafinuotomis detal\u0117mis. Baldai gavo mink\u0161t\u0105, patogi\u0105, mink\u0161t\u0105 s\u0117dyn\u0119, pasi\u016bt\u0105 i\u0161 \u012fvairi\u0173 mading\u0173 apmu\u0161al\u0173 audini\u0173 ir nat\u016bralios odos, kuri\u0173 ra\u0161tai buvo paskelbti gamini\u0173 vedlyje.<\/p>","protected":false},"excerpt":{"rendered":"<p><strong>Produkto parametrai<\/strong><\/p>\n<p>Plotis: 44 cm<br \/>\nGylis: 45 cm<br \/>\nAuk\u0161tis: 87 cm<br \/>\nS\u0117dyn\u0117s auk\u0161tis: 48 cm<br \/>\nBald\u0173 spalva: pasirinkti gaminio vedlyje<br \/>\nKoja: tvirta buko mediena<br \/>\nStilius: Klasikinis<br \/>\nMed\u017eiaga: med\u017eio masyvas \/ audinys arba oda<br \/>\nPorankiai: Ne<br \/>\nGarantija: 2 metai<\/p>","protected":false},"featured_media":101234,"comment_status":"open","ping_status":"closed","template":"","meta":[],"product_brand":[],"product_cat":[1930,2256,2451],"product_tag":[],"class_list":{"0":"post-110346","1":"product","2":"type-product","3":"status-publish","4":"has-post-thumbnail","6":"product_cat-chairs","7":"product_cat-fameg","8":"product_cat-fameg-chairs","10":"first","11":"instock","12":"shipping-taxable","13":"product-type-grouped"},"_links":{"self":[{"href":"https:\/\/baldumarket.lt\/lt\/wp-json\/wp\/v2\/product\/110346","targetHints":{"allow":["GET"]}}],"collection":[{"href":"https:\/\/baldumarket.lt\/lt\/wp-json\/wp\/v2\/product"}],"about":[{"href":"https:\/\/baldumarket.lt\/lt\/wp-json\/wp\/v2\/types\/product"}],"replies":[{"embeddable":true,"href":"https:\/\/baldumarket.lt\/lt\/wp-json\/wp\/v2\/comments?post=110346"}],"wp:featuredmedia":[{"embeddable":true,"href":"https:\/\/baldumarket.lt\/lt\/wp-json\/wp\/v2\/media\/101234"}],"wp:attachment":[{"href":"https:\/\/baldumarket.lt\/lt\/wp-json\/wp\/v2\/media?parent=110346"}],"wp:term":[{"taxonomy":"product_brand","embeddable":true,"href":"https:\/\/baldumarket.lt\/lt\/wp-json\/wp\/v2\/product_brand?post=110346"},{"taxonomy":"product_cat","embeddable":true,"href":"https:\/\/baldumarket.lt\/lt\/wp-json\/wp\/v2\/product_cat?post=110346"},{"taxonomy":"product_tag","embeddable":true,"href":"https:\/\/baldumarket.lt\/lt\/wp-json\/wp\/v2\/product_tag?post=110346"}],"curies":[{"name":"wp","href":"https:\/\/api.w.org\/{rel}","templated":true}]}}