{"id":110344,"date":"2025-12-08T20:40:17","date_gmt":"2025-12-08T17:40:17","guid":{"rendered":"https:\/\/baldumarket.lt\/?post_type=product&#038;p=110344"},"modified":"2026-02-03T23:42:18","modified_gmt":"2026-02-03T20:42:18","slug":"a-811-1-fameg","status":"publish","type":"product","link":"https:\/\/baldumarket.lt\/lt\/product\/a-811-1-fameg\/","title":{"rendered":"A-811\/1 Fameg"},"content":{"rendered":"<p><strong>Produkto apra\u0161ymas<\/strong><\/p>\n<p>K\u0117d\u0117 A-811\/1 sukurta i\u0161 lenkt\u0173, profiliuot\u0173 buko stryp\u0173, kurie, veikiami auk\u0161tos temperat\u016bros ir vandens gar\u0173, yra modeliuojami rankiniu b\u016bdu. D\u0117l unikalios gamybos procese naudojamos technologijos baldas buvo sukurtas i\u0161 nedidelio skai\u010diaus sujungt\u0173 element\u0173, o tai lemia jo i\u0161skirtin\u012f ilgaam\u017ei\u0161kum\u0105. K\u0117d\u0117 turi profiliuot\u0105, rotango atlo\u0161\u0105, kuris puikiai palaiko juosmens stubur\u0105 ir patogiai palaiko vir\u0161utin\u0119 nugaros dal\u012f. Apatin\u0117je komplekto dalyje yra debes\u0173 jungtis tarp koj\u0173, kuri stabilizuoja ir sustiprina baldo konstrukcij\u0105. K\u0117d\u0117 pagaminta i\u0161 pla\u010dios spalv\u0173 palet\u0117s ir patraukli\u0173 apmu\u0161al\u0173 med\u017eiag\u0173. Spalv\u0173 trafaretas bei tekstil\u0117s ir odos trafaretai yra \u012ftraukti \u012f gaminio vedl\u012f.<\/p>","protected":false},"excerpt":{"rendered":"<p><strong>Produkto parametrai<\/strong><\/p>\n<p>Plotis: 44 cm<br \/>\nGylis: 52 cm<br \/>\nAuk\u0161tis: 80 cm<br \/>\nS\u0117dyn\u0117s auk\u0161tis: 49 cm<br \/>\nBald\u0173 spalva: pasirinkti gaminio vedlyje<br \/>\nKoja: tvirta buko mediena<br \/>\nStilius: Modernus<br \/>\nApdaila: med\u017eio masyvas \/ rotangas \/ audinys arba oda<br \/>\nPorankiai: Ne<br \/>\nGarantija: 2 metai<\/p>","protected":false},"featured_media":101167,"comment_status":"open","ping_status":"closed","template":"","meta":[],"product_brand":[],"product_cat":[1930,2256,2451],"product_tag":[],"class_list":{"0":"post-110344","1":"product","2":"type-product","3":"status-publish","4":"has-post-thumbnail","6":"product_cat-chairs","7":"product_cat-fameg","8":"product_cat-fameg-chairs","10":"first","11":"instock","12":"shipping-taxable","13":"product-type-grouped"},"_links":{"self":[{"href":"https:\/\/baldumarket.lt\/lt\/wp-json\/wp\/v2\/product\/110344","targetHints":{"allow":["GET"]}}],"collection":[{"href":"https:\/\/baldumarket.lt\/lt\/wp-json\/wp\/v2\/product"}],"about":[{"href":"https:\/\/baldumarket.lt\/lt\/wp-json\/wp\/v2\/types\/product"}],"replies":[{"embeddable":true,"href":"https:\/\/baldumarket.lt\/lt\/wp-json\/wp\/v2\/comments?post=110344"}],"wp:featuredmedia":[{"embeddable":true,"href":"https:\/\/baldumarket.lt\/lt\/wp-json\/wp\/v2\/media\/101167"}],"wp:attachment":[{"href":"https:\/\/baldumarket.lt\/lt\/wp-json\/wp\/v2\/media?parent=110344"}],"wp:term":[{"taxonomy":"product_brand","embeddable":true,"href":"https:\/\/baldumarket.lt\/lt\/wp-json\/wp\/v2\/product_brand?post=110344"},{"taxonomy":"product_cat","embeddable":true,"href":"https:\/\/baldumarket.lt\/lt\/wp-json\/wp\/v2\/product_cat?post=110344"},{"taxonomy":"product_tag","embeddable":true,"href":"https:\/\/baldumarket.lt\/lt\/wp-json\/wp\/v2\/product_tag?post=110344"}],"curies":[{"name":"wp","href":"https:\/\/api.w.org\/{rel}","templated":true}]}}