{"id":110341,"date":"2025-12-08T20:40:16","date_gmt":"2025-12-08T17:40:16","guid":{"rendered":"https:\/\/baldumarket.lt\/?post_type=product&#038;p=110341"},"modified":"2026-02-03T23:42:19","modified_gmt":"2026-02-03T20:42:19","slug":"a-788-fan-fameg","status":"publish","type":"product","link":"https:\/\/baldumarket.lt\/lt\/product\/a-788-fan-fameg\/","title":{"rendered":"A-788 FAN Fameg"},"content":{"rendered":"<p><strong>Produkto apra\u0161ymas<\/strong><\/p>\n<p>Jei ie\u0161kote unikalios, \u017eemos k\u0117d\u0117s su ai\u0161kiu kaimi\u0161ku charakteriu, turime Jums puik\u0173 pasi\u016blym\u0105 \u2013 tai A-788 FAN k\u0117d\u0117. D\u0117l vidutinio atlo\u0161o auk\u0161\u010dio \u0161is baldas puikiai tinka ma\u017eose svetain\u0117se ir kambariuose, taip pat sve\u010di\u0173 namuose ar skoningai \u012frengtuose restoranuose. \u0160i nesenstanti k\u0117d\u0117 traukia ak\u012f lengva forma, kuri\u0105 pabr\u0117\u017eia v\u0117duokl\u0117s formos atlo\u0161o vidaus u\u017epildas. Baldai pagaminti naudojant pla\u010di\u0105 spalv\u0173 palet\u0119 ir patrauklias apmu\u0161al\u0173 med\u017eiagas. Spalv\u0173 trafaretas bei tekstil\u0117s ir odos trafaretai yra \u012ftraukti \u012f gaminio \u201eWizard\u201c rinkin\u012f.<\/p>","protected":false},"excerpt":{"rendered":"<p><strong>Produkto parametrai<\/strong><\/p>\n<p>Plotis: 45 cm<br \/>\nGylis: 48 cm<br \/>\nAuk\u0161tis: 79 cm<br \/>\nS\u0117dyn\u0117s auk\u0161tis: 49 cm<br \/>\nBald\u0173 spalva: pasirinkti gaminio vedlyje<br \/>\nKoja: tvirta buko mediena<br \/>\nStilius: Klasikinis<br \/>\nMed\u017eiaga: med\u017eio masyvas \/ audinys arba oda<br \/>\nPorankiai: Ne<br \/>\nGarantija: 2 metai<\/p>","protected":false},"featured_media":101086,"comment_status":"open","ping_status":"closed","template":"","meta":[],"product_brand":[],"product_cat":[1930,2256,2451],"product_tag":[],"class_list":{"0":"post-110341","1":"product","2":"type-product","3":"status-publish","4":"has-post-thumbnail","6":"product_cat-chairs","7":"product_cat-fameg","8":"product_cat-fameg-chairs","10":"first","11":"instock","12":"shipping-taxable","13":"product-type-grouped"},"_links":{"self":[{"href":"https:\/\/baldumarket.lt\/lt\/wp-json\/wp\/v2\/product\/110341","targetHints":{"allow":["GET"]}}],"collection":[{"href":"https:\/\/baldumarket.lt\/lt\/wp-json\/wp\/v2\/product"}],"about":[{"href":"https:\/\/baldumarket.lt\/lt\/wp-json\/wp\/v2\/types\/product"}],"replies":[{"embeddable":true,"href":"https:\/\/baldumarket.lt\/lt\/wp-json\/wp\/v2\/comments?post=110341"}],"wp:featuredmedia":[{"embeddable":true,"href":"https:\/\/baldumarket.lt\/lt\/wp-json\/wp\/v2\/media\/101086"}],"wp:attachment":[{"href":"https:\/\/baldumarket.lt\/lt\/wp-json\/wp\/v2\/media?parent=110341"}],"wp:term":[{"taxonomy":"product_brand","embeddable":true,"href":"https:\/\/baldumarket.lt\/lt\/wp-json\/wp\/v2\/product_brand?post=110341"},{"taxonomy":"product_cat","embeddable":true,"href":"https:\/\/baldumarket.lt\/lt\/wp-json\/wp\/v2\/product_cat?post=110341"},{"taxonomy":"product_tag","embeddable":true,"href":"https:\/\/baldumarket.lt\/lt\/wp-json\/wp\/v2\/product_tag?post=110341"}],"curies":[{"name":"wp","href":"https:\/\/api.w.org\/{rel}","templated":true}]}}