{"id":110339,"date":"2025-12-08T20:40:15","date_gmt":"2025-12-08T17:40:15","guid":{"rendered":"https:\/\/baldumarket.lt\/?post_type=product&#038;p=110339"},"modified":"2026-02-03T23:42:19","modified_gmt":"2026-02-03T20:42:19","slug":"a-56-fameg","status":"publish","type":"product","link":"https:\/\/baldumarket.lt\/lt\/product\/a-56-fameg\/","title":{"rendered":"A-56 Fameg"},"content":{"rendered":"<p><strong>Produkto apra\u0161ymas<\/strong><\/p>\n<p>Paprasta, netgi minimalistin\u0117 i\u0161lenkto kr\u0117slo, A-56 tipo, su kieta faneros s\u0117dyne, forma, pagaminta i\u0161 auk\u0161tos kokyb\u0117s atrinktos buko medienos, kuri garantuoja auk\u0161t\u0105 ir nuolatin\u012f naudojimo standart\u0105. \u0160i unikali kr\u0117slo forma yra ne tik labai patogi, bet ir d\u0117l taikomosios technologijos, kai mediniai strypai yra lenkiami rankiniu b\u016bdu, ji priskiriama prie labai patvari\u0173 ir ilgaam\u017ei\u0173 bald\u0173. K\u0117d\u0117 puikiai tinka tiek klasikinei, tiek moderniai svetainei. \u0160ie baldai, kurie nepakl\u016bsta trumpalaik\u0117ms mados tendencijoms, yra labai pla\u010dioje spalv\u0173 gamoje. Med\u017eio spalvos trafaretas yra \u012ftrauktas \u012f gaminio vedl\u012f.<\/p>","protected":false},"excerpt":{"rendered":"<p>Produkto parametrai<\/p>\n<p>Plotis: 40 cm<br \/>\nGylis: 48 cm<br \/>\nAuk\u0161tis: 86 cm<br \/>\nS\u0117dyn\u0117s auk\u0161tis: 46 cm<br \/>\nBald\u0173 spalva: pasirinkti gaminio vedlyje<br \/>\nKoja: tvirta buko mediena<br \/>\nStilius: Klasikinis<br \/>\nMed\u017eiaga: med\u017eio masyvas \/ fanera<br \/>\nPorankiai: Ne<br \/>\nGarantija: 2 metai<\/p>","protected":false},"featured_media":101038,"comment_status":"open","ping_status":"closed","template":"","meta":[],"product_brand":[],"product_cat":[1930,2256,2451],"product_tag":[],"class_list":{"0":"post-110339","1":"product","2":"type-product","3":"status-publish","4":"has-post-thumbnail","6":"product_cat-chairs","7":"product_cat-fameg","8":"product_cat-fameg-chairs","10":"first","11":"instock","12":"shipping-taxable","13":"product-type-grouped"},"_links":{"self":[{"href":"https:\/\/baldumarket.lt\/lt\/wp-json\/wp\/v2\/product\/110339","targetHints":{"allow":["GET"]}}],"collection":[{"href":"https:\/\/baldumarket.lt\/lt\/wp-json\/wp\/v2\/product"}],"about":[{"href":"https:\/\/baldumarket.lt\/lt\/wp-json\/wp\/v2\/types\/product"}],"replies":[{"embeddable":true,"href":"https:\/\/baldumarket.lt\/lt\/wp-json\/wp\/v2\/comments?post=110339"}],"wp:featuredmedia":[{"embeddable":true,"href":"https:\/\/baldumarket.lt\/lt\/wp-json\/wp\/v2\/media\/101038"}],"wp:attachment":[{"href":"https:\/\/baldumarket.lt\/lt\/wp-json\/wp\/v2\/media?parent=110339"}],"wp:term":[{"taxonomy":"product_brand","embeddable":true,"href":"https:\/\/baldumarket.lt\/lt\/wp-json\/wp\/v2\/product_brand?post=110339"},{"taxonomy":"product_cat","embeddable":true,"href":"https:\/\/baldumarket.lt\/lt\/wp-json\/wp\/v2\/product_cat?post=110339"},{"taxonomy":"product_tag","embeddable":true,"href":"https:\/\/baldumarket.lt\/lt\/wp-json\/wp\/v2\/product_tag?post=110339"}],"curies":[{"name":"wp","href":"https:\/\/api.w.org\/{rel}","templated":true}]}}