{"id":110335,"date":"2025-12-08T20:40:14","date_gmt":"2025-12-08T17:40:14","guid":{"rendered":"https:\/\/baldumarket.lt\/?post_type=product&#038;p=110335"},"modified":"2026-02-03T23:42:20","modified_gmt":"2026-02-03T20:42:20","slug":"a-18-5-fameg","status":"publish","type":"product","link":"https:\/\/baldumarket.lt\/lt\/product\/a-18-5-fameg\/","title":{"rendered":"A-18\/5 Fameg"},"content":{"rendered":"<p><strong>Produkto apra\u0161ymas<\/strong><\/p>\n<p>Eleganti\u0161ka i\u0161lenkta k\u0117d\u0117 A18\/5 su patogia, apmu\u0161ta, mink\u0161ta s\u0117dyne ir rotango atlo\u0161u buvo pagaminta i\u0161 rinktin\u0117s buko medienos, kuri garantuoja auk\u0161t\u0105 ir nuolatin\u012f naudojimo standart\u0105. \u0160i unikali k\u0117d\u0117 yra ne tik labai patogi, bet ir d\u0117l naudojamos gamybos technologijos \u2013 rankinio lenkimo \u2013 priklauso itin patvariems ir ilgaam\u017eiams baldams. Ji puikiai tiks tiek vie\u0161ojoje erdv\u0117je, tiek bet kuriuose moderniuose namuose ar bute. \u0160i nesenstanti k\u0117d\u0117 traukia ak\u012f lengva forma, kuri niekada nei\u0161eis i\u0161 mados ir stilisti\u0161kai nepasens. Baldai gaminami i\u0161 pla\u010dios spalv\u0173 palet\u0117s ir patraukli\u0173 apmu\u0161al\u0173 med\u017eiag\u0173. Spalv\u0173 trafaretas bei tekstil\u0117s ir odos trafaretai yra \u012ftraukti \u012f gaminio vedl\u012f.<\/p>","protected":false},"excerpt":{"rendered":"<p><strong>Produkto parametrai<\/strong><\/p>\n<p>Plotis: 42 cm<br \/>\nGylis: 54 cm<br \/>\nAuk\u0161tis: 88 cm<br \/>\nS\u0117dyn\u0117s auk\u0161tis: 49 cm<br \/>\nBald\u0173 spalva: pasirinkti gaminio vedlyje<br \/>\nKoja: tvirta buko mediena<br \/>\nStilius: Klasikinis<br \/>\nApdaila: med\u017eio masyvas \/ rotangas \/ audinys arba oda<br \/>\nPorankiai: Ne<br \/>\nGarantija: 2 metai<\/p>","protected":false},"featured_media":100903,"comment_status":"open","ping_status":"closed","template":"","meta":[],"product_brand":[],"product_cat":[1930,2256,2451],"product_tag":[],"class_list":{"0":"post-110335","1":"product","2":"type-product","3":"status-publish","4":"has-post-thumbnail","6":"product_cat-chairs","7":"product_cat-fameg","8":"product_cat-fameg-chairs","10":"first","11":"instock","12":"shipping-taxable","13":"product-type-grouped"},"_links":{"self":[{"href":"https:\/\/baldumarket.lt\/lt\/wp-json\/wp\/v2\/product\/110335","targetHints":{"allow":["GET"]}}],"collection":[{"href":"https:\/\/baldumarket.lt\/lt\/wp-json\/wp\/v2\/product"}],"about":[{"href":"https:\/\/baldumarket.lt\/lt\/wp-json\/wp\/v2\/types\/product"}],"replies":[{"embeddable":true,"href":"https:\/\/baldumarket.lt\/lt\/wp-json\/wp\/v2\/comments?post=110335"}],"wp:featuredmedia":[{"embeddable":true,"href":"https:\/\/baldumarket.lt\/lt\/wp-json\/wp\/v2\/media\/100903"}],"wp:attachment":[{"href":"https:\/\/baldumarket.lt\/lt\/wp-json\/wp\/v2\/media?parent=110335"}],"wp:term":[{"taxonomy":"product_brand","embeddable":true,"href":"https:\/\/baldumarket.lt\/lt\/wp-json\/wp\/v2\/product_brand?post=110335"},{"taxonomy":"product_cat","embeddable":true,"href":"https:\/\/baldumarket.lt\/lt\/wp-json\/wp\/v2\/product_cat?post=110335"},{"taxonomy":"product_tag","embeddable":true,"href":"https:\/\/baldumarket.lt\/lt\/wp-json\/wp\/v2\/product_tag?post=110335"}],"curies":[{"name":"wp","href":"https:\/\/api.w.org\/{rel}","templated":true}]}}