{"id":110332,"date":"2025-12-08T20:40:13","date_gmt":"2025-12-08T17:40:13","guid":{"rendered":"https:\/\/baldumarket.lt\/?post_type=product&#038;p=110332"},"modified":"2026-02-03T23:42:20","modified_gmt":"2026-02-03T20:42:20","slug":"a-16-fameg","status":"publish","type":"product","link":"https:\/\/baldumarket.lt\/lt\/product\/a-16-fameg\/","title":{"rendered":"A-16 Fameg"},"content":{"rendered":"<p><strong>Produkto apra\u0161ymas<\/strong><\/p>\n<p>Ypa\u010d patraukli i\u0161lenkta A-16 tipo k\u0117d\u0117 su kieta, faneros s\u0117dyne, pagaminta i\u0161 atrinktos buko medienos, kuri garantuoja auk\u0161t\u0105 ir nuolatin\u012f naudojimo standart\u0105. \u0160i unikali k\u0117d\u0117 yra ne tik labai patogi, bet ir d\u0117l pritaikytos technologijos, pagamintos rankinio lenkimo pavidalu, priklauso itin patvariems ir ilgaam\u017eiams baldams. Ji puikiai tiks tiek vie\u0161ojoje erdv\u0117je, tiek bet kuriuose moderniuose namuose. K\u0117d\u0117 \u017eavi savo lengva, nesenstan\u010dia forma, kuri niekada nei\u0161eis i\u0161 mados. Baldai gaminami labai pla\u010diu spalv\u0173 pasirinkimu. Spalv\u0173 trafaretas yra \u012ftrauktas \u012f gaminio vedl\u012f.<\/p>","protected":false},"excerpt":{"rendered":"<p><strong>Produkto parametrai<\/strong><\/p>\n<p>Plotis: 41 cm<br \/>\nGylis: 52 cm<br \/>\nAuk\u0161tis: 88 cm<br \/>\nS\u0117dyn\u0117s auk\u0161tis: 46 cm<br \/>\nBald\u0173 spalva: pasirinkti gaminio vedlyje<br \/>\nKoja: tvirta buko mediena<br \/>\nStilius: Klasikinis<br \/>\nMed\u017eiaga: Tvirta mediena \/ fanera<br \/>\nPorankiai: Ne<br \/>\nGarantija: 2 metai<\/p>","protected":false},"featured_media":100806,"comment_status":"open","ping_status":"closed","template":"","meta":[],"product_brand":[],"product_cat":[1930,2256,2451],"product_tag":[],"class_list":{"0":"post-110332","1":"product","2":"type-product","3":"status-publish","4":"has-post-thumbnail","6":"product_cat-chairs","7":"product_cat-fameg","8":"product_cat-fameg-chairs","10":"first","11":"instock","12":"shipping-taxable","13":"product-type-grouped"},"_links":{"self":[{"href":"https:\/\/baldumarket.lt\/lt\/wp-json\/wp\/v2\/product\/110332","targetHints":{"allow":["GET"]}}],"collection":[{"href":"https:\/\/baldumarket.lt\/lt\/wp-json\/wp\/v2\/product"}],"about":[{"href":"https:\/\/baldumarket.lt\/lt\/wp-json\/wp\/v2\/types\/product"}],"replies":[{"embeddable":true,"href":"https:\/\/baldumarket.lt\/lt\/wp-json\/wp\/v2\/comments?post=110332"}],"wp:featuredmedia":[{"embeddable":true,"href":"https:\/\/baldumarket.lt\/lt\/wp-json\/wp\/v2\/media\/100806"}],"wp:attachment":[{"href":"https:\/\/baldumarket.lt\/lt\/wp-json\/wp\/v2\/media?parent=110332"}],"wp:term":[{"taxonomy":"product_brand","embeddable":true,"href":"https:\/\/baldumarket.lt\/lt\/wp-json\/wp\/v2\/product_brand?post=110332"},{"taxonomy":"product_cat","embeddable":true,"href":"https:\/\/baldumarket.lt\/lt\/wp-json\/wp\/v2\/product_cat?post=110332"},{"taxonomy":"product_tag","embeddable":true,"href":"https:\/\/baldumarket.lt\/lt\/wp-json\/wp\/v2\/product_tag?post=110332"}],"curies":[{"name":"wp","href":"https:\/\/api.w.org\/{rel}","templated":true}]}}