{"id":110330,"date":"2025-12-08T20:40:13","date_gmt":"2025-12-08T17:40:13","guid":{"rendered":"https:\/\/baldumarket.lt\/?post_type=product&#038;p=110330"},"modified":"2026-02-03T23:42:20","modified_gmt":"2026-02-03T20:42:20","slug":"a-1260-fameg","status":"publish","type":"product","link":"https:\/\/baldumarket.lt\/lt\/product\/a-1260-fameg\/","title":{"rendered":"A-1260 Fameg"},"content":{"rendered":"<p><strong>Produkto apra\u0161ymas<\/strong><\/p>\n<p>A-1260 k\u0117d\u0117 d\u0117l faneros atlo\u0161o formos da\u017enai vadinama bananine k\u0117de. Baldas pagamintas naudojant tradicin\u0119, rankinio buko medienos lenkimo ir profiliavimo technologij\u0105, d\u0117l kurios jis pasi\u017eymi i\u0161skirtiniu patvarumu ir patikimumu. \u0160is nesenstantis baldas traukia ak\u012f savo lengva ir nesenstan\u010dia forma. K\u0117d\u0117 pagaminta i\u0161 pla\u010dios spalv\u0173 palet\u0117s ir patraukli\u0173 apmu\u0161al\u0173 med\u017eiag\u0173. Spalv\u0173 trafaretas, tekstil\u0117s ir odos trafaretai yra \u012ftraukti \u012f gaminio vedl\u012f.<\/p>","protected":false},"excerpt":{"rendered":"<p><strong>Produkto parametrai<\/strong><\/p>\n<p>Plotis: 42 cm<br \/>\nGylis: 47 cm<br \/>\nAuk\u0161tis: 82 cm<br \/>\nS\u0117dyn\u0117s auk\u0161tis: 49 cm<br \/>\nBald\u0173 spalva: pasirinkti gaminio vedlyje<br \/>\nKoja: tvirta buko mediena<br \/>\nStilius: Klasikinis<br \/>\nMed\u017eiaga: med\u017eio masyvas \/ audinys arba oda<br \/>\nPorankiai: Ne<br \/>\nGarantija: 2 metai<\/p>","protected":false},"featured_media":100740,"comment_status":"open","ping_status":"closed","template":"","meta":[],"product_brand":[],"product_cat":[1930,2256,2451],"product_tag":[],"class_list":{"0":"post-110330","1":"product","2":"type-product","3":"status-publish","4":"has-post-thumbnail","6":"product_cat-chairs","7":"product_cat-fameg","8":"product_cat-fameg-chairs","10":"first","11":"instock","12":"shipping-taxable","13":"product-type-grouped"},"_links":{"self":[{"href":"https:\/\/baldumarket.lt\/lt\/wp-json\/wp\/v2\/product\/110330","targetHints":{"allow":["GET"]}}],"collection":[{"href":"https:\/\/baldumarket.lt\/lt\/wp-json\/wp\/v2\/product"}],"about":[{"href":"https:\/\/baldumarket.lt\/lt\/wp-json\/wp\/v2\/types\/product"}],"replies":[{"embeddable":true,"href":"https:\/\/baldumarket.lt\/lt\/wp-json\/wp\/v2\/comments?post=110330"}],"wp:featuredmedia":[{"embeddable":true,"href":"https:\/\/baldumarket.lt\/lt\/wp-json\/wp\/v2\/media\/100740"}],"wp:attachment":[{"href":"https:\/\/baldumarket.lt\/lt\/wp-json\/wp\/v2\/media?parent=110330"}],"wp:term":[{"taxonomy":"product_brand","embeddable":true,"href":"https:\/\/baldumarket.lt\/lt\/wp-json\/wp\/v2\/product_brand?post=110330"},{"taxonomy":"product_cat","embeddable":true,"href":"https:\/\/baldumarket.lt\/lt\/wp-json\/wp\/v2\/product_cat?post=110330"},{"taxonomy":"product_tag","embeddable":true,"href":"https:\/\/baldumarket.lt\/lt\/wp-json\/wp\/v2\/product_tag?post=110330"}],"curies":[{"name":"wp","href":"https:\/\/api.w.org\/{rel}","templated":true}]}}