{"id":110328,"date":"2025-12-08T20:40:12","date_gmt":"2025-12-08T17:40:12","guid":{"rendered":"https:\/\/baldumarket.lt\/?post_type=product&#038;p=110328"},"modified":"2026-02-03T23:42:21","modified_gmt":"2026-02-03T20:42:21","slug":"a-10-fameg","status":"publish","type":"product","link":"https:\/\/baldumarket.lt\/lt\/product\/a-10-fameg\/","title":{"rendered":"A-10 Fameg"},"content":{"rendered":"<p><strong>Produkto apra\u0161ymas<\/strong><\/p>\n<p>Presti\u017ein\u0117 A-10 k\u0117d\u0117 su apmu\u0161ta s\u0117dyne ir atlo\u0161u pagaminta i\u0161 rinktin\u0117s buko medienos, kuri garantuoja auk\u0161t\u0105 ir nuolatin\u012f naudojimo standart\u0105. \u0160i patraukli k\u0117d\u0117 yra ne tik labai patogi, bet ir d\u0117l naudojamos rankinio lenkimo technologijos priklauso itin patvariems ir ilgaam\u017eiams baldams. Ji puikiai tiks tiek moderniuose, tiek klasikiniuose namuose. K\u0117d\u0117 \u017eavi savo lengva, nesenstan\u010dia forma, kuri niekada nei\u0161eis i\u0161 mados. Baldai gaminami pla\u010dioje spalv\u0173 palet\u0117je. Spalv\u0173 ir apmu\u0161al\u0173 med\u017eiag\u0173 trafaretas buvo patalpintas gaminio vedlyje.<\/p>","protected":false},"excerpt":{"rendered":"<p><strong>Produkto parametrai<\/strong><\/p>\n<p>Plotis: 44 cm<br \/>\nGylis: 53 cm<br \/>\nAuk\u0161tis: 88 cm<br \/>\nS\u0117dyn\u0117s auk\u0161tis: 49 cm<br \/>\nBald\u0173 spalva: pasirinkti gaminio vedlyje<br \/>\nKoja: tvirta buko mediena<br \/>\nStilius: Klasikinis<br \/>\nMed\u017eiaga: med\u017eio masyvas \/ audinys arba oda<br \/>\nPorankiai: Ne<br \/>\nGarantija: 2 metai<\/p>","protected":false},"featured_media":100676,"comment_status":"open","ping_status":"closed","template":"","meta":[],"product_brand":[],"product_cat":[1930,2256,2451],"product_tag":[],"class_list":{"0":"post-110328","1":"product","2":"type-product","3":"status-publish","4":"has-post-thumbnail","6":"product_cat-chairs","7":"product_cat-fameg","8":"product_cat-fameg-chairs","10":"first","11":"instock","12":"shipping-taxable","13":"product-type-grouped"},"_links":{"self":[{"href":"https:\/\/baldumarket.lt\/lt\/wp-json\/wp\/v2\/product\/110328","targetHints":{"allow":["GET"]}}],"collection":[{"href":"https:\/\/baldumarket.lt\/lt\/wp-json\/wp\/v2\/product"}],"about":[{"href":"https:\/\/baldumarket.lt\/lt\/wp-json\/wp\/v2\/types\/product"}],"replies":[{"embeddable":true,"href":"https:\/\/baldumarket.lt\/lt\/wp-json\/wp\/v2\/comments?post=110328"}],"wp:featuredmedia":[{"embeddable":true,"href":"https:\/\/baldumarket.lt\/lt\/wp-json\/wp\/v2\/media\/100676"}],"wp:attachment":[{"href":"https:\/\/baldumarket.lt\/lt\/wp-json\/wp\/v2\/media?parent=110328"}],"wp:term":[{"taxonomy":"product_brand","embeddable":true,"href":"https:\/\/baldumarket.lt\/lt\/wp-json\/wp\/v2\/product_brand?post=110328"},{"taxonomy":"product_cat","embeddable":true,"href":"https:\/\/baldumarket.lt\/lt\/wp-json\/wp\/v2\/product_cat?post=110328"},{"taxonomy":"product_tag","embeddable":true,"href":"https:\/\/baldumarket.lt\/lt\/wp-json\/wp\/v2\/product_tag?post=110328"}],"curies":[{"name":"wp","href":"https:\/\/api.w.org\/{rel}","templated":true}]}}