{"id":110327,"date":"2025-12-08T20:40:12","date_gmt":"2025-12-08T17:40:12","guid":{"rendered":"https:\/\/baldumarket.lt\/?post_type=product&#038;p=110327"},"modified":"2026-02-03T23:42:21","modified_gmt":"2026-02-03T20:42:21","slug":"a-0919-fameg","status":"publish","type":"product","link":"https:\/\/baldumarket.lt\/lt\/product\/a-0919-fameg\/","title":{"rendered":"A-0919 Fameg"},"content":{"rendered":"<p><strong>Produkto apra\u0161ymas<\/strong><\/p>\n<p>Patrauklios, minimalistin\u0117s formos buko k\u0117d\u0117 A-0919 tipas pagaminta i\u0161 auk\u0161tos kokyb\u0117s med\u017eiag\u0173, kurios garantuoja jos patvarum\u0105 ir formos nekintam\u0105m\u0105 daugel\u012f met\u0173. Baldas turi patvari\u0105, faneros s\u0117dyn\u0119 ir auk\u0161t\u0105, profiliuot\u0105 atlo\u0161\u0105, suteikiant\u012f tvirt\u0105 atram\u0105 nugarai. K\u0117d\u0117 priklauso grie\u017etam, klasikiniam stiliui ir beveik nepakitusios formos gaminama jau beveik 200 met\u0173.<\/p>\n<p>Med\u017eio spalvos trafaretai buvo \u012fd\u0117ti \u012f gaminio vedl\u012f.<\/p>","protected":false},"excerpt":{"rendered":"<p><strong>Produkto parametrai<\/strong><\/p>\n<p>Plotis: 40 cm<br \/>\nGylis: 45 cm<br \/>\nAuk\u0161tis: 84 cm<br \/>\nS\u0117dyn\u0117s auk\u0161tis: 46 cm<br \/>\nBald\u0173 spalva: pasirinkti gaminio vedlyje<br \/>\nKoja: tvirta buko mediena<br \/>\nStilius: Klasikinis<br \/>\nMed\u017eiaga: med\u017eio masyvas \/ fanera<br \/>\nPorankiai: Ne<br \/>\nGarantija: 2 metai<\/p>","protected":false},"featured_media":100648,"comment_status":"open","ping_status":"closed","template":"","meta":[],"product_brand":[],"product_cat":[1930,2256,2451],"product_tag":[],"class_list":{"0":"post-110327","1":"product","2":"type-product","3":"status-publish","4":"has-post-thumbnail","6":"product_cat-chairs","7":"product_cat-fameg","8":"product_cat-fameg-chairs","10":"first","11":"instock","12":"shipping-taxable","13":"product-type-grouped"},"_links":{"self":[{"href":"https:\/\/baldumarket.lt\/lt\/wp-json\/wp\/v2\/product\/110327","targetHints":{"allow":["GET"]}}],"collection":[{"href":"https:\/\/baldumarket.lt\/lt\/wp-json\/wp\/v2\/product"}],"about":[{"href":"https:\/\/baldumarket.lt\/lt\/wp-json\/wp\/v2\/types\/product"}],"replies":[{"embeddable":true,"href":"https:\/\/baldumarket.lt\/lt\/wp-json\/wp\/v2\/comments?post=110327"}],"wp:featuredmedia":[{"embeddable":true,"href":"https:\/\/baldumarket.lt\/lt\/wp-json\/wp\/v2\/media\/100648"}],"wp:attachment":[{"href":"https:\/\/baldumarket.lt\/lt\/wp-json\/wp\/v2\/media?parent=110327"}],"wp:term":[{"taxonomy":"product_brand","embeddable":true,"href":"https:\/\/baldumarket.lt\/lt\/wp-json\/wp\/v2\/product_brand?post=110327"},{"taxonomy":"product_cat","embeddable":true,"href":"https:\/\/baldumarket.lt\/lt\/wp-json\/wp\/v2\/product_cat?post=110327"},{"taxonomy":"product_tag","embeddable":true,"href":"https:\/\/baldumarket.lt\/lt\/wp-json\/wp\/v2\/product_tag?post=110327"}],"curies":[{"name":"wp","href":"https:\/\/api.w.org\/{rel}","templated":true}]}}