{"id":110225,"date":"2025-12-08T11:29:43","date_gmt":"2025-12-08T08:29:43","guid":{"rendered":"https:\/\/baldumarket.lt\/?post_type=product&#038;p=110225"},"modified":"2026-04-12T00:52:17","modified_gmt":"2026-04-11T21:52:17","slug":"wilma-stk-1910-standard-gr-a","status":"publish","type":"product","link":"https:\/\/baldumarket.lt\/lt\/product\/wilma-stk-1910-standard-gr-a\/","title":{"rendered":"Wilma STK-1910 Standartinis Gr-A"},"content":{"rendered":"<p>Dizainas: Ehl\u00e9n Johansson<br \/>\n\u201eWilma\u201c kavos staliukas gim\u0117 i\u0161 susi\u017eav\u0117jimo unikalia ir i\u0161skirtine \u0161i\u0173 dien\u0173 medienos lenkimo technika. Stiklinis stalvir\u0161is u\u017etikrina, kad lengva medin\u0117 konstrukcija i\u0161likt\u0173 d\u0117mesio centre.<\/p>","protected":false},"excerpt":{"rendered":"<p>Dizainas: Ehl\u00e9n Johansson \u201eWilma\u201c kavos staliukas gim\u0117 i\u0161 susi\u017eav\u0117jimo unikalia ir i\u0161skirtine \u0161i\u0173 dien\u0173 medienos lenkimo technika. Stiklinis stalvir\u0161is u\u017etikrina, kad lengva medin\u0117 konstrukcija i\u0161likt\u0173 d\u0117mesio centre.<\/p>","protected":false},"featured_media":110243,"comment_status":"open","ping_status":"closed","template":"","meta":[],"product_brand":[],"product_cat":[9133],"product_tag":[],"class_list":{"0":"post-110225","1":"product","2":"type-product","3":"status-publish","4":"has-post-thumbnail","6":"product_cat-grouped","8":"first","9":"instock","10":"shipping-taxable","11":"product-type-variable","12":"wvs-archive-product-wrapper"},"_links":{"self":[{"href":"https:\/\/baldumarket.lt\/lt\/wp-json\/wp\/v2\/product\/110225","targetHints":{"allow":["GET"]}}],"collection":[{"href":"https:\/\/baldumarket.lt\/lt\/wp-json\/wp\/v2\/product"}],"about":[{"href":"https:\/\/baldumarket.lt\/lt\/wp-json\/wp\/v2\/types\/product"}],"replies":[{"embeddable":true,"href":"https:\/\/baldumarket.lt\/lt\/wp-json\/wp\/v2\/comments?post=110225"}],"wp:featuredmedia":[{"embeddable":true,"href":"https:\/\/baldumarket.lt\/lt\/wp-json\/wp\/v2\/media\/110243"}],"wp:attachment":[{"href":"https:\/\/baldumarket.lt\/lt\/wp-json\/wp\/v2\/media?parent=110225"}],"wp:term":[{"taxonomy":"product_brand","embeddable":true,"href":"https:\/\/baldumarket.lt\/lt\/wp-json\/wp\/v2\/product_brand?post=110225"},{"taxonomy":"product_cat","embeddable":true,"href":"https:\/\/baldumarket.lt\/lt\/wp-json\/wp\/v2\/product_cat?post=110225"},{"taxonomy":"product_tag","embeddable":true,"href":"https:\/\/baldumarket.lt\/lt\/wp-json\/wp\/v2\/product_tag?post=110225"}],"curies":[{"name":"wp","href":"https:\/\/api.w.org\/{rel}","templated":true}]}}