{"id":110221,"date":"2025-12-08T11:29:18","date_gmt":"2025-12-08T08:29:18","guid":{"rendered":"https:\/\/baldumarket.lt\/?post_type=product&#038;p=110221"},"modified":"2026-04-12T19:16:29","modified_gmt":"2026-04-12T16:16:29","slug":"wand-s-1102-1-premium-gr-l2","status":"publish","type":"product","link":"https:\/\/baldumarket.lt\/lt\/product\/wand-s-1102-1-premium-gr-l2\/","title":{"rendered":"Stick S-1102\/1 Premium Gr-L2"},"content":{"rendered":"<p>Dizainas: RD Fameg<br \/>\n\u201eWand\u201c \u2013 tai tradicin\u0117 k\u0117d\u0117, fotelis, baro k\u0117d\u0117 ir sofa, pasi\u017eyminti madingu vinta\u017einiu stiliumi. Patog\u0173 s\u0117d\u0117jim\u0105 u\u017etikrina kont\u016bruota konstrukcija, liekni, rankomis poliruoti atlo\u0161o laipteliai su i\u0161skirtiniu arkos formos skersiniu ir unikali pasagos formos s\u0117dyn\u0117. Atlo\u0161o laipteliai ir kojel\u0117s yra subtilios verpst\u0117s formos. Lygios linijos ir mink\u0161ta, plati apmu\u0161ta s\u0117dyn\u0117 u\u017etikrina komfort\u0105 ir naudojimo malonum\u0105. \u201eWand\u201c kolekcija d\u017eiugina universaliu charakteriu ir nesenstan\u010diu gro\u017eiu.<br \/>\n#meblegiete #famegkolekcijos #vintage<\/p>","protected":false},"excerpt":{"rendered":"<p>Dizainas: RD Fameg Wand \u2013 tai tradicin\u0117 k\u0117d\u0117, fotelis, baro k\u0117d\u0117 ir sofa madingo vinta\u017einio stiliaus. Patog\u0173 s\u0117d\u0117jim\u0105 u\u017etikrina kont\u016brin\u0117 konstrukcija, liekni, rankomis poliruoti atlo\u0161o laipteliai su i\u0161skirtiniu arkos formos skersiniu ir unikali pasagos formos s\u0117dyn\u0117. Atlo\u0161o laipteliai ir kojel\u0117s yra subtilios verpst\u0117s formos. Lygios linijos ir [\u2026]<\/p>","protected":false},"featured_media":110209,"comment_status":"open","ping_status":"closed","template":"","meta":[],"product_brand":[],"product_cat":[9133],"product_tag":[],"class_list":{"0":"post-110221","1":"product","2":"type-product","3":"status-publish","4":"has-post-thumbnail","6":"product_cat-grouped","8":"first","9":"instock","10":"shipping-taxable","11":"product-type-variable","12":"wvs-archive-product-wrapper"},"_links":{"self":[{"href":"https:\/\/baldumarket.lt\/lt\/wp-json\/wp\/v2\/product\/110221","targetHints":{"allow":["GET"]}}],"collection":[{"href":"https:\/\/baldumarket.lt\/lt\/wp-json\/wp\/v2\/product"}],"about":[{"href":"https:\/\/baldumarket.lt\/lt\/wp-json\/wp\/v2\/types\/product"}],"replies":[{"embeddable":true,"href":"https:\/\/baldumarket.lt\/lt\/wp-json\/wp\/v2\/comments?post=110221"}],"wp:featuredmedia":[{"embeddable":true,"href":"https:\/\/baldumarket.lt\/lt\/wp-json\/wp\/v2\/media\/110209"}],"wp:attachment":[{"href":"https:\/\/baldumarket.lt\/lt\/wp-json\/wp\/v2\/media?parent=110221"}],"wp:term":[{"taxonomy":"product_brand","embeddable":true,"href":"https:\/\/baldumarket.lt\/lt\/wp-json\/wp\/v2\/product_brand?post=110221"},{"taxonomy":"product_cat","embeddable":true,"href":"https:\/\/baldumarket.lt\/lt\/wp-json\/wp\/v2\/product_cat?post=110221"},{"taxonomy":"product_tag","embeddable":true,"href":"https:\/\/baldumarket.lt\/lt\/wp-json\/wp\/v2\/product_tag?post=110221"}],"curies":[{"name":"wp","href":"https:\/\/api.w.org\/{rel}","templated":true}]}}